{"id":124524,"date":"2022-03-15T00:00:00","date_gmt":"2022-03-15T05:00:00","guid":{"rendered":"https:\/\/gpl-love.com\/es\/producto\/paid-member-subscriptions-discount-codes-addon\/"},"modified":"2026-04-10T11:20:46","modified_gmt":"2026-04-10T16:20:46","slug":"paid-member-subscriptions-discount-codes-addon","status":"publish","type":"product","link":"https:\/\/gpl-love.com\/es\/producto\/paid-member-subscriptions-discount-codes-addon\/","title":{"rendered":"Paid Member Subscriptions Discount Codes Addon 1.3.9"},"content":{"rendered":"<h3>Paid Member Subscriptions Discount Codes Addon Caracteristicas<\/h3>\n<p>El complemento de los c\u00f3digos de descuento de suscripciones de miembros pagos, una herramienta incre\u00edblemente robusta, demuestra ser muy ventajosa para los propietarios de sitios web que aspiran a extender descuentos exclusivos a sus estimados miembros pagos. Este notable complemento facilita la creaci\u00f3n perfecta de c\u00f3digos de descuento exclusivos, monitoreando su uso, as\u00ed como establecer fechas de vencimiento para cada c\u00f3digo. Al poseer la capacidad de aprovechar los descuentos a niveles de membres\u00eda meticulosamente elegidos o grupos espec\u00edficos de miembros, los propietarios de sitios web pueden motivar sin esfuerzo a sus miembros a mejorar su suscripci\u00f3n o llevar adelante sus membres\u00eda existente. A la luz de esto, se hace evidente que los c\u00f3digos de descuento de suscripciones de miembros pagados emergen como una resoluci\u00f3n impecable para los propietarios de sitios web, ya que estimula efectivamente la retenci\u00f3n de los miembros al tiempo que fomenta simult\u00e1neamente suscripciones novedosas.<\/p>\n<ul>\n<li>C\u00f3digo de descuento f\u00e1cil de usar complemento para suscripciones de miembros pagos<\/li>\n<li>Cree c\u00f3digos de descuento ilimitados con varias opciones, como porcentaje o cantidad fija, fecha de vencimiento, l\u00edmite de uso y m\u00e1s<\/li>\n<li>Aplicar c\u00f3digos de descuento a diferentes niveles de suscripci\u00f3n o miembros espec\u00edficos<\/li>\n<li>rastrear y analizar el uso de c\u00f3digos de descuento con informes y estad\u00edsticas detallados<\/li>\n<li>Aumentar las ventas y los ingresos incentivando a los clientes potenciales con descuentos exclusivos<\/li>\n<li>Totalmente integrado con suscripciones de miembros pagos, lo que hace que la aplicaci\u00f3n de c\u00f3digo de descuento sea sin problemas para sus miembros<\/li>\n<li>Administrar y editar f\u00e1cilmente c\u00f3digos de descuento en el tablero<\/li>\n<li>complemento asequible y confiable con soporte \u00fatil del desarrollador de complementos.<\/li>\n<\/ul>\n","protected":false},"excerpt":{"rendered":"<p>El complemento de los c\u00f3digos de descuento de suscripciones de miembros pagos sirve como una herramienta altamente pr\u00e1ctica y beneficiosa, lo que permite a los propietarios de sitios web proporcionar a sus valiosos miembros pagos descuentos atractivos y ofertas promocionales. Al utilizar este notable complemento, obtiene la capacidad de generar c\u00f3digos de descuento exclusivos y distintivos que pueden ser utilizados por sus miembros estimados al momento de pagar, lo que resulta en una reducci\u00f3n de sus tarifas de suscripci\u00f3n por un porcentaje predeterminado o una cantidad fija. Este atributo excepcional no solo sirve para amplificar las ventas de membres\u00edas, sino que tambi\u00e9n fomenta efectivamente la retenci\u00f3n de miembros presentando incentivos atractivos para la suscripci\u00f3n continua. Adem\u00e1s, la instalaci\u00f3n y configuraci\u00f3n de los c\u00f3digos de descuento de suscripciones de miembros pagos es un esfuerzo sin esfuerzo, hecho a\u00fan m\u00e1s conveniente con su documentaci\u00f3n inclusiva, que le ofrece orientaci\u00f3n integral durante todo el proceso.<\/p>\n","protected":false},"featured_media":167136,"comment_status":"open","ping_status":"open","template":"","meta":[],"product_brand":[2523],"product_cat":[1232,1206,1211],"product_tag":[2277],"class_list":{"0":"post-124524","1":"product","2":"type-product","3":"status-publish","4":"has-post-thumbnail","6":"product_brand-cozmoslabs","7":"product_cat-marketing-wordpress-plugins","8":"product_cat-plugins","9":"product_cat-wordpress-plugins","10":"product_tag-cozmoslabs","11":"member-discount","12":"discount-restricted","14":"first","15":"instock","16":"sale","17":"downloadable","18":"virtual","19":"sold-individually","20":"purchasable","21":"product-type-simple"},"_links":{"self":[{"href":"https:\/\/gpl-love.com\/es\/wp-json\/wp\/v2\/product\/124524","targetHints":{"allow":["GET"]}}],"collection":[{"href":"https:\/\/gpl-love.com\/es\/wp-json\/wp\/v2\/product"}],"about":[{"href":"https:\/\/gpl-love.com\/es\/wp-json\/wp\/v2\/types\/product"}],"replies":[{"embeddable":true,"href":"https:\/\/gpl-love.com\/es\/wp-json\/wp\/v2\/comments?post=124524"}],"wp:featuredmedia":[{"embeddable":true,"href":"https:\/\/gpl-love.com\/es\/wp-json\/wp\/v2\/media\/167136"}],"wp:attachment":[{"href":"https:\/\/gpl-love.com\/es\/wp-json\/wp\/v2\/media?parent=124524"}],"wp:term":[{"taxonomy":"product_brand","embeddable":true,"href":"https:\/\/gpl-love.com\/es\/wp-json\/wp\/v2\/product_brand?post=124524"},{"taxonomy":"product_cat","embeddable":true,"href":"https:\/\/gpl-love.com\/es\/wp-json\/wp\/v2\/product_cat?post=124524"},{"taxonomy":"product_tag","embeddable":true,"href":"https:\/\/gpl-love.com\/es\/wp-json\/wp\/v2\/product_tag?post=124524"}],"curies":[{"name":"wp","href":"https:\/\/api.w.org\/{rel}","templated":true}]}}