{"id":124522,"date":"2025-03-27T00:00:00","date_gmt":"2025-03-27T05:00:00","guid":{"rendered":"https:\/\/gpl-love.com\/es\/producto\/paid-member-subscriptions-recurring-payments-para-paypal-standard\/"},"modified":"2026-04-10T11:20:54","modified_gmt":"2026-04-10T16:20:54","slug":"paid-member-subscriptions-recurring-payments-para-paypal-standard","status":"publish","type":"product","link":"https:\/\/gpl-love.com\/es\/producto\/paid-member-subscriptions-recurring-payments-para-paypal-standard\/","title":{"rendered":"Paid Member Subscriptions Recurring Payments para PayPal Standard 1.2.8"},"content":{"rendered":"<h3>Paid Member Subscriptions Recurring Payments para PayPal Standard Caracteristicas<\/h3>\n<p>Las suscripciones de miembros pagos pagos recurrentes para PayPal Standard ofrecen una soluci\u00f3n integral y f\u00e1cil de usar para administrar y recoger eficientemente pagos recurrentes de los miembros. La integraci\u00f3n perfecta con PayPal Standard facilita el establecimiento sin esfuerzo y la recaudaci\u00f3n de pagos regularmente. Ya sea que participe en la venta de productos o servicios digitales o proporcione acceso exclusivo a contenido, este complemento simplifica la gesti\u00f3n y la expansi\u00f3n de su negocio de membres\u00eda. Construcci\u00f3n de niveles de membres\u00eda personalizables, notificaciones automatizadas por correo electr\u00f3nico e informes en profundidad, suscripciones recurrentes de los miembros pagos para PayPal Standard demuestran ser una opci\u00f3n ideal para las empresas que buscan monetizar su contenido y mejorar sus flujos de ingresos recurrentes.<\/p>\n<ul>\n<li>Permite a los propietarios de sitios web crear un programa de membres\u00eda con pagos recurrentes<\/li>\n<li>Se integra con el est\u00e1ndar de PayPal para el procesamiento de pagos seguros<\/li>\n<li>Proporciona varios niveles de membres\u00eda y restricciones de acceso para diferentes grupos de usuarios<\/li>\n<li>Permite notificaciones de correo electr\u00f3nico personalizables para suscriptores<\/li>\n<li>Incluye un tablero para una f\u00e1cil gesti\u00f3n de miembros y planes de suscripci\u00f3n<\/li>\n<li>Proporciona informes detallados sobre actividad de suscripci\u00f3n e ingresos<\/li>\n<li>Ofrece opciones flexibles para per\u00edodos de prueba y c\u00f3digos de descuento<\/li>\n<li>Se puede usar con cualquier tema de WordPress y admite sitios web multiling\u00fces<\/li>\n<li>Proporciona un excelente soporte al cliente con documentaci\u00f3n y comunidad de foro.<\/li>\n<\/ul>\n","protected":false},"excerpt":{"rendered":"<p>Las suscripciones de miembros remunerados los pagos recurrentes para PayPal Standard son un complemento muy ventajoso y extremadamente beneficioso que le brinda la capacidad incomparable para ofrecer membres\u00edas recurrentes y administrar h\u00e1bilmente contenido pagado en su estimado sitio web. A trav\u00e9s de la utilizaci\u00f3n de este notable complemento, puede inventar y establecer planes de suscripci\u00f3n sin esfuerzo, establecer un sistema para pagos recurrentes y monitorear meticulosamente y vigilar las transacciones de su estimada clientela. La integraci\u00f3n perfecta con PayPal, un m\u00e9todo de pago excepcionalmente seguro y notablemente confiable, refuerza a\u00fan m\u00e1s el atractivo y la conveniencia de este complemento para sus estimados usuarios. En consecuencia, este complemento sirve como la soluci\u00f3n por excelencia para empresas y bloggers que buscan dotar a su ilustre sitio de WordPress con la capacidad de presentar membres\u00edas pagas, servicios de suscripci\u00f3n o incluso el contenido m\u00e1s exclusivo y cautivador.<\/p>\n","protected":false},"featured_media":167146,"comment_status":"open","ping_status":"open","template":"","meta":[],"product_brand":[2523],"product_cat":[1278,1206,1211],"product_tag":[2277],"class_list":{"0":"post-124522","1":"product","2":"type-product","3":"status-publish","4":"has-post-thumbnail","6":"product_brand-cozmoslabs","7":"product_cat-pago","8":"product_cat-plugins","9":"product_cat-wordpress-plugins","10":"product_tag-cozmoslabs","11":"member-discount","12":"discount-restricted","14":"first","15":"instock","16":"sale","17":"downloadable","18":"virtual","19":"sold-individually","20":"purchasable","21":"product-type-simple"},"_links":{"self":[{"href":"https:\/\/gpl-love.com\/es\/wp-json\/wp\/v2\/product\/124522","targetHints":{"allow":["GET"]}}],"collection":[{"href":"https:\/\/gpl-love.com\/es\/wp-json\/wp\/v2\/product"}],"about":[{"href":"https:\/\/gpl-love.com\/es\/wp-json\/wp\/v2\/types\/product"}],"replies":[{"embeddable":true,"href":"https:\/\/gpl-love.com\/es\/wp-json\/wp\/v2\/comments?post=124522"}],"wp:featuredmedia":[{"embeddable":true,"href":"https:\/\/gpl-love.com\/es\/wp-json\/wp\/v2\/media\/167146"}],"wp:attachment":[{"href":"https:\/\/gpl-love.com\/es\/wp-json\/wp\/v2\/media?parent=124522"}],"wp:term":[{"taxonomy":"product_brand","embeddable":true,"href":"https:\/\/gpl-love.com\/es\/wp-json\/wp\/v2\/product_brand?post=124522"},{"taxonomy":"product_cat","embeddable":true,"href":"https:\/\/gpl-love.com\/es\/wp-json\/wp\/v2\/product_cat?post=124522"},{"taxonomy":"product_tag","embeddable":true,"href":"https:\/\/gpl-love.com\/es\/wp-json\/wp\/v2\/product_tag?post=124522"}],"curies":[{"name":"wp","href":"https:\/\/api.w.org\/{rel}","templated":true}]}}