{"id":124520,"date":"2022-03-15T00:00:00","date_gmt":"2022-03-15T05:00:00","guid":{"rendered":"https:\/\/gpl-love.com\/es\/producto\/paid-member-subscriptions-fixed-period-membership-addon\/"},"modified":"2026-04-10T11:20:47","modified_gmt":"2026-04-10T16:20:47","slug":"paid-member-subscriptions-fixed-period-membership-addon","status":"publish","type":"product","link":"https:\/\/gpl-love.com\/es\/producto\/paid-member-subscriptions-fixed-period-membership-addon\/","title":{"rendered":"Paid Member Subscriptions Fixed Period Membership Addon 1.0.1"},"content":{"rendered":"<h3>Paid Member Subscriptions Fixed Period Membership Addon Caracteristicas<\/h3>\n<p>El complemento de la membres\u00eda de la membres\u00eda del per\u00edodo fijo de los miembros pagados es una herramienta incre\u00edblemente robusta y formidable que las empresas pueden aprovechar para proporcionar a sus clientes estimados una experiencia incomparable y exclusiva, otorg\u00e1ndoles acceso a una amplia gama de productos y servicios para una duraci\u00f3n predeterminada y fija. Este notable complemento permite a las empresas crear membres\u00edas sin esfuerzo para un t\u00e9rmino predeterminado e inquebrantable, que se puede comercializar y vender sin esfuerzo a los clientes, otorg\u00e1ndoles un acceso incomparable y sin restricciones a contenido espec\u00edfico y a medida, caracter\u00edsticas excepcionales y una variedad de beneficios durante los beneficios durante Este marco de tiempo establecido. En consecuencia, este invaluable recurso sirve como catalizador para las empresas para fomentar y fomentar una base de clientes dedicada y firme, facilitando el cultivo de interacciones comerciales recurrentes y, en \u00faltima instancia, fortaleciendo el flujo de ingresos. El complemento de membres\u00eda de per\u00edodo fijo se integra perfectamente en el complemento de suscripciones de miembros pagados, simplificando as\u00ed la configuraci\u00f3n y la gesti\u00f3n eficiente de las membres\u00edas. Gracias a su notable adaptabilidad y versatilidad en t\u00e9rminos de precios y opciones de membres\u00eda, las empresas pueden modificar y personalizar sin esfuerzo sus membres\u00edas para alinearse inmaculadamente con los requisitos \u00fanicos y espec\u00edficos de su estimada clientela. En \u00faltima instancia, las suscripciones de miembros pagados Addon de membres\u00eda de per\u00edodo fijo se destacan como una herramienta indispensable e indispensable para las empresas que tienen como objetivo manifestar un modelo de negocio m\u00e1s sostenible y lucrativo.<\/p>\n<ul>\n<li>Permite a los propietarios de sitios web ofrecer opciones de membres\u00eda de per\u00edodo fijo a sus suscriptores pagados<\/li>\n<li>Ofrece una mayor flexibilidad y personalizaci\u00f3n para las opciones de membres\u00eda<\/li>\n<li>Los usuarios pueden elegir su per\u00edodo de suscripci\u00f3n (semanal, mensual, anual, etc.) y el precio para ese per\u00edodo<\/li>\n<li>Proceso de instalaci\u00f3n y configuraci\u00f3n simple para propietarios de sitios web<\/li>\n<li>Se integra completamente con el complemento de suscripciones de miembros pagos para la administraci\u00f3n de los usuarios y el procesamiento de pagos sin problemas<\/li>\n<li>Proporciona a los usuarios informaci\u00f3n clara sobre su estado de membres\u00eda, fechas de renovaci\u00f3n e historial de suscripci\u00f3n<\/li>\n<li>F\u00e1cil de personalizar la apariencia de las opciones de membres\u00eda y la interfaz de usuario<\/li>\n<li>Proporciona a los propietarios de sitios web informes detallados sobre los ingresos por suscripci\u00f3n y la actividad del usuario<\/li>\n<li>Ofrece una plataforma confiable y segura para manejar suscripciones pagas y gesti\u00f3n de miembros.<\/li>\n<\/ul>\n","protected":false},"excerpt":{"rendered":"<p>Las suscripciones de miembros remunerados El complemento de membres\u00eda de per\u00edodo fijo emerge como una soluci\u00f3n impecable e inigualable cuando se trata de administrar competentemente su sitio web basado en suscripci\u00f3n. Este notable complemento le permite extender el privilegio de las membres\u00edas de per\u00edodo fijo a sus valiosos clientes, facilitando as\u00ed un proceso perfecto de venta de acceso a su contenido o sitio altamente buscado para una duraci\u00f3n predeterminada. Al ofrecer a sus estimados miembros la comodidad de hacer pagos por adelantado para su membres\u00eda, asume sin esfuerzo la responsabilidad de supervisar y regular su continua accesibilidad a su estimado sitio web durante todo el lapso de su membres\u00eda. En consecuencia, puede habilitar con precisi\u00f3n un estado de organizaci\u00f3n impecable dentro de la infraestructura de su sitio web, al tiempo que garantiza la satisfacci\u00f3n \u00f3ptima y la satisfacci\u00f3n de sus estimados miembros, cortes\u00eda del impresionante complemento de la membres\u00eda de la membres\u00eda de los miembros fijos del per\u00edodo fijo.<\/p>\n","protected":false},"featured_media":167138,"comment_status":"open","ping_status":"open","template":"","meta":[],"product_brand":[2523],"product_cat":[1325,1206,1211],"product_tag":[2277],"class_list":{"0":"post-124520","1":"product","2":"type-product","3":"status-publish","4":"has-post-thumbnail","6":"product_brand-cozmoslabs","7":"product_cat-afiliacion","8":"product_cat-plugins","9":"product_cat-wordpress-plugins","10":"product_tag-cozmoslabs","11":"member-discount","12":"discount-restricted","14":"first","15":"instock","16":"sale","17":"downloadable","18":"virtual","19":"sold-individually","20":"purchasable","21":"product-type-simple"},"_links":{"self":[{"href":"https:\/\/gpl-love.com\/es\/wp-json\/wp\/v2\/product\/124520","targetHints":{"allow":["GET"]}}],"collection":[{"href":"https:\/\/gpl-love.com\/es\/wp-json\/wp\/v2\/product"}],"about":[{"href":"https:\/\/gpl-love.com\/es\/wp-json\/wp\/v2\/types\/product"}],"replies":[{"embeddable":true,"href":"https:\/\/gpl-love.com\/es\/wp-json\/wp\/v2\/comments?post=124520"}],"wp:featuredmedia":[{"embeddable":true,"href":"https:\/\/gpl-love.com\/es\/wp-json\/wp\/v2\/media\/167138"}],"wp:attachment":[{"href":"https:\/\/gpl-love.com\/es\/wp-json\/wp\/v2\/media?parent=124520"}],"wp:term":[{"taxonomy":"product_brand","embeddable":true,"href":"https:\/\/gpl-love.com\/es\/wp-json\/wp\/v2\/product_brand?post=124520"},{"taxonomy":"product_cat","embeddable":true,"href":"https:\/\/gpl-love.com\/es\/wp-json\/wp\/v2\/product_cat?post=124520"},{"taxonomy":"product_tag","embeddable":true,"href":"https:\/\/gpl-love.com\/es\/wp-json\/wp\/v2\/product_tag?post=124520"}],"curies":[{"name":"wp","href":"https:\/\/api.w.org\/{rel}","templated":true}]}}