{"id":124518,"date":"2022-03-15T00:00:00","date_gmt":"2022-03-15T05:00:00","guid":{"rendered":"https:\/\/gpl-love.com\/es\/producto\/paid-member-subscriptions-paypal-express-addon\/"},"modified":"2026-04-10T11:20:53","modified_gmt":"2026-04-10T16:20:53","slug":"paid-member-subscriptions-paypal-express-addon","status":"publish","type":"product","link":"https:\/\/gpl-love.com\/es\/producto\/paid-member-subscriptions-paypal-express-addon\/","title":{"rendered":"Paid Member Subscriptions PayPal Express Addon 1.4.4"},"content":{"rendered":"<h3>Paid Member Subscriptions PayPal Express Addon Caracteristicas<\/h3>\n<p>Las suscripciones de miembros pagos PayPal Express Addon, una herramienta inmensamente poderosa, presenta un medio sin esfuerzo para que los propietarios de sitios web reciban f\u00e1cilmente pagos de sus estimados usuarios. Al aprovechar este notable complemento, a los usuarios se les otorga la conveniencia de pagar sus suscripciones utilizando el pago de PayPal Express, indiscutiblemente una de las pasarelas de pago m\u00e1s apreciadas y seguras disponibles actualmente. La instalaci\u00f3n y la configuraci\u00f3n de este complemento se realizan sin esfuerzo, al tiempo que ofrecen una gran cantidad de caracter\u00edsticas que facilitan perfectamente la gesti\u00f3n de suscripciones y pagos. Ya sea que est\u00e9 operando un sitio de membres\u00eda, un servicio de suscripci\u00f3n o cualquier otra variedad de sitios web que requiera pagos recurrentes, las suscripciones de miembros pagos PayPal Express Addon representa una soluci\u00f3n \u00f3ptima que indudablemente expedir\u00e1 y agilizar\u00e1 sus procesos de pago, invigorando sus ingresos transmisiones.<\/p>\n<ul>\n<li>Integre perfectamente la pasarela de pago de PayPal en su complemento de suscripciones de miembros pagos<\/li>\n<li>Ofrecer a sus usuarios una opci\u00f3n de pago segura y confiable para sus suscripciones<\/li>\n<li>Habilitar pagos recurrentes autom\u00e1ticos para sus suscriptores, asegurando un proceso de suscripci\u00f3n sin problemas<\/li>\n<li>Tome el control total del proceso de pago con configuraciones de configuraci\u00f3n f\u00e1cil para moneda, tasas impositivas y m\u00e1s<\/li>\n<li>Proporcionar a sus usuarios una experiencia de pago sin problemas con la interfaz f\u00e1cil de usar de PayPal<\/li>\n<li>Obtenga notificaciones de pago en tiempo real para garantizar un proceso de gesti\u00f3n de suscripci\u00f3n oportuno y preciso<\/li>\n<li>Garantizar la seguridad y la confidencialidad de la informaci\u00f3n de pago de sus clientes con las medidas de seguridad avanzadas de PayPal<\/li>\n<li>Disfrute de la comodidad de un pago \u00fanico para el complemento con una licencia de por vida y actualizaciones gratuitas de por vida<\/li>\n<li>Reciba soporte t\u00e9cnico dedicado y oportuno de desarrolladores experimentados para ayudar con cualquier problema de pago o suscripci\u00f3n.<\/li>\n<\/ul>\n","protected":false},"excerpt":{"rendered":"<p>Las suscripciones de membres\u00edas pagas PayPal Express Addon, una herramienta f\u00e1cil de usar, atiende al prop\u00f3sito de facilitar la aceptaci\u00f3n de pagos a trav\u00e9s de PayPal para su sitio de membres\u00eda. La introducci\u00f3n de este complemento a su sitio web no solo le ahorra tiempo, sino que tambi\u00e9n optimiza el proceso de pago para sus miembros, mejorando as\u00ed la eficiencia general. Al utilizar este complemento, los miembros pueden suscribirse y renovar sin esfuerzo sus planes de membres\u00eda con un esfuerzo m\u00ednimo involucrado. Adem\u00e1s, la inclusi\u00f3n de herramientas de gesti\u00f3n y informes incorporados lo capacita para rastrear y administrar sin esfuerzo todos los pagos y suscripciones. Ya sea que est\u00e9 en el proceso de establecer un nuevo sitio de membres\u00eda o que busque elevar uno existente, las suscripciones de membres\u00edas pagas PayPal Express Addon se destacan como la soluci\u00f3n \u00f3ptima para sus necesidades.<\/p>\n","protected":false},"featured_media":167145,"comment_status":"open","ping_status":"open","template":"","meta":[],"product_brand":[2523],"product_cat":[1278,1206,1211],"product_tag":[2277],"class_list":{"0":"post-124518","1":"product","2":"type-product","3":"status-publish","4":"has-post-thumbnail","6":"product_brand-cozmoslabs","7":"product_cat-pago","8":"product_cat-plugins","9":"product_cat-wordpress-plugins","10":"product_tag-cozmoslabs","11":"member-discount","12":"discount-restricted","14":"first","15":"instock","16":"sale","17":"downloadable","18":"virtual","19":"sold-individually","20":"purchasable","21":"product-type-simple"},"_links":{"self":[{"href":"https:\/\/gpl-love.com\/es\/wp-json\/wp\/v2\/product\/124518","targetHints":{"allow":["GET"]}}],"collection":[{"href":"https:\/\/gpl-love.com\/es\/wp-json\/wp\/v2\/product"}],"about":[{"href":"https:\/\/gpl-love.com\/es\/wp-json\/wp\/v2\/types\/product"}],"replies":[{"embeddable":true,"href":"https:\/\/gpl-love.com\/es\/wp-json\/wp\/v2\/comments?post=124518"}],"wp:featuredmedia":[{"embeddable":true,"href":"https:\/\/gpl-love.com\/es\/wp-json\/wp\/v2\/media\/167145"}],"wp:attachment":[{"href":"https:\/\/gpl-love.com\/es\/wp-json\/wp\/v2\/media?parent=124518"}],"wp:term":[{"taxonomy":"product_brand","embeddable":true,"href":"https:\/\/gpl-love.com\/es\/wp-json\/wp\/v2\/product_brand?post=124518"},{"taxonomy":"product_cat","embeddable":true,"href":"https:\/\/gpl-love.com\/es\/wp-json\/wp\/v2\/product_cat?post=124518"},{"taxonomy":"product_tag","embeddable":true,"href":"https:\/\/gpl-love.com\/es\/wp-json\/wp\/v2\/product_tag?post=124518"}],"curies":[{"name":"wp","href":"https:\/\/api.w.org\/{rel}","templated":true}]}}