{"id":124516,"date":"2022-03-15T00:00:00","date_gmt":"2022-03-15T05:00:00","guid":{"rendered":"https:\/\/gpl-love.com\/es\/producto\/paid-member-subscriptions-email-reminders-addon\/"},"modified":"2026-04-10T11:20:46","modified_gmt":"2026-04-10T16:20:46","slug":"paid-member-subscriptions-email-reminders-addon","status":"publish","type":"product","link":"https:\/\/gpl-love.com\/es\/producto\/paid-member-subscriptions-email-reminders-addon\/","title":{"rendered":"Paid Member Subscriptions Email Reminders Addon 1.1.3"},"content":{"rendered":"<h3>Paid Member Subscriptions Email Reminders Addon Caracteristicas<\/h3>\n<p>Las suscripciones de miembros remunerados Recordatorios de correo electr\u00f3nico Siren como una herramienta indispensable para empresas o instituciones que dependen en gran medida de los ingresos generados por las suscripciones. Este notable complemento ofrece la comodidad de los recordatorios de correo electr\u00f3nico automatizados a los clientes cuyas suscripciones est\u00e1n a punto de expirar, asegurando efectivamente la renovaci\u00f3n oportuna de estas suscripciones. Sus caracter\u00edsticas vers\u00e1tiles incluyen la provisi\u00f3n de plantillas de correo electr\u00f3nico personalizables y una gran cantidad de opciones de programaci\u00f3n, lo que permite a las empresas adaptar su comunicaci\u00f3n con los clientes de acuerdo con sus preferencias. En consecuencia, fomentar relaciones y fomentar la lealtad se convierte en un esfuerzo sin esfuerzo. Independientemente de si est\u00e1 administrando un sitio de membres\u00eda, un servicio de suscripci\u00f3n o cualquier forma de negocio que prospera con los ingresos recurrentes, la adquisici\u00f3n de este complemento es una necesidad absoluta para preservar la participaci\u00f3n del cliente y mantener una posici\u00f3n financiera pr\u00f3spera.<\/p>\n<ul>\n<li>Env\u00ede autom\u00e1ticamente los recordatorios de correo electr\u00f3nico a los miembros pagados antes de su fecha de renovaci\u00f3n de suscripci\u00f3n<\/li>\n<li>Permite plantillas de correo electr\u00f3nico totalmente personalizables con etiquetas personalizadas como el nombre del miembro y el tipo de suscripci\u00f3n<\/li>\n<li>Env\u00eda recordatorios de seguimiento para los miembros que no han renovado su suscripci\u00f3n<\/li>\n<li>Ayuda a aumentar las tasas de retenci\u00f3n al recordarles a los miembros que renovan su suscripci\u00f3n de manera oportuna<\/li>\n<li>Integraci\u00f3n f\u00e1cil con complemento de suscripci\u00f3n de miembros pagos para una experiencia de usuario perfecta<\/li>\n<li>Proporciona a los administradores una vista de tablero de todos los recordatorios de correo electr\u00f3nico enviados y el estado de la suscripci\u00f3n de cada miembro<\/li>\n<li>Se puede configurar para enviar recordatorios a intervalos espec\u00edficos antes de la fecha de vencimiento<\/li>\n<li>Compatible con varias pasarelas de pago para un proceso de pago flexible para los miembros<\/li>\n<li>Administrar eficientemente suscripciones de miembros con recordatorios autom\u00e1ticos de correo electr\u00f3nico para aumentar la rentabilidad<\/li>\n<\/ul>\n","protected":false},"excerpt":{"rendered":"<p>Las suscripciones de los miembros pagos Correo electr\u00f3nico Recordaters Addon, una herramienta premium meticulosamente elaborada para solicitar sin esfuerzo a sus estimados miembros pagados con respecto a las plazos de pago inminentes o las renovaciones de suscripci\u00f3n, sirve como un cambio de juego absoluto. Este notable complemento le permite adaptar impecablemente las plantillas de correo electr\u00f3nico de acuerdo con sus preferencias, especificar con precisi\u00f3n la frecuencia y el momento de los recordatorios, e incluso incrustar un enlace de pago convenientemente accesible dentro del mensaje. Al aprovechar el poder de esta potente herramienta, puede fomentar y mantener efectivamente el compromiso inquebrantable de sus miembros, mitigando significativamente el peligro de los pagos pasados \u200b\u200bpor alto y las cancelaciones prematuras. Con un proceso de instalaci\u00f3n sin interrupciones y una compatibilidad perfecta con el complemento de suscripciones de miembros pagados, este complemento indispensable sin duda sirve como la soluci\u00f3n por excelencia para todas las personas que buscan optimizar y optimizar sus esfuerzos de gesti\u00f3n de suscripci\u00f3n.<\/p>\n","protected":false},"featured_media":167137,"comment_status":"open","ping_status":"open","template":"","meta":[],"product_brand":[2523],"product_cat":[1214,1206,1211],"product_tag":[2277],"class_list":{"0":"post-124516","1":"product","2":"type-product","3":"status-publish","4":"has-post-thumbnail","6":"product_brand-cozmoslabs","7":"product_cat-personalizacion","8":"product_cat-plugins","9":"product_cat-wordpress-plugins","10":"product_tag-cozmoslabs","11":"member-discount","12":"discount-restricted","14":"first","15":"instock","16":"sale","17":"downloadable","18":"virtual","19":"sold-individually","20":"purchasable","21":"product-type-simple"},"_links":{"self":[{"href":"https:\/\/gpl-love.com\/es\/wp-json\/wp\/v2\/product\/124516","targetHints":{"allow":["GET"]}}],"collection":[{"href":"https:\/\/gpl-love.com\/es\/wp-json\/wp\/v2\/product"}],"about":[{"href":"https:\/\/gpl-love.com\/es\/wp-json\/wp\/v2\/types\/product"}],"replies":[{"embeddable":true,"href":"https:\/\/gpl-love.com\/es\/wp-json\/wp\/v2\/comments?post=124516"}],"wp:featuredmedia":[{"embeddable":true,"href":"https:\/\/gpl-love.com\/es\/wp-json\/wp\/v2\/media\/167137"}],"wp:attachment":[{"href":"https:\/\/gpl-love.com\/es\/wp-json\/wp\/v2\/media?parent=124516"}],"wp:term":[{"taxonomy":"product_brand","embeddable":true,"href":"https:\/\/gpl-love.com\/es\/wp-json\/wp\/v2\/product_brand?post=124516"},{"taxonomy":"product_cat","embeddable":true,"href":"https:\/\/gpl-love.com\/es\/wp-json\/wp\/v2\/product_cat?post=124516"},{"taxonomy":"product_tag","embeddable":true,"href":"https:\/\/gpl-love.com\/es\/wp-json\/wp\/v2\/product_tag?post=124516"}],"curies":[{"name":"wp","href":"https:\/\/api.w.org\/{rel}","templated":true}]}}