{"id":124514,"date":"2022-09-23T00:00:00","date_gmt":"2022-09-23T05:00:00","guid":{"rendered":"https:\/\/gpl-love.com\/es\/producto\/paid-member-subscriptions-tax-y-eu-vat-rates\/"},"modified":"2026-04-10T11:20:56","modified_gmt":"2026-04-10T16:20:56","slug":"paid-member-subscriptions-tax-y-eu-vat-rates","status":"publish","type":"product","link":"https:\/\/gpl-love.com\/es\/producto\/paid-member-subscriptions-tax-y-eu-vat-rates\/","title":{"rendered":"Paid Member Subscriptions Tax y EU VAT Rates 1.1.7"},"content":{"rendered":"<h3>Paid Member Subscriptions Tax y EU VAT Rates Caracteristicas<\/h3>\n<p>El impuesto sobre suscripciones de miembros pagos y las tasas de IVA de la UE es una herramienta s\u00f3lida y altamente efectiva que atiende a las empresas que operan dentro de la Uni\u00f3n Europea. Este software excepcionalmente sofisticado proporciona a las empresas una soluci\u00f3n integral para administrar y manejar efectivamente las tarifas de impuestos e IVA para sus suscripciones pagas, asegurando as\u00ed la m\u00e1xima precisi\u00f3n y cumplimiento en las operaciones de facturaci\u00f3n de clientes en los Estados miembros de la UE. La incre\u00edble versatilidad de esta plataforma permite a las empresas adaptar sus tasas impositivas a sus necesidades espec\u00edficas y automatizar sin esfuerzo el intrincado proceso de calcular y recopilar el IVA apropiado para cada transacci\u00f3n. Al aprovechar el poder del impuesto de suscripciones de miembros pagos y las tasas de IVA de la UE, las empresas pueden optimizar sin esfuerzo sus procesos de facturaci\u00f3n, minimizar significativamente la ocurrencia de errores y evadir con \u00e9xito las fuertes sanciones financieras asociadas con el incumplimiento. Independientemente de si pertenece al \u00e1mbito de las empresas a peque\u00f1a escala u opera como una entidad gigantesca dentro del panorama empresarial, este software excepcional sirve como una herramienta indispensable para gestionar de manera efectiva y eficiente sus obligaciones de impuestos e IVA dentro de la Uni\u00f3n Europea.<\/p>\n<ul>\n<li>F\u00e1cil personalizaci\u00f3n de las opciones de suscripci\u00f3n<\/li>\n<li>C\u00e1lculo de impuestos automatizados y facturaci\u00f3n<\/li>\n<li>Cumplimiento de las regulaciones de IVA de la UE<\/li>\n<li>Integraci\u00f3n segura de la pasarela de pago<\/li>\n<li>Herramientas de gesti\u00f3n de membres\u00eda<\/li>\n<li>Informes y an\u00e1lisis en tiempo real<\/li>\n<li>Renovaciones de suscripci\u00f3n autom\u00e1tica<\/li>\n<li>Acceso al servicio de atenci\u00f3n al cliente y la documentaci\u00f3n<\/li>\n<li>Compatibilidad con complementos populares y complementos<\/li>\n<li>Integraci\u00f3n perfecta con WordPress CMS<\/li>\n<\/ul>\n","protected":false},"excerpt":{"rendered":"<p>Con la implementaci\u00f3n de este complemento \u00fanico en su tipo, se le otorga la capacidad de manejar impuestos sin esfuerzo y las tasas de IVA de la UE relacionadas con sus suscripciones de miembros pagados. Despedirse de la ardua tarea de los c\u00e1lculos fiscales: nuestro complemento optimiza todo el proceso, garantizando la conformidad con las legislaciones fiscales regionales. Meticulosamente elaborado con la facilidad de uso en mente, este complemento facilita la operaci\u00f3n perfecta de su sitio de membres\u00eda y al mismo tiempo garantiza una gesti\u00f3n fiscal meticulosa. \u00a1Emp\u00e1rate en tu viaje hoy y disfruta de la conveniencia incomparable de la Administraci\u00f3n Tributaria sin problemas!<\/p>\n","protected":false},"featured_media":167148,"comment_status":"open","ping_status":"open","template":"","meta":[],"product_brand":[2523],"product_cat":[1325,1206,1211],"product_tag":[2277],"class_list":{"0":"post-124514","1":"product","2":"type-product","3":"status-publish","4":"has-post-thumbnail","6":"product_brand-cozmoslabs","7":"product_cat-afiliacion","8":"product_cat-plugins","9":"product_cat-wordpress-plugins","10":"product_tag-cozmoslabs","11":"member-discount","12":"discount-restricted","14":"first","15":"instock","16":"sale","17":"downloadable","18":"virtual","19":"sold-individually","20":"purchasable","21":"product-type-simple"},"_links":{"self":[{"href":"https:\/\/gpl-love.com\/es\/wp-json\/wp\/v2\/product\/124514","targetHints":{"allow":["GET"]}}],"collection":[{"href":"https:\/\/gpl-love.com\/es\/wp-json\/wp\/v2\/product"}],"about":[{"href":"https:\/\/gpl-love.com\/es\/wp-json\/wp\/v2\/types\/product"}],"replies":[{"embeddable":true,"href":"https:\/\/gpl-love.com\/es\/wp-json\/wp\/v2\/comments?post=124514"}],"wp:featuredmedia":[{"embeddable":true,"href":"https:\/\/gpl-love.com\/es\/wp-json\/wp\/v2\/media\/167148"}],"wp:attachment":[{"href":"https:\/\/gpl-love.com\/es\/wp-json\/wp\/v2\/media?parent=124514"}],"wp:term":[{"taxonomy":"product_brand","embeddable":true,"href":"https:\/\/gpl-love.com\/es\/wp-json\/wp\/v2\/product_brand?post=124514"},{"taxonomy":"product_cat","embeddable":true,"href":"https:\/\/gpl-love.com\/es\/wp-json\/wp\/v2\/product_cat?post=124514"},{"taxonomy":"product_tag","embeddable":true,"href":"https:\/\/gpl-love.com\/es\/wp-json\/wp\/v2\/product_tag?post=124514"}],"curies":[{"name":"wp","href":"https:\/\/api.w.org\/{rel}","templated":true}]}}