{"id":124512,"date":"2024-01-06T00:00:00","date_gmt":"2024-01-06T05:00:00","guid":{"rendered":"https:\/\/gpl-love.com\/es\/producto\/paid-memberships-pro-reports-dashboard-addon\/"},"modified":"2026-04-10T11:21:12","modified_gmt":"2026-04-10T16:21:12","slug":"paid-memberships-pro-reports-dashboard-addon","status":"publish","type":"product","link":"https:\/\/gpl-love.com\/es\/producto\/paid-memberships-pro-reports-dashboard-addon\/","title":{"rendered":"Paid Memberships Pro Reports Dashboard Addon 1.0"},"content":{"rendered":"<h3>Paid Memberships Pro Reports Dashboard Addon Caracteristicas<\/h3>\n<p>El complemento del tablero de informes que ofrece Memberships Pro es una herramienta notablemente potente que ha sido meticulosamente dise\u00f1ada para enriquecer la funcionalidad de su sitio web de membres\u00eda. Al incorporar este complemento en su sitio web, podr\u00e1 monitorear y evaluar meticulosamente el rendimiento de su sitio web de membres\u00eda a trav\u00e9s de la utilizaci\u00f3n de un tablero incre\u00edblemente f\u00e1cil e intuitivo. Este tablero lo capacitar\u00e1 con ideas y an\u00e1lisis invaluables relacionados con sus datos de membres\u00eda. Como resultado, estar\u00e1 equipado con la informaci\u00f3n necesaria para optimizar su programa de membres\u00eda y determinar su eficacia. Adem\u00e1s, la instalaci\u00f3n y utilizaci\u00f3n de este complemento es una brisa, lo que lo hace accesible para personas con diversos grados de competencia t\u00e9cnica. Al adoptar el complemento del tablero de informes proporcionado por MemberShips Pro pagado, podr\u00e1 tomar decisiones juiciosas y bien informadas, lo que finalmente aumenta la efectividad general y el desempe\u00f1o de su programa de membres\u00eda.<\/p>\n<ul>\n<li>Acceso a un tablero completo de informes de membres\u00eda<\/li>\n<li>Estad\u00edsticas en tiempo real para rastrear el crecimiento y las tendencias de la membres\u00eda<\/li>\n<li>Visualizaciones de datos personalizables para un an\u00e1lisis f\u00e1cil<\/li>\n<li>Integraci\u00f3n con varias pasarelas de pago y plataformas<\/li>\n<li>Capacidad para exportar informes en m\u00faltiples formatos para compartir y an\u00e1lisis adicionales<\/li>\n<li>Notificaciones de correo electr\u00f3nico automatizadas para m\u00e9tricas clave de membres\u00eda<\/li>\n<li>Interfaz f\u00e1cil de usar para una f\u00e1cil comprensi\u00f3n de navegaci\u00f3n y datos<\/li>\n<li>Compatibilidad perfecta con el complemento de membres\u00eda de membres\u00edas pagas<\/li>\n<li>Mayor eficiencia e informaci\u00f3n para la gesti\u00f3n y optimizaci\u00f3n de la membres\u00eda<\/li>\n<li>Estrategias de retenci\u00f3n y crecimiento de la membres\u00eda mejorada con informaci\u00f3n valiosa de datos<\/li>\n<\/ul>\n","protected":false},"excerpt":{"rendered":"<p>El complemento del tablero de informes que ofrece MemberShips Pro demuestra ser una herramienta ejemplar y robusta, lo que permite a los usuarios obtener ideas valiosas sobre el rendimiento de su sitio de membres\u00eda. Facilitados por su interfaz notablemente f\u00e1cil de usar, a las personas se les otorga la capacidad de acceder f\u00e1cilmente y analizar meticulosamente datos cruciales, que abarcan aspectos como la afluencia de nuevos miembros, ingresos generados, tasa de rotaci\u00f3n y una serie de otras estad\u00edsticas pertinentes, todos los cuales est\u00e1n convenientemente centralizados dentro de una ubicaci\u00f3n singular. Sorprendentemente, este complemento ofrece el lujo de los informes personalizados, lo que brinda a los usuarios la oportunidad de leer datos que se alinean espec\u00edficamente con los requisitos \u00fanicos de su negocio. Independientemente de si uno asume el papel de propietario de un negocio o un administrador de sitios de membres\u00eda, el complemento del tablero informa es un instrumento indispensable, que atiende a las necesidades de las personas que albergan el deseo de ampliar las ganancias financieras de su sitio de membres\u00eda y mejorar su rendimiento general.<\/p>\n","protected":false},"featured_media":167167,"comment_status":"open","ping_status":"open","template":"","meta":[],"product_brand":[2524],"product_cat":[1212,1206,1211],"product_tag":[2255],"class_list":{"0":"post-124512","1":"product","2":"type-product","3":"status-publish","4":"has-post-thumbnail","6":"product_brand-paid-memberships-pro","7":"product_cat-administracion-wordpress-plugins","8":"product_cat-plugins","9":"product_cat-wordpress-plugins","10":"product_tag-paid-memberships-pro","11":"member-discount","12":"discount-restricted","14":"first","15":"instock","16":"sale","17":"downloadable","18":"virtual","19":"sold-individually","20":"purchasable","21":"product-type-simple"},"_links":{"self":[{"href":"https:\/\/gpl-love.com\/es\/wp-json\/wp\/v2\/product\/124512","targetHints":{"allow":["GET"]}}],"collection":[{"href":"https:\/\/gpl-love.com\/es\/wp-json\/wp\/v2\/product"}],"about":[{"href":"https:\/\/gpl-love.com\/es\/wp-json\/wp\/v2\/types\/product"}],"replies":[{"embeddable":true,"href":"https:\/\/gpl-love.com\/es\/wp-json\/wp\/v2\/comments?post=124512"}],"wp:featuredmedia":[{"embeddable":true,"href":"https:\/\/gpl-love.com\/es\/wp-json\/wp\/v2\/media\/167167"}],"wp:attachment":[{"href":"https:\/\/gpl-love.com\/es\/wp-json\/wp\/v2\/media?parent=124512"}],"wp:term":[{"taxonomy":"product_brand","embeddable":true,"href":"https:\/\/gpl-love.com\/es\/wp-json\/wp\/v2\/product_brand?post=124512"},{"taxonomy":"product_cat","embeddable":true,"href":"https:\/\/gpl-love.com\/es\/wp-json\/wp\/v2\/product_cat?post=124512"},{"taxonomy":"product_tag","embeddable":true,"href":"https:\/\/gpl-love.com\/es\/wp-json\/wp\/v2\/product_tag?post=124512"}],"curies":[{"name":"wp","href":"https:\/\/api.w.org\/{rel}","templated":true}]}}