{"id":124510,"date":"2024-07-17T00:00:00","date_gmt":"2024-07-17T05:00:00","guid":{"rendered":"https:\/\/gpl-love.com\/es\/producto\/paid-memberships-pro-reason-for-cancelling-addon\/"},"modified":"2026-04-10T11:21:11","modified_gmt":"2026-04-10T16:21:11","slug":"paid-memberships-pro-reason-for-cancelling-addon","status":"publish","type":"product","link":"https:\/\/gpl-love.com\/es\/producto\/paid-memberships-pro-reason-for-cancelling-addon\/","title":{"rendered":"Paid Memberships Pro Reason For Cancelling Addon 1.1"},"content":{"rendered":"<h3>Paid Memberships Pro Reason For Cancelling Addon Caracteristicas<\/h3>\n<p>La Membress Pro Pay Mother para cancelar el complemento, que est\u00e1 espec\u00edficamente dise\u00f1ado para los propietarios de sitios web, ofrece una gran cantidad de beneficios para las personas que desean obtener una comprensi\u00f3n integral de las razones subyacentes detr\u00e1s de la decisi\u00f3n de sus clientes de terminar sus membres\u00edas. Al emplear este complemento altamente eficiente, la capacidad de monitorear y evaluar sin esfuerzo los diversos factores que contribuyen a la deserci\u00f3n del cliente es posible, lo que permite a los propietarios de sitios web implementar las modificaciones necesarias esenciales para aumentar la retenci\u00f3n de los clientes y mitigar el fen\u00f3meno indeseable de Churn. Ya sea que emane de las preocupaciones relacionadas con las estructuras de precios, una falta de valor percibida en los servicios ofrecidos, o simplemente una deficiencia en la participaci\u00f3n del cliente, las membres\u00edas pagas pro motivo para cancelar los propietarios de sitios web de complementos con los datos indispensables requeridos para hacer estrategias bien informadas opciones, fomentando as\u00ed la satisfacci\u00f3n duradera del cliente. En consecuencia, si sus aspiraciones abarcan la expansi\u00f3n de su sitio de membres\u00eda y el cultivo de una base de clientes inquebrantablemente leal, sin duda es prudente contemplar seriamente la adquisici\u00f3n de este notable complemento.<\/p>\n<ul>\n<li>Permite a los miembros proporcionar una raz\u00f3n de por qu\u00e9 est\u00e1n cancelando su membres\u00eda<\/li>\n<li>Proporciona comentarios valiosos para mejorar las estrategias de retenci\u00f3n e identificar puntos d\u00e9biles<\/li>\n<li>Se puede personalizar con opciones de raz\u00f3n espec\u00edficas o permitir la entrada de texto de forma gratuita<\/li>\n<li>Env\u00eda autom\u00e1ticamente la notificaci\u00f3n de cancelaci\u00f3n al administrador con la raz\u00f3n proporcionada<\/li>\n<li>Se integra a la perfecci\u00f3n con el complemento PROPER PROPER PAGO para WordPress<\/li>\n<li>Ayuda a mantener una comunicaci\u00f3n positiva con los miembros incluso despu\u00e9s de haber cancelado<\/li>\n<li>Proporciona informaci\u00f3n sobre el comportamiento de los miembros y los patrones de cancelaci\u00f3n<\/li>\n<li>F\u00e1cil de configurar y usar, con opciones de integraci\u00f3n y configuraci\u00f3n simples<\/li>\n<li>Se puede utilizar junto con otras t\u00e1cticas de retenci\u00f3n y venta adicional para mejorar los esfuerzos generales de monetizaci\u00f3n<\/li>\n<li>Ayuda a generar confianza y lealtad mostrando a los miembros que sus comentarios son valorados y su experiencia es importante.<\/li>\n<\/ul>\n","protected":false},"excerpt":{"rendered":"<p>La Raz\u00f3n de Memberships Pro Paying Pro para cancelar el complemento sirve como una herramienta de vanguardia e inventiva, dise\u00f1ada meticulosamente para ayudar a las empresas a adquirir ideas invaluables sobre las razones detr\u00e1s de la cancelaci\u00f3n de membres\u00edas de sus clientes. Al incorporar este notable complemento, las empresas est\u00e1n facultadas para generar sin esfuerzo campos de raz\u00f3n de cancelaci\u00f3n a medida que impulsan efectivamente a los clientes a proporcionar comentarios intrincados sobre la justificaci\u00f3n detr\u00e1s de su decisi\u00f3n de terminar su membres\u00eda. Los datos acumulados tienen un inmenso potencial para un an\u00e1lisis meticuloso, lo que permite a las empresas optimizar sus estrategias, abordar efectivamente las preocupaciones de los clientes y, en \u00faltima instancia, elevar sus tasas de retenci\u00f3n. Sin duda, este complemento sirve como un activo indispensable para cualquier empresa que anhelo profundizar en la psique de sus clientes y ofrece diligentemente una experiencia de membres\u00eda mejorada.<\/p>\n","protected":false},"featured_media":167166,"comment_status":"open","ping_status":"open","template":"","meta":[],"product_brand":[2524],"product_cat":[1325,1206,1211],"product_tag":[2255],"class_list":{"0":"post-124510","1":"product","2":"type-product","3":"status-publish","4":"has-post-thumbnail","6":"product_brand-paid-memberships-pro","7":"product_cat-afiliacion","8":"product_cat-plugins","9":"product_cat-wordpress-plugins","10":"product_tag-paid-memberships-pro","11":"member-discount","12":"discount-restricted","14":"first","15":"instock","16":"sale","17":"downloadable","18":"virtual","19":"sold-individually","20":"purchasable","21":"product-type-simple"},"_links":{"self":[{"href":"https:\/\/gpl-love.com\/es\/wp-json\/wp\/v2\/product\/124510","targetHints":{"allow":["GET"]}}],"collection":[{"href":"https:\/\/gpl-love.com\/es\/wp-json\/wp\/v2\/product"}],"about":[{"href":"https:\/\/gpl-love.com\/es\/wp-json\/wp\/v2\/types\/product"}],"replies":[{"embeddable":true,"href":"https:\/\/gpl-love.com\/es\/wp-json\/wp\/v2\/comments?post=124510"}],"wp:featuredmedia":[{"embeddable":true,"href":"https:\/\/gpl-love.com\/es\/wp-json\/wp\/v2\/media\/167166"}],"wp:attachment":[{"href":"https:\/\/gpl-love.com\/es\/wp-json\/wp\/v2\/media?parent=124510"}],"wp:term":[{"taxonomy":"product_brand","embeddable":true,"href":"https:\/\/gpl-love.com\/es\/wp-json\/wp\/v2\/product_brand?post=124510"},{"taxonomy":"product_cat","embeddable":true,"href":"https:\/\/gpl-love.com\/es\/wp-json\/wp\/v2\/product_cat?post=124510"},{"taxonomy":"product_tag","embeddable":true,"href":"https:\/\/gpl-love.com\/es\/wp-json\/wp\/v2\/product_tag?post=124510"}],"curies":[{"name":"wp","href":"https:\/\/api.w.org\/{rel}","templated":true}]}}