{"id":124508,"date":"2024-02-08T00:00:00","date_gmt":"2024-02-08T05:00:00","guid":{"rendered":"https:\/\/gpl-love.com\/es\/producto\/paid-memberships-pro-member-network-sites-addon\/"},"modified":"2026-04-10T11:21:09","modified_gmt":"2026-04-10T16:21:09","slug":"paid-memberships-pro-member-network-sites-addon","status":"publish","type":"product","link":"https:\/\/gpl-love.com\/es\/producto\/paid-memberships-pro-member-network-sites-addon\/","title":{"rendered":"Paid Memberships Pro Member Network Sites Addon 0.5.4"},"content":{"rendered":"<h3>Paid Memberships Pro Member Network Sites Addon Caracteristicas<\/h3>\n<p>El complemento de la red de miembros de MemberShips Pro MemberShips, un software ingenioso, demuestra ser de gran ayuda para los usuarios que tienen como objetivo establecer una red de membres\u00eda en su sitio web. Al utilizar este complemento, los usuarios pueden administrar sin esfuerzo m\u00faltiples sitios a trav\u00e9s de un solo tablero, establecer niveles de membres\u00eda personalizados y proporcionar a sus miembros caracter\u00edsticas exclusivas. El objetivo principal de este software es mejorar la productividad y ahorrar tiempo valioso, lo que permite a los usuarios concentrarse en generar contenido valioso y expandir su red. Abarca una amplia gama de funcionalidades impresionantes, como la clonaci\u00f3n del sitio, la restricci\u00f3n de contenido y la facturaci\u00f3n automatizada. Para cualquier propietario del sitio web que aspira a construir una red de membres\u00eda pr\u00f3spera, la adquisici\u00f3n de los sitios de redes de miembros de membres\u00edas pagas de membres\u00edas es una necesidad absoluta.<\/p>\n<ul>\n<li>Permite a los propietarios de sitios crear una red de sitios de membres\u00eda<\/li>\n<li>Da a cada sitio la capacidad de ofrecer sus propios niveles y precios \u00fanicos de membres\u00eda<\/li>\n<li>Permite el intercambio de datos de usuarios y credenciales de inicio de sesi\u00f3n en los sitios de red<\/li>\n<li>Ofrece promociones de sitios cruzados y oportunidades de venta adicional a los miembros.<\/li>\n<li>Proporciona un solo tablero para administrar todos los sitios de redes y membres\u00edas<\/li>\n<li>Permite una f\u00e1cil instalaci\u00f3n e integraci\u00f3n con el complemento de membres\u00eda de membres\u00edas de membres\u00edas pagas<\/li>\n<li>Habilita la personalizaci\u00f3n de la marca y el estilo del sitio de red<\/li>\n<li>Ofrece informes avanzados y an\u00e1lisis para el seguimiento del rendimiento del sitio de red<\/li>\n<li>Proporciona acceso a un foro comunitario de apoyo para los usuarios de complementos.<\/li>\n<\/ul>\n","protected":false},"excerpt":{"rendered":"<p>El complemento de la red de miembros de MemberShips Pro Pay Memberships es una soluci\u00f3n excepcional que satisface las necesidades de las empresas y organizaciones que buscan establecer sitios de redes miembros. Al incorporar este complemento en su sistema, obtiene la capacidad de generar redes sin esfuerzo para sus miembros, facilitar el intercambio de contenidos y fomentar las conexiones entre ellos. M\u00e1s significativamente, este complemento ofrece la ventaja de permitir la creaci\u00f3n de un n\u00famero ilimitado de redes, lo que permite una amplia personalizaci\u00f3n de la configuraci\u00f3n de red y la gesti\u00f3n precisa de los permisos de los miembros. Adem\u00e1s, lo equipa con la capacidad de monitorear la actividad de la red, acceder a estad\u00edsticas integrales de miembros y lanzar campa\u00f1as de correo electr\u00f3nico enfocadas. Con la utilizaci\u00f3n del complemento de la red de miembros de MemberShips Pro MemberS, tiene el potencial de construir una comunidad en l\u00ednea extremadamente din\u00e1mica y cautivadora que fomente constantemente fuertes lazos entre sus miembros, asegurando su compromiso continuo y participaci\u00f3n repetida.<\/p>\n","protected":false},"featured_media":167164,"comment_status":"open","ping_status":"open","template":"","meta":[],"product_brand":[2524],"product_cat":[1214,1206,1211],"product_tag":[2255],"class_list":{"0":"post-124508","1":"product","2":"type-product","3":"status-publish","4":"has-post-thumbnail","6":"product_brand-paid-memberships-pro","7":"product_cat-personalizacion","8":"product_cat-plugins","9":"product_cat-wordpress-plugins","10":"product_tag-paid-memberships-pro","11":"member-discount","12":"discount-restricted","14":"first","15":"instock","16":"sale","17":"downloadable","18":"virtual","19":"sold-individually","20":"purchasable","21":"product-type-simple"},"_links":{"self":[{"href":"https:\/\/gpl-love.com\/es\/wp-json\/wp\/v2\/product\/124508","targetHints":{"allow":["GET"]}}],"collection":[{"href":"https:\/\/gpl-love.com\/es\/wp-json\/wp\/v2\/product"}],"about":[{"href":"https:\/\/gpl-love.com\/es\/wp-json\/wp\/v2\/types\/product"}],"replies":[{"embeddable":true,"href":"https:\/\/gpl-love.com\/es\/wp-json\/wp\/v2\/comments?post=124508"}],"wp:featuredmedia":[{"embeddable":true,"href":"https:\/\/gpl-love.com\/es\/wp-json\/wp\/v2\/media\/167164"}],"wp:attachment":[{"href":"https:\/\/gpl-love.com\/es\/wp-json\/wp\/v2\/media?parent=124508"}],"wp:term":[{"taxonomy":"product_brand","embeddable":true,"href":"https:\/\/gpl-love.com\/es\/wp-json\/wp\/v2\/product_brand?post=124508"},{"taxonomy":"product_cat","embeddable":true,"href":"https:\/\/gpl-love.com\/es\/wp-json\/wp\/v2\/product_cat?post=124508"},{"taxonomy":"product_tag","embeddable":true,"href":"https:\/\/gpl-love.com\/es\/wp-json\/wp\/v2\/product_tag?post=124508"}],"curies":[{"name":"wp","href":"https:\/\/api.w.org\/{rel}","templated":true}]}}