{"id":124506,"date":"2025-05-23T00:00:00","date_gmt":"2025-05-23T05:00:00","guid":{"rendered":"https:\/\/gpl-love.com\/es\/producto\/paid-memberships-pro-membership-maps-addon\/"},"modified":"2026-04-10T11:21:10","modified_gmt":"2026-04-10T16:21:10","slug":"paid-memberships-pro-membership-maps-addon","status":"publish","type":"product","link":"https:\/\/gpl-love.com\/es\/producto\/paid-memberships-pro-membership-maps-addon\/","title":{"rendered":"Paid Memberships Pro Membership Maps Addon 0.9"},"content":{"rendered":"<h3>Paid Memberships Pro Membership Maps Addon Caracteristicas<\/h3>\n<p>El complemento de membres\u00eda de membres\u00eda de membres\u00edas pagas es un complemento inmensamente poderoso y robusto, espec\u00edficamente elaborado para satisfacer las necesidades de empresas u organizaciones con el objetivo de mostrar sus diversas ubicaciones de membres\u00eda a trav\u00e9s de un mapa interactivo y visualmente cautivador. Ofrece un medio sin esfuerzo para insertar marcadores personalizados, descripciones vibrantes y niveles de membres\u00eda distintos para cada ubicaci\u00f3n. La apariencia del mapa no solo se puede adaptar meticulosamente para alinearse con el estilo distintivo y la est\u00e9tica visual de su marca, sino que tambi\u00e9n proporciona la conveniencia adicional de ser filtrable en funci\u00f3n del nivel de membres\u00eda o el tipo de ubicaci\u00f3n. Este complemento ejemplar demuestra ser la soluci\u00f3n por excelencia para cualquier empresa o entidad que anhele otorgar a sus estimados miembros una v\u00eda perfecta y f\u00e1cil de usar para ubicar y establecer conexiones sin esfuerzo con otros miembros. En general, el complemento de membres\u00eda de membres\u00eda de membres\u00edas pagas se considera una herramienta excepcional e indispensable, reforzando la experiencia general de membres\u00eda y lo que hace que las interacciones de miembros a miembros sean notablemente m\u00e1s simplificados y sin problemas.<\/p>\n<ul>\n<li>Visualice los miembros de su membres\u00eda de membres\u00eda pagada en un mapa<\/li>\n<li>Personalice f\u00e1cilmente la apariencia del mapa para que coincida con su marca<\/li>\n<li>La vista de mapas le permite ver r\u00e1pidamente d\u00f3nde se encuentran sus miembros a nivel mundial<\/li>\n<li>Compatible con todos los complementos y temas de Memberships Pro pagados<\/li>\n<li>Filtrar y buscar f\u00e1cilmente a sus miembros por ubicaci\u00f3n u otros datos del usuario<\/li>\n<li>Compromiso e interacci\u00f3n de miembros mejorados a trav\u00e9s de campa\u00f1as de marketing geogr\u00e1ficas<\/li>\n<\/ul>\n","protected":false},"excerpt":{"rendered":"<p>El complemento de mapas de membres\u00eda ofrecido por MemberShips Pro pagado es un complemento muy potente que mejora efectivamente la funcionalidad de su sitio de membres\u00eda. Al integrar este complemento, obtiene la capacidad de generar mapas interactivos que muestren la distribuci\u00f3n geogr\u00e1fica de sus miembros, los pr\u00f3ximos eventos y otras informaci\u00f3n cr\u00edtica. Esta caracter\u00edstica permite a sus miembros localizar y establecer conexiones entre s\u00ed, estableciendo as\u00ed una comunidad resistente que fomenta el compromiso y facilita el crecimiento exponencial. Adem\u00e1s, el complemento cuenta con una interfaz f\u00e1cil de usar que permite la personalizaci\u00f3n perfecta, lo que le permite adaptar los mapas para alinearse perfectamente con los elementos \u00fanicos de marca y dise\u00f1o de su sitio. Eleve las capacidades de construcci\u00f3n de la comunidad de su sitio mediante la implementaci\u00f3n del complemento de membres de membres\u00eda de membres\u00edas pagas.<\/p>\n","protected":false},"featured_media":167165,"comment_status":"open","ping_status":"open","template":"","meta":[],"product_brand":[2524],"product_cat":[1214,1206,1211],"product_tag":[2255],"class_list":{"0":"post-124506","1":"product","2":"type-product","3":"status-publish","4":"has-post-thumbnail","6":"product_brand-paid-memberships-pro","7":"product_cat-personalizacion","8":"product_cat-plugins","9":"product_cat-wordpress-plugins","10":"product_tag-paid-memberships-pro","11":"member-discount","12":"discount-restricted","14":"first","15":"instock","16":"sale","17":"downloadable","18":"virtual","19":"sold-individually","20":"purchasable","21":"product-type-simple"},"_links":{"self":[{"href":"https:\/\/gpl-love.com\/es\/wp-json\/wp\/v2\/product\/124506","targetHints":{"allow":["GET"]}}],"collection":[{"href":"https:\/\/gpl-love.com\/es\/wp-json\/wp\/v2\/product"}],"about":[{"href":"https:\/\/gpl-love.com\/es\/wp-json\/wp\/v2\/types\/product"}],"replies":[{"embeddable":true,"href":"https:\/\/gpl-love.com\/es\/wp-json\/wp\/v2\/comments?post=124506"}],"wp:featuredmedia":[{"embeddable":true,"href":"https:\/\/gpl-love.com\/es\/wp-json\/wp\/v2\/media\/167165"}],"wp:attachment":[{"href":"https:\/\/gpl-love.com\/es\/wp-json\/wp\/v2\/media?parent=124506"}],"wp:term":[{"taxonomy":"product_brand","embeddable":true,"href":"https:\/\/gpl-love.com\/es\/wp-json\/wp\/v2\/product_brand?post=124506"},{"taxonomy":"product_cat","embeddable":true,"href":"https:\/\/gpl-love.com\/es\/wp-json\/wp\/v2\/product_cat?post=124506"},{"taxonomy":"product_tag","embeddable":true,"href":"https:\/\/gpl-love.com\/es\/wp-json\/wp\/v2\/product_tag?post=124506"}],"curies":[{"name":"wp","href":"https:\/\/api.w.org\/{rel}","templated":true}]}}