{"id":124504,"date":"2025-04-02T00:00:00","date_gmt":"2025-04-02T05:00:00","guid":{"rendered":"https:\/\/gpl-love.com\/es\/producto\/paid-memberships-pro-member-badges-addon\/"},"modified":"2026-04-10T11:21:08","modified_gmt":"2026-04-10T16:21:08","slug":"paid-memberships-pro-member-badges-addon","status":"publish","type":"product","link":"https:\/\/gpl-love.com\/es\/producto\/paid-memberships-pro-member-badges-addon\/","title":{"rendered":"Paid Memberships Pro Member Badges Addon 1.1"},"content":{"rendered":"<h3>Paid Memberships Pro Member Badges Addon Caracteristicas<\/h3>\n<p>El complemento de Memberships Pro Members de MemberShips sirve como una herramienta encomiable que otorga a los propietarios de membres\u00eda a los propietarios de la capacidad de generar y asignar insignias exclusivas a sus miembros. Este complemento particular se integra perfectamente con las membres\u00edas pagas Pro, facilitando as\u00ed a los administradores para elaborar diversos niveles de membres\u00eda junto con sus insignias correspondientes. Estas insignias poseen la flexibilidad de ser personalizados con una variedad de tonos, iconos y componentes textuales, y pueden configurarse para exhibirse en perfiles de miembros, foros y varias otras secciones del sitio web. Al emplear el complemento de membres\u00edas de membres\u00edas pagadas, la propiedad de los sitios de membres\u00eda tiene la conveniencia de reconocer y compensar a sus miembros por su inquebrantable lealtad, participaci\u00f3n activa y logros notables, en consecuencia fomentando un mayor sentido de retenci\u00f3n y satisfacci\u00f3n de los miembros.<\/p>\n<ul>\n<li>Agrega una insignia visualmente atractiva para mostrar en el perfil o sitio web de un usuario<\/li>\n<li>Los miembros pueden ganar insignias a trav\u00e9s de logros o hitos<\/li>\n<li>Permite la personalizaci\u00f3n del color y la forma de la insignia para que coincida con la marca o el dise\u00f1o del sitio<\/li>\n<li>Proporciona un elemento de gamificaci\u00f3n a los programas de membres\u00eda<\/li>\n<li>Se puede utilizar como herramienta de marketing para promover los beneficios e incentivos de la membres\u00eda<\/li>\n<li>Proporciona valor agregado a los programas de membres\u00eda y fomenta la retenci\u00f3n de membres\u00eda<\/li>\n<li>F\u00e1cil de instalar y configurar en un sitio Pro Page Memberships Pro<\/li>\n<li>Compatible con la mayor\u00eda de los temas y complementos de WordPress<\/li>\n<li>Proporciona una forma divertida e interactiva para que los miembros muestren su nivel de compromiso y dedicaci\u00f3n a la comunidad.<\/li>\n<\/ul>\n","protected":false},"excerpt":{"rendered":"<p>El complemento de Memberships Pro Member Addon, una herramienta excepcional y altamente eficiente, ofrece capacidades de gesti\u00f3n y expansi\u00f3n incomparables para su programa de membres\u00eda. A trav\u00e9s de la utilizaci\u00f3n de este complemento extraordinario, tendr\u00e1 la capacidad de generar y personalizar insignias sin esfuerzo para varios niveles de membres\u00eda, acentuando las ventajas y privilegios asociados con cada nivel. Adem\u00e1s, estas insignias poseen la notable capacidad para exhibirse prominentemente en los perfiles de miembros o en todo su sitio web, fomentando as\u00ed una atm\u00f3sfera de exclusividad y camarader\u00eda entre sus estimados miembros. Adem\u00e1s, vale la pena se\u00f1alar que este complemento se integra perfectamente con las caracter\u00edsticas preexistentes de las membres\u00edas pagas Pro, lo que lo convierte en un activo indispensable para cualquier organizaci\u00f3n que se esfuerce por aumentar la participaci\u00f3n y cultivar lealtad inquebrantable dentro de su preciada base de membres\u00eda.<\/p>\n","protected":false},"featured_media":167163,"comment_status":"open","ping_status":"open","template":"","meta":[],"product_brand":[2524],"product_cat":[1214,1206,1211],"product_tag":[2255],"class_list":{"0":"post-124504","1":"product","2":"type-product","3":"status-publish","4":"has-post-thumbnail","6":"product_brand-paid-memberships-pro","7":"product_cat-personalizacion","8":"product_cat-plugins","9":"product_cat-wordpress-plugins","10":"product_tag-paid-memberships-pro","11":"member-discount","12":"discount-restricted","14":"first","15":"instock","16":"sale","17":"downloadable","18":"virtual","19":"sold-individually","20":"purchasable","21":"product-type-simple"},"_links":{"self":[{"href":"https:\/\/gpl-love.com\/es\/wp-json\/wp\/v2\/product\/124504","targetHints":{"allow":["GET"]}}],"collection":[{"href":"https:\/\/gpl-love.com\/es\/wp-json\/wp\/v2\/product"}],"about":[{"href":"https:\/\/gpl-love.com\/es\/wp-json\/wp\/v2\/types\/product"}],"replies":[{"embeddable":true,"href":"https:\/\/gpl-love.com\/es\/wp-json\/wp\/v2\/comments?post=124504"}],"wp:featuredmedia":[{"embeddable":true,"href":"https:\/\/gpl-love.com\/es\/wp-json\/wp\/v2\/media\/167163"}],"wp:attachment":[{"href":"https:\/\/gpl-love.com\/es\/wp-json\/wp\/v2\/media?parent=124504"}],"wp:term":[{"taxonomy":"product_brand","embeddable":true,"href":"https:\/\/gpl-love.com\/es\/wp-json\/wp\/v2\/product_brand?post=124504"},{"taxonomy":"product_cat","embeddable":true,"href":"https:\/\/gpl-love.com\/es\/wp-json\/wp\/v2\/product_cat?post=124504"},{"taxonomy":"product_tag","embeddable":true,"href":"https:\/\/gpl-love.com\/es\/wp-json\/wp\/v2\/product_tag?post=124504"}],"curies":[{"name":"wp","href":"https:\/\/api.w.org\/{rel}","templated":true}]}}