{"id":124502,"date":"2024-02-14T00:00:00","date_gmt":"2024-02-14T05:00:00","guid":{"rendered":"https:\/\/gpl-love.com\/es\/producto\/paid-memberships-pro-custom-level-cost-text-addon\/"},"modified":"2026-04-10T11:21:03","modified_gmt":"2026-04-10T16:21:03","slug":"paid-memberships-pro-custom-level-cost-text-addon","status":"publish","type":"product","link":"https:\/\/gpl-love.com\/es\/producto\/paid-memberships-pro-custom-level-cost-text-addon\/","title":{"rendered":"Paid Memberships Pro Custom Level Cost Text Addon 0.4.2"},"content":{"rendered":"<h3>Paid Memberships Pro Custom Level Cost Text Addon Caracteristicas<\/h3>\n<p>El complemento de texto de costo de nivel personalizado de membres\u00edas pagadas, reconocido por su inmensa destreza, sirve como un recurso invaluable para las empresas que desean ofrecer niveles de membres\u00eda personalizados a su estimada clientela. Este extraordinario complemento capacita a los usuarios al proporcionarles un medio perfecto para establecer costos a medida para sus niveles de membres\u00eda, d\u00e1ndoles as\u00ed de flexibilidad y dominio sin precedentes sobre sus estrategias de precios. En virtud de la capacidad de adaptar meticulosamente el texto para cada nivel de membres\u00eda, los usuarios pueden inventar proposiciones \u00fanicas y atractivas, meticulosamente adaptadas para satisfacer los distintos requisitos de su clientela distinguida. Adem\u00e1s, el complemento manifiesta un proceso de instalaci\u00f3n y configuraci\u00f3n sin esfuerzo, lo que lo hace f\u00e1cilmente accesible para personas de diferentes niveles de competencia. En resumen, el complemento de texto de nivel de nivel personalizado de membres\u00edas pagadas se erige como un instrumento indispensable para empresas que buscan optimizar sus flujos de ingresos a trav\u00e9s de la implementaci\u00f3n de ofertas de membres\u00eda personalizadas.<\/p>\n<ul>\n<li>Le permite personalizar el texto de costo que se muestra a sus usuarios para cada nivel de membres\u00eda personalizado en MemberShips PROM PRO.<\/li>\n<li>Proporciona flexibilidad y control sobre c\u00f3mo se presenta el precio de su membres\u00eda a sus usuarios.<\/li>\n<li>Ayuda a mantener la consistencia en su marca y mensajes al permitirle usar su propia terminolog\u00eda y lenguaje.<\/li>\n<li>Asegura que sus usuarios reciban informaci\u00f3n clara y precisa sobre los costos asociados con cada nivel de membres\u00eda.<\/li>\n<li>F\u00e1cil de instalar y usar, con configuraciones simples que le permiten configurar el complemento en sus necesidades espec\u00edficas.<\/li>\n<li>Dise\u00f1ado para integrarse a la perfecci\u00f3n con MemberShips Pro pagado, el complemento de gesti\u00f3n de membres\u00eda l\u00edder para WordPress.<\/li>\n<li>Proporciona informaci\u00f3n valiosa sobre su estrategia de precios de membres\u00eda, lo que le permite ajustar sus niveles de membres\u00eda y niveles de precios para optimizar sus ingresos.<\/li>\n<li>Le ahorra tiempo y esfuerzo al automatizar el proceso de personalizaci\u00f3n de su texto de costo de membres\u00eda, liber\u00e1ndole para concentrarse en otros aspectos de su negocio.<\/li>\n<\/ul>\n","protected":false},"excerpt":{"rendered":"<p>El complemento de texto de costo de nivel personalizado de membres\u00edas pagas, una herramienta incre\u00edblemente potente, le otorga la capacidad de generar y supervisar los niveles de membres\u00eda personalizados para su sitio web o negocio. A trav\u00e9s de la utilizaci\u00f3n de este complemento, se le otorga la capacidad de agregar texto de costo personalizado a sus niveles de membres\u00eda, lo que permite a sus usuarios obtener una comprensi\u00f3n l\u00facida de las tarifas asociadas para cada nivel respectivo. En particular, este complemento posee una interfaz inherentemente f\u00e1cil de usar, lo que lo hace susceptible de personalizaci\u00f3n y funciona sin problemas junto con las membres\u00edas pagas Pro, aumentando as\u00ed su eficacia en la gesti\u00f3n de su programa de membres\u00eda. Independientemente de si opera un sitio web orientado a la membres\u00eda, facilita los cursos en l\u00ednea u ofrece un servicio de suscripci\u00f3n, este complemento es una necesidad absoluta para optimizar sus procedimientos de pago y mejorar la conveniencia del usuario.<\/p>\n","protected":false},"featured_media":167156,"comment_status":"open","ping_status":"open","template":"","meta":[],"product_brand":[2524],"product_cat":[1325,1206,1211],"product_tag":[2255],"class_list":{"0":"post-124502","1":"product","2":"type-product","3":"status-publish","4":"has-post-thumbnail","6":"product_brand-paid-memberships-pro","7":"product_cat-afiliacion","8":"product_cat-plugins","9":"product_cat-wordpress-plugins","10":"product_tag-paid-memberships-pro","11":"member-discount","12":"discount-restricted","14":"first","15":"instock","16":"sale","17":"downloadable","18":"virtual","19":"sold-individually","20":"purchasable","21":"product-type-simple"},"_links":{"self":[{"href":"https:\/\/gpl-love.com\/es\/wp-json\/wp\/v2\/product\/124502","targetHints":{"allow":["GET"]}}],"collection":[{"href":"https:\/\/gpl-love.com\/es\/wp-json\/wp\/v2\/product"}],"about":[{"href":"https:\/\/gpl-love.com\/es\/wp-json\/wp\/v2\/types\/product"}],"replies":[{"embeddable":true,"href":"https:\/\/gpl-love.com\/es\/wp-json\/wp\/v2\/comments?post=124502"}],"wp:featuredmedia":[{"embeddable":true,"href":"https:\/\/gpl-love.com\/es\/wp-json\/wp\/v2\/media\/167156"}],"wp:attachment":[{"href":"https:\/\/gpl-love.com\/es\/wp-json\/wp\/v2\/media?parent=124502"}],"wp:term":[{"taxonomy":"product_brand","embeddable":true,"href":"https:\/\/gpl-love.com\/es\/wp-json\/wp\/v2\/product_brand?post=124502"},{"taxonomy":"product_cat","embeddable":true,"href":"https:\/\/gpl-love.com\/es\/wp-json\/wp\/v2\/product_cat?post=124502"},{"taxonomy":"product_tag","embeddable":true,"href":"https:\/\/gpl-love.com\/es\/wp-json\/wp\/v2\/product_tag?post=124502"}],"curies":[{"name":"wp","href":"https:\/\/api.w.org\/{rel}","templated":true}]}}