{"id":124489,"date":"2022-03-14T00:00:00","date_gmt":"2022-03-14T05:00:00","guid":{"rendered":"https:\/\/gpl-love.com\/es\/producto\/paid-member-subscriptions-navigation-menu-filtering-addon\/"},"modified":"2026-04-10T11:20:52","modified_gmt":"2026-04-10T16:20:52","slug":"paid-member-subscriptions-navigation-menu-filtering-addon","status":"publish","type":"product","link":"https:\/\/gpl-love.com\/es\/producto\/paid-member-subscriptions-navigation-menu-filtering-addon\/","title":{"rendered":"Paid Member Subscriptions Navigation Menu Filtering Addon 1.1.0"},"content":{"rendered":"<h3>Paid Member Subscriptions Navigation Menu Filtering Addon Caracteristicas<\/h3>\n<p>El complemento de Filtrado del men\u00fa de navegaci\u00f3n de suscripciones de miembros pagos, una herramienta incre\u00edblemente poderosa, ha sido meticulosamente dise\u00f1ada para mejorar y optimizar la experiencia del usuario en su estimado sitio de membres\u00eda. Al incorporar este complemento excepcional, est\u00e1 facultado para construir men\u00fas de navegaci\u00f3n personalizados sin esfuerzo, impecablemente adaptados para cumplir con los distintos requisitos y preferencias de sus miembros estimados. Con una amplia gama de opciones de filtrado notables a su disposici\u00f3n, sus miembros podr\u00e1n localizar r\u00e1pidamente y sin esfuerzo el contenido deseado que buscan, simplificando as\u00ed su experiencia de navegaci\u00f3n en el sitio en un grado sin precedentes. Ya sea que su objetivo principal es elevar la experiencia del usuario en su sitio de membres\u00eda o facilitar el acceso sin problemas a informaci\u00f3n indispensable para sus miembros valorados, no se puede exagerar la indispensabilidad de las suscripciones de los miembros pagos del men\u00fa de navegaci\u00f3n Filtrado. En resumen, es una necesidad absoluta para cualquier propietario del sitio de membres\u00eda concienzudo y dedicado.<\/p>\n<ul>\n<li>Mejora las opciones de filtrado del men\u00fa de navegaci\u00f3n para el complemento de suscripciones de miembro pagado<\/li>\n<li>Permite el filtrado personalizado de sus niveles y suscripciones de membres\u00eda<\/li>\n<li>Permite a los usuarios navegar de manera r\u00e1pida y f\u00e1cil al contenido y las caracter\u00edsticas asociadas con su nivel de membres\u00eda espec\u00edfico<\/li>\n<li>Proporciona una mejor experiencia de usuario para sus miembros, aumentando las tasas de retenci\u00f3n y participaci\u00f3n.<\/li>\n<li>Simplifica el sistema de navegaci\u00f3n de su sitio para visitantes y no miembros, reduciendo la confusi\u00f3n y mejorando la usabilidad general<\/li>\n<li>Se puede integrar f\u00e1cilmente con el complemento de suscripciones de miembro pagado y personalizarse para adaptarse a las necesidades \u00fanicas de dise\u00f1o y funcionalidad de su sitio.<\/li>\n<li>Ayuda a optimizar el sistema de gesti\u00f3n de membres\u00eda de su sitio, facilitando la administraci\u00f3n y rastrear los datos y la actividad de los miembros.<\/li>\n<\/ul>\n","protected":false},"excerpt":{"rendered":"<p>El complemento de filtrado del men\u00fa de navegaci\u00f3n de suscripciones de miembros pagados demuestra ser un activo vital en la gesti\u00f3n efectiva del acceso de los usuarios a su sitio web. Al aprovechar este complemento, obtiene la capacidad de adaptar el men\u00fa de navegaci\u00f3n de acuerdo con los roles de usuario y los niveles de suscripci\u00f3n, lo que garantiza que el acceso exclusivo a secciones espec\u00edficas de su sitio se otorgue \u00fanicamente a las personas autorizadas. Adem\u00e1s, la simplicidad y la facilidad de instalaci\u00f3n asociada con este complemento lo convierten en una opci\u00f3n perfecta para cualquier sitio web que busque implementar el control de acceso de la membres\u00eda.<\/p>\n","protected":false},"featured_media":167143,"comment_status":"open","ping_status":"open","template":"","meta":[],"product_brand":[2523],"product_cat":[1214,1206,1211],"product_tag":[2277],"class_list":{"0":"post-124489","1":"product","2":"type-product","3":"status-publish","4":"has-post-thumbnail","6":"product_brand-cozmoslabs","7":"product_cat-personalizacion","8":"product_cat-plugins","9":"product_cat-wordpress-plugins","10":"product_tag-cozmoslabs","11":"member-discount","12":"discount-restricted","14":"first","15":"instock","16":"sale","17":"downloadable","18":"virtual","19":"sold-individually","20":"purchasable","21":"product-type-simple"},"_links":{"self":[{"href":"https:\/\/gpl-love.com\/es\/wp-json\/wp\/v2\/product\/124489","targetHints":{"allow":["GET"]}}],"collection":[{"href":"https:\/\/gpl-love.com\/es\/wp-json\/wp\/v2\/product"}],"about":[{"href":"https:\/\/gpl-love.com\/es\/wp-json\/wp\/v2\/types\/product"}],"replies":[{"embeddable":true,"href":"https:\/\/gpl-love.com\/es\/wp-json\/wp\/v2\/comments?post=124489"}],"wp:featuredmedia":[{"embeddable":true,"href":"https:\/\/gpl-love.com\/es\/wp-json\/wp\/v2\/media\/167143"}],"wp:attachment":[{"href":"https:\/\/gpl-love.com\/es\/wp-json\/wp\/v2\/media?parent=124489"}],"wp:term":[{"taxonomy":"product_brand","embeddable":true,"href":"https:\/\/gpl-love.com\/es\/wp-json\/wp\/v2\/product_brand?post=124489"},{"taxonomy":"product_cat","embeddable":true,"href":"https:\/\/gpl-love.com\/es\/wp-json\/wp\/v2\/product_cat?post=124489"},{"taxonomy":"product_tag","embeddable":true,"href":"https:\/\/gpl-love.com\/es\/wp-json\/wp\/v2\/product_tag?post=124489"}],"curies":[{"name":"wp","href":"https:\/\/api.w.org\/{rel}","templated":true}]}}