{"id":124487,"date":"2022-03-14T00:00:00","date_gmt":"2022-03-14T05:00:00","guid":{"rendered":"https:\/\/gpl-love.com\/es\/producto\/paid-member-subscriptions-bbpress-addon\/"},"modified":"2026-04-10T11:20:44","modified_gmt":"2026-04-10T16:20:44","slug":"paid-member-subscriptions-bbpress-addon","status":"publish","type":"product","link":"https:\/\/gpl-love.com\/es\/producto\/paid-member-subscriptions-bbpress-addon\/","title":{"rendered":"Paid Member Subscriptions bbPress Addon 1.0.2"},"content":{"rendered":"<h3>Paid Member Subscriptions bbPress Addon Caracteristicas<\/h3>\n<p>Las suscripciones de miembros remunerados BbPress Addon sirven como un instrumento crucial para las personas que poseen sitios web y aspiran a establecer sitios de membres\u00eda junto con foros de discusi\u00f3n. Este complemento particular permite a los usuarios la capacidad de restringir la entrada a las discusiones del foro en funci\u00f3n de sus respectivos niveles de membres\u00eda, lo que garantiza que los miembros que pagan \u00fanicamente son capaces de acceder a contenido selecto. La integraci\u00f3n perfecta con el complemento BBPress mejora a\u00fan m\u00e1s la funcionalidad de este complemento, racionalizando la gesti\u00f3n de las membres\u00edas y las discusiones de foro dentro de una sola plataforma unificada. Adem\u00e1s, el complemento expande su utilidad a trav\u00e9s de una variedad diversa de opciones de personalizaci\u00f3n, lo que permite a los propietarios de sitios web sintonizar finamente el complemento de acuerdo con sus requisitos \u00fanicos. Colectivamente, las suscripciones de miembros remunerados BBPress Addon encarna un activo indispensable para las personas que buscan fomentar una comunidad de membres\u00eda floreciente acompa\u00f1ada de discusiones cautivadoras.<\/p>\n<ul>\n<li>Habilita la integraci\u00f3n entre suscripciones de miembros pagos y BBPress<\/li>\n<li>Le permite restringir el acceso a foros espec\u00edficos de BBPress en funci\u00f3n de los niveles de membres\u00eda<\/li>\n<li>Proporciona una integraci\u00f3n perfecta con el dise\u00f1o y el tema de su sitio web<\/li>\n<li>Le da control sobre qui\u00e9n puede crear nuevos temas o responder a los existentes en sus foros de BBPress<\/li>\n<li>Ofrece un proceso sencillo de configuraci\u00f3n y configuraci\u00f3n para que pueda comenzar a restringir el acceso inmediatamente<\/li>\n<li>Viene con el apoyo dedicado de nuestro equipo para ayudarlo a resolver cualquier problema o responder cualquier pregunta que pueda tener sobre el complemento<\/li>\n<li>Le ayuda a monetizar sus foros de BBPress proporcionando m\u00e1s valor a sus miembros que pagan al tiempo que incentivan a otros a actualizar su nivel de membres\u00eda.<\/li>\n<\/ul>\n","protected":false},"excerpt":{"rendered":"<p>Las suscripciones de miembros pagados BBPress Addon, un complemento f\u00e1cil de usar, ofrece una integraci\u00f3n perfecta de los foros de BBPress en su sitio de membres\u00eda de suscripciones de miembros pagados. A trav\u00e9s de la utilizaci\u00f3n de este complemento, puede establecer sin esfuerzo foros exclusivos accesibles \u00fanicamente para pagar a los miembros y restringir a\u00fan m\u00e1s el acceso a foros espec\u00edficos de acuerdo con los niveles de suscripci\u00f3n. Esta potente amalgamaci\u00f3n garantiza el compromiso sostenido de su comunidad, la preservaci\u00f3n de su valioso contenido y la expansi\u00f3n perpetua de su flujo de ingresos.<\/p>\n","protected":false},"featured_media":167134,"comment_status":"open","ping_status":"open","template":"","meta":[],"product_brand":[2523],"product_cat":[1214,1206,1211],"product_tag":[2277],"class_list":{"0":"post-124487","1":"product","2":"type-product","3":"status-publish","4":"has-post-thumbnail","6":"product_brand-cozmoslabs","7":"product_cat-personalizacion","8":"product_cat-plugins","9":"product_cat-wordpress-plugins","10":"product_tag-cozmoslabs","11":"member-discount","12":"discount-restricted","14":"first","15":"instock","16":"sale","17":"downloadable","18":"virtual","19":"sold-individually","20":"purchasable","21":"product-type-simple"},"_links":{"self":[{"href":"https:\/\/gpl-love.com\/es\/wp-json\/wp\/v2\/product\/124487","targetHints":{"allow":["GET"]}}],"collection":[{"href":"https:\/\/gpl-love.com\/es\/wp-json\/wp\/v2\/product"}],"about":[{"href":"https:\/\/gpl-love.com\/es\/wp-json\/wp\/v2\/types\/product"}],"replies":[{"embeddable":true,"href":"https:\/\/gpl-love.com\/es\/wp-json\/wp\/v2\/comments?post=124487"}],"wp:featuredmedia":[{"embeddable":true,"href":"https:\/\/gpl-love.com\/es\/wp-json\/wp\/v2\/media\/167134"}],"wp:attachment":[{"href":"https:\/\/gpl-love.com\/es\/wp-json\/wp\/v2\/media?parent=124487"}],"wp:term":[{"taxonomy":"product_brand","embeddable":true,"href":"https:\/\/gpl-love.com\/es\/wp-json\/wp\/v2\/product_brand?post=124487"},{"taxonomy":"product_cat","embeddable":true,"href":"https:\/\/gpl-love.com\/es\/wp-json\/wp\/v2\/product_cat?post=124487"},{"taxonomy":"product_tag","embeddable":true,"href":"https:\/\/gpl-love.com\/es\/wp-json\/wp\/v2\/product_tag?post=124487"}],"curies":[{"name":"wp","href":"https:\/\/api.w.org\/{rel}","templated":true}]}}