{"id":124485,"date":"2022-09-23T00:00:00","date_gmt":"2022-09-23T05:00:00","guid":{"rendered":"https:\/\/gpl-love.com\/es\/producto\/paid-member-subscriptions-global-content-restriction-addon\/"},"modified":"2026-04-10T11:20:48","modified_gmt":"2026-04-10T16:20:48","slug":"paid-member-subscriptions-global-content-restriction-addon","status":"publish","type":"product","link":"https:\/\/gpl-love.com\/es\/producto\/paid-member-subscriptions-global-content-restriction-addon\/","title":{"rendered":"Paid Member Subscriptions Global Content Restriction Addon 1.0.9"},"content":{"rendered":"<h3>Paid Member Subscriptions Global Content Restriction Addon Caracteristicas<\/h3>\n<p>El complemento de restricci\u00f3n de contenido global de suscripciones de miembros pagos, una herramienta indispensable para empresas en l\u00ednea que proporcionan membres\u00edas pagas, sirve como un medio para restringir el acceso al contenido exclusivamente para aquellos que han pagado por la membres\u00eda. Al hacerlo, este complemento otorga la capacidad de salvaguardar contenido valioso de usuarios no autorizados, asegurando que solo las personas que han realizado los pagos necesarios pueden ingresar. Con una facilidad de instalaci\u00f3n y la capacidad de adaptarla para adaptarse a los requisitos espec\u00edficos, este complemento permite la restricci\u00f3n del acceso a p\u00e1ginas web individuales, publicaciones o incluso categor\u00edas completas. Adem\u00e1s, faculta a los usuarios establecer niveles variables de acceso basados \u200b\u200ben el tipo de membres\u00eda. Con la inclusi\u00f3n del complemento de restricci\u00f3n de contenido global de las suscripciones de miembros pagos, los usuarios pueden confiscar el control sobre su contenido, garantizando que los miembros pagos reciban el acceso exclusivo que merecen.<\/p>\n<ul>\n<li>Restringir el acceso al contenido en su sitio web en funci\u00f3n de los niveles de membres\u00eda o los roles de usuario<\/li>\n<li>Configurar reglas de restricci\u00f3n de contenido global para aplicar a todas las p\u00e1ginas\/publicaciones o categor\u00edas\/etiquetas espec\u00edficas<\/li>\n<li>Cree mensajes personalizados para mostrar a los usuarios que no tienen permiso para ver el contenido restringido<\/li>\n<li>Compatible con m\u00faltiples pasarelas de pago para una integraci\u00f3n perfecta con su sitio de membres\u00eda<\/li>\n<li>Interfaz simple y f\u00e1cil de usar para administrar restricciones de contenido global y niveles de membres\u00eda<\/li>\n<li>Muestra autom\u00e1ticamente el contenido restringido en los resultados de b\u00fasqueda para usuarios de sesi\u00f3n registrados, alent\u00e1ndolos a registrarse para obtener una membres\u00eda<\/li>\n<li>Opciones flexibles para la restricci\u00f3n de contenido, incluida la ocultaci\u00f3n por completo o mostrar un teaser\/vista previa<\/li>\n<li>Experiencia de usuario mejorada e incentivos para que los usuarios actualicen a niveles de membres\u00eda m\u00e1s altos en funci\u00f3n del acceso al contenido restringido.<\/li>\n<\/ul>\n","protected":false},"excerpt":{"rendered":"<p>Si usted es propietario de un sitio web que busca ejercer control sobre la accesibilidad de su contenido en todo el mundo, nuestras suscripciones de miembros pagos global de restricci\u00f3n de contenido es la soluci\u00f3n ideal para usted. Al utilizar este complemento, puede regular sin esfuerzo la entrada a todo su sitio web, otorgando as\u00ed privilegios exclusivos \u00fanicamente a sus estimados miembros pagos. La instalaci\u00f3n y la utilizaci\u00f3n de nuestro complemento es un proceso sin problemas, que se integra perfectamente con el complemento de suscripciones de miembros pagados ampliamente aclamados para WordPress. Ac\u00e9tese con la ardua tarea de administrar manualmente las restricciones de contenido y adoptar el futuro actualizando hoy nuestro complemento de restricci\u00f3n de contenido global de vanguardia.<\/p>\n","protected":false},"featured_media":167139,"comment_status":"open","ping_status":"open","template":"","meta":[],"product_brand":[2523],"product_cat":[1325,1206,1211],"product_tag":[2277],"class_list":{"0":"post-124485","1":"product","2":"type-product","3":"status-publish","4":"has-post-thumbnail","6":"product_brand-cozmoslabs","7":"product_cat-afiliacion","8":"product_cat-plugins","9":"product_cat-wordpress-plugins","10":"product_tag-cozmoslabs","11":"member-discount","12":"discount-restricted","14":"first","15":"instock","16":"sale","17":"downloadable","18":"virtual","19":"sold-individually","20":"purchasable","21":"product-type-simple"},"_links":{"self":[{"href":"https:\/\/gpl-love.com\/es\/wp-json\/wp\/v2\/product\/124485","targetHints":{"allow":["GET"]}}],"collection":[{"href":"https:\/\/gpl-love.com\/es\/wp-json\/wp\/v2\/product"}],"about":[{"href":"https:\/\/gpl-love.com\/es\/wp-json\/wp\/v2\/types\/product"}],"replies":[{"embeddable":true,"href":"https:\/\/gpl-love.com\/es\/wp-json\/wp\/v2\/comments?post=124485"}],"wp:featuredmedia":[{"embeddable":true,"href":"https:\/\/gpl-love.com\/es\/wp-json\/wp\/v2\/media\/167139"}],"wp:attachment":[{"href":"https:\/\/gpl-love.com\/es\/wp-json\/wp\/v2\/media?parent=124485"}],"wp:term":[{"taxonomy":"product_brand","embeddable":true,"href":"https:\/\/gpl-love.com\/es\/wp-json\/wp\/v2\/product_brand?post=124485"},{"taxonomy":"product_cat","embeddable":true,"href":"https:\/\/gpl-love.com\/es\/wp-json\/wp\/v2\/product_cat?post=124485"},{"taxonomy":"product_tag","embeddable":true,"href":"https:\/\/gpl-love.com\/es\/wp-json\/wp\/v2\/product_tag?post=124485"}],"curies":[{"name":"wp","href":"https:\/\/api.w.org\/{rel}","templated":true}]}}