{"id":124481,"date":"2022-03-14T00:00:00","date_gmt":"2022-03-14T05:00:00","guid":{"rendered":"https:\/\/gpl-love.com\/es\/producto\/paid-member-subscriptions-pay-what-you-want-addon\/"},"modified":"2026-04-10T11:20:52","modified_gmt":"2026-04-10T16:20:52","slug":"paid-member-subscriptions-pay-what-you-want-addon","status":"publish","type":"product","link":"https:\/\/gpl-love.com\/es\/producto\/paid-member-subscriptions-pay-what-you-want-addon\/","title":{"rendered":"Paid Member Subscriptions Pay What You Want Addon 1.0.7"},"content":{"rendered":"<h3>Paid Member Subscriptions Pay What You Want Addon Caracteristicas<\/h3>\n<p>Las suscripciones de miembros pagos pagan lo que desea complementar es una herramienta incre\u00edblemente robusta y avanzada que le otorga la incre\u00edble capacidad de proporcionar a sus estimados clientes una amplia gama de opciones de precios que son flexibles y complacientes. Al aprovechar el poder de este notable complemento, podr\u00e1 establecer sin esfuerzo un sitio de membres\u00eda que sea totalmente capaz de aceptar pagos que est\u00e1n completamente determinados por la discreci\u00f3n y los deseos de sus valiosos miembros, brind\u00e1ndoles la notable oportunidad de designar su propia Precio para el acceso sin restricciones a su contenido impecablemente elaborado. Adem\u00e1s, este complemento extraordinario es incre\u00edblemente f\u00e1cil de usar y asombrosamente personalizable, lo que le permite adaptar sin esfuerzo sus caracter\u00edsticas para alinearse sin problemas con sus requisitos espec\u00edficos y \u00fanicos. Al adoptar e implementar las suscripciones de miembros pagos pagan lo que desea complementando, sin duda podr\u00e1 elevar su sitio de membres\u00eda a alturas sin precedentes, ofreciendo una propuesta de valor inimitable y cautivadora a sus estimados clientes que no tienen paralelo en naturaleza.<\/p>\n<ul>\n<li>Opciones de pago personalizables para suscripciones de miembros pagos<\/li>\n<li>Capacidad para permitir a los clientes pagar lo que quieren por suscripciones<\/li>\n<li>Establecer montos de pago m\u00ednimo y m\u00e1ximo<\/li>\n<li>Opci\u00f3n para mostrar los montos de pago sugeridos<\/li>\n<li>Integraci\u00f3n f\u00e1cil con el complemento de suscripciones de miembros pagos existentes<\/li>\n<li>Procesamiento de pagos a trav\u00e9s de varias puertas de enlace, incluidos PayPal y Stripe<\/li>\n<li>Informes detallados y an\u00e1lisis para rastrear datos de pago<\/li>\n<li>Estrategia de precios flexibles para objetivos comerciales \u00fanicos<\/li>\n<li>Caracter\u00edsticas avanzadas como la redirecci\u00f3n posterior al pago y los c\u00f3digos de cup\u00f3n<\/li>\n<li>Experiencia de usuario mejorada para los clientes que valoran la asequibilidad y la flexibilidad.<\/li>\n<\/ul>\n","protected":false},"excerpt":{"rendered":"<p>Las suscripciones de miembros pagos pagan lo que desea complementar es una herramienta incre\u00edblemente vers\u00e1til e inmensamente poderosa que otorga a los usuarios la capacidad excepcional para determinar y establecer de forma aut\u00f3noma su propio precio deseado para sus suscripciones de membres\u00eda. Al incorporar este notable complemento en su sitio de membres\u00eda, puede colocar de manera efectiva y eficiente en un mayor n\u00famero de personas al brindarles la flexibilidad incomparable para seleccionar personalmente un precio de suscripci\u00f3n que sea m\u00e1s adecuado y ventajoso para sus circunstancias \u00fanicas. Adem\u00e1s, la simplicidad y la eficiencia con la que este complemento se puede instalar y administrar sin esfuerzo, lo que lo convierte en un activo excepcionalmente valioso e indispensable para cualquier sitio de membres\u00eda. No pierda tiempo y aproveche r\u00e1pidamente la oportunidad de adquirir acceso inmediato a este complemento extraordinario, iniciando as\u00ed el proceso de personalizaci\u00f3n impecablemente y adaptaci\u00f3n de sus opciones de suscripci\u00f3n para alinearse perfectamente con sus preferencias y requisitos individuales.<\/p>\n","protected":false},"featured_media":167144,"comment_status":"open","ping_status":"open","template":"","meta":[],"product_brand":[2523],"product_cat":[1214,1206,1211],"product_tag":[2277],"class_list":{"0":"post-124481","1":"product","2":"type-product","3":"status-publish","4":"has-post-thumbnail","6":"product_brand-cozmoslabs","7":"product_cat-personalizacion","8":"product_cat-plugins","9":"product_cat-wordpress-plugins","10":"product_tag-cozmoslabs","11":"member-discount","12":"discount-restricted","14":"first","15":"instock","16":"sale","17":"downloadable","18":"virtual","19":"sold-individually","20":"purchasable","21":"product-type-simple"},"_links":{"self":[{"href":"https:\/\/gpl-love.com\/es\/wp-json\/wp\/v2\/product\/124481","targetHints":{"allow":["GET"]}}],"collection":[{"href":"https:\/\/gpl-love.com\/es\/wp-json\/wp\/v2\/product"}],"about":[{"href":"https:\/\/gpl-love.com\/es\/wp-json\/wp\/v2\/types\/product"}],"replies":[{"embeddable":true,"href":"https:\/\/gpl-love.com\/es\/wp-json\/wp\/v2\/comments?post=124481"}],"wp:featuredmedia":[{"embeddable":true,"href":"https:\/\/gpl-love.com\/es\/wp-json\/wp\/v2\/media\/167144"}],"wp:attachment":[{"href":"https:\/\/gpl-love.com\/es\/wp-json\/wp\/v2\/media?parent=124481"}],"wp:term":[{"taxonomy":"product_brand","embeddable":true,"href":"https:\/\/gpl-love.com\/es\/wp-json\/wp\/v2\/product_brand?post=124481"},{"taxonomy":"product_cat","embeddable":true,"href":"https:\/\/gpl-love.com\/es\/wp-json\/wp\/v2\/product_cat?post=124481"},{"taxonomy":"product_tag","embeddable":true,"href":"https:\/\/gpl-love.com\/es\/wp-json\/wp\/v2\/product_tag?post=124481"}],"curies":[{"name":"wp","href":"https:\/\/api.w.org\/{rel}","templated":true}]}}