{"id":124479,"date":"2022-09-23T00:00:00","date_gmt":"2022-09-23T05:00:00","guid":{"rendered":"https:\/\/gpl-love.com\/es\/producto\/paid-member-subscriptions-stripe-addon\/"},"modified":"2026-04-10T11:20:55","modified_gmt":"2026-04-10T16:20:55","slug":"paid-member-subscriptions-stripe-addon","status":"publish","type":"product","link":"https:\/\/gpl-love.com\/es\/producto\/paid-member-subscriptions-stripe-addon\/","title":{"rendered":"Paid Member Subscriptions Stripe Addon 1.4.1"},"content":{"rendered":"<h3>Paid Member Subscriptions Stripe Addon Caracteristicas<\/h3>\n<p>El complemento de suscripciones de miembros pagos, que es una herramienta indispensable para las empresas que buscan manejar sin esfuerzo sus suscripciones en l\u00ednea, viene equipado con una multitud de caracter\u00edsticas. Espec\u00edficamente adaptado para el complemento de suscripciones de miembros pagos, este complemento avanzado ofrece a las empresas la capacidad de aceptar sin problemas los pagos de sus clientes a trav\u00e9s de la pasarela de pago de rayas de gran prestigio. Adem\u00e1s, facilita un proceso de pago sin fricci\u00f3n, otorga a los clientes la conveniencia de suscribirse, renovar y administrar efectivamente sus suscripciones. Adem\u00e1s de estas funcionalidades fundamentales, el complemento tambi\u00e9n abarca una amplia gama de caracter\u00edsticas avanzadas, incluidos pagos recurrentes autom\u00e1ticos, recordatorios de pagos oportunos y notificaciones informativas por correo electr\u00f3nico. A trav\u00e9s de la utilizaci\u00f3n del complemento de las suscripciones de los miembros pagos, las empresas pueden optimizar efectivamente su proceso de gesti\u00f3n de suscripci\u00f3n, aumentar sus esfuerzos de generaci\u00f3n de ingresos y, en \u00faltima instancia, mejorar la experiencia general del cliente.<\/p>\n<ul>\n<li>Permite a los usuarios integrar f\u00e1cilmente la popular plataforma de procesamiento de pagos Stripe en su complemento de suscripciones de miembros pagos.<\/li>\n<li>Permite un procesamiento de pago seguro y confiable para servicios basados \u200b\u200ben suscripci\u00f3n, membres\u00edas y acceso al contenido.<\/li>\n<li>Agiliza el proceso de pago para los clientes al permitirles usar una variedad de m\u00e9todos de pago, como tarjetas de cr\u00e9dito, Apple Pay y Google Pay.<\/li>\n<li>Proporciona actualizaciones y an\u00e1lisis en tiempo real sobre pagos y suscripciones, lo que facilita a los propietarios de sitios monitorear los ingresos y rastrear el rendimiento.<\/li>\n<li>Ofrece m\u00faltiples opciones de suscripci\u00f3n, incluidos pagos \u00fanicos, pagos recurrentes y pruebas gratuitas, lo que brinda a los propietarios de sitios flexibilidad en precios y ofertas de paquetes.<\/li>\n<li>Incluye p\u00e1ginas y correos electr\u00f3nicos personalizables, lo que permite a los propietarios de sitios crear una experiencia de usuario perfecta y de marca.<\/li>\n<li>Proporciona acceso a atenci\u00f3n al cliente 24\/7, asegurando que cualquier problema o pregunta se aborde de inmediato.<\/li>\n<\/ul>\n","protected":false},"excerpt":{"rendered":"<p>El complemento de Stripe Stripe de suscripciones de miembros pagados, que sirve como una extensi\u00f3n del reconocido complemento de suscripciones de miembros pagos, le proporciona la notable capacidad de adoptar pagos recurrentes a trav\u00e9s de la pasarela de pago de rayas ampliamente utilizada. Este complemento excepcional le otorga autoridad absoluta sobre sus planes de suscripci\u00f3n, lo que le permite supervisar y regular sin esfuerzo los pagos, renovaciones y cancelaciones de sus miembros. Al integrar el complemento de rayas de suscripciones de miembros pagos en su sistema, obtiene los medios para acumular los pagos sin esfuerzo de su estimada clientela, mejorando as\u00ed la eficiencia y la eficacia de su modelo de negocio basado en suscripci\u00f3n.<\/p>\n","protected":false},"featured_media":167147,"comment_status":"open","ping_status":"open","template":"","meta":[],"product_brand":[2523],"product_cat":[1278,1206,1211],"product_tag":[2277],"class_list":{"0":"post-124479","1":"product","2":"type-product","3":"status-publish","4":"has-post-thumbnail","6":"product_brand-cozmoslabs","7":"product_cat-pago","8":"product_cat-plugins","9":"product_cat-wordpress-plugins","10":"product_tag-cozmoslabs","11":"member-discount","12":"discount-restricted","14":"first","15":"instock","16":"sale","17":"downloadable","18":"virtual","19":"sold-individually","20":"purchasable","21":"product-type-simple"},"_links":{"self":[{"href":"https:\/\/gpl-love.com\/es\/wp-json\/wp\/v2\/product\/124479","targetHints":{"allow":["GET"]}}],"collection":[{"href":"https:\/\/gpl-love.com\/es\/wp-json\/wp\/v2\/product"}],"about":[{"href":"https:\/\/gpl-love.com\/es\/wp-json\/wp\/v2\/types\/product"}],"replies":[{"embeddable":true,"href":"https:\/\/gpl-love.com\/es\/wp-json\/wp\/v2\/comments?post=124479"}],"wp:featuredmedia":[{"embeddable":true,"href":"https:\/\/gpl-love.com\/es\/wp-json\/wp\/v2\/media\/167147"}],"wp:attachment":[{"href":"https:\/\/gpl-love.com\/es\/wp-json\/wp\/v2\/media?parent=124479"}],"wp:term":[{"taxonomy":"product_brand","embeddable":true,"href":"https:\/\/gpl-love.com\/es\/wp-json\/wp\/v2\/product_brand?post=124479"},{"taxonomy":"product_cat","embeddable":true,"href":"https:\/\/gpl-love.com\/es\/wp-json\/wp\/v2\/product_cat?post=124479"},{"taxonomy":"product_tag","embeddable":true,"href":"https:\/\/gpl-love.com\/es\/wp-json\/wp\/v2\/product_tag?post=124479"}],"curies":[{"name":"wp","href":"https:\/\/api.w.org\/{rel}","templated":true}]}}