{"id":124477,"date":"2025-01-11T00:00:00","date_gmt":"2025-01-11T05:00:00","guid":{"rendered":"https:\/\/gpl-love.com\/es\/producto\/paid-memberships-pro-shipping-addon\/"},"modified":"2026-04-10T11:21:14","modified_gmt":"2026-04-10T16:21:14","slug":"paid-memberships-pro-shipping-addon","status":"publish","type":"product","link":"https:\/\/gpl-love.com\/es\/producto\/paid-memberships-pro-shipping-addon\/","title":{"rendered":"Paid Memberships Pro Shipping Addon 2.0"},"content":{"rendered":"<h3>Paid Memberships Pro Shipping Addon Caracteristicas<\/h3>\n<p>El complemento de env\u00edo de membres\u00edas pagas, con sus diversas caracter\u00edsticas e integraciones, surge como una herramienta indispensable para las empresas que dependen de las membres\u00edas como un medio para involucrarse con sus clientes. Este complemento, en esencia, permite a las empresas establecer y regular alternativas de env\u00edo sin esfuerzo espec\u00edficamente adaptadas a sus miembros, fomentando as\u00ed una experiencia perfecta y sin obst\u00e1culos tanto para la clientela como para la organizaci\u00f3n misma. En virtud de su mecanismo de tarifa de env\u00edo personalizable y capacidades de c\u00e1lculo de env\u00edo autom\u00e1tico, las empresas pueden otorgar a sus miembros una experiencia de env\u00edo verdaderamente sin problemas y sin problemas. Adem\u00e1s, el complemento de env\u00edo de membres\u00edas pagas se integra perfectamente con los transportistas de env\u00edo de buena reputaci\u00f3n, como UPS y FedEx, conferir as\u00ed a las empresas con la prerrogativa para seleccionar el transportista de env\u00edo que se alinea de manera \u00f3ptima con sus requisitos y preferencias \u00fanicas. A la luz de estos atributos convincentes, queda muy claro que este complemento es una necesidad absoluta para las empresas que aspiran a optimizar sus procedimientos de env\u00edo y reforzar su experiencia hol\u00edstica del cliente.<\/p>\n<ul>\n<li>Permite a los usuarios de membres\u00edas pagadas para ofrecer opciones de env\u00edo a sus miembros<\/li>\n<li>Permite a los usuarios definir los m\u00e9todos de env\u00edo, las tarifas y las reglas a trav\u00e9s de la interfaz PRO de membres\u00edas pagas<\/li>\n<li>Admite m\u00faltiples direcciones de env\u00edo por miembro<\/li>\n<li>Se integra con portadores de env\u00edo populares como USPS, FedEx y UPS<\/li>\n<li>Proporciona tarifas de env\u00edo en tiempo real e informaci\u00f3n de seguimiento<\/li>\n<li>Ofrece opciones de env\u00edo flexibles, como tarifa plana, basada en peso y env\u00edo gratuito.<\/li>\n<li>Admite los c\u00e1lculos de impuestos de env\u00edo basados \u200b\u200ben la ubicaci\u00f3n y otros factores<\/li>\n<li>Simplifica la gesti\u00f3n de pedidos calculando autom\u00e1ticamente los cargos de env\u00edo e integrando con WooCommerce y otras plataformas<\/li>\n<li>Proporciona informes de env\u00edo detallados para ayudar a los usuarios a rastrear los costos de env\u00edo, los tiempos de entrega y otras m\u00e9tricas<\/li>\n<li>Mejora la satisfacci\u00f3n de los miembros al proporcionar opciones de env\u00edo confiables y oportunas para sus pedidos.<\/li>\n<\/ul>\n","protected":false},"excerpt":{"rendered":"<p>Aproveche la oportunidad de adquirir el complemento de env\u00edo de membres\u00edas pagadas hoy para optimizar y optimizar el proceso de env\u00edo para su estimado sitio de membres\u00eda. Al incorporar este complemento extremadamente beneficioso en sus operaciones, se le otorgar\u00e1 la capacidad de establecer e implementar regulaciones y pautas de env\u00edo intrincadas y precisas que se adapten espec\u00edficamente a los niveles de membres\u00eda individual. Adem\u00e1s, poseer\u00e1 la capacidad de imponer limitaciones en los destinos de env\u00edo, lo que lo limita a pa\u00edses designados exclusivamente. En particular, este complemento tambi\u00e9n otorgar\u00e1 a sus estimados miembros el acceso directo a las tarifas de env\u00edo en tiempo real, asegurando una experiencia de env\u00edo perfecta y acelerada. En consecuencia, su estimado sitio de membres\u00eda inevitablemente cosechar\u00e1 las recompensas de un tiempo valioso y ahorros monetarios al emplear el muy ventajoso complemento de env\u00edo de membres\u00edas pagadas.<\/p>\n","protected":false},"featured_media":167170,"comment_status":"open","ping_status":"open","template":"","meta":[],"product_brand":[2524],"product_cat":[1214,1206,1211],"product_tag":[2255],"class_list":{"0":"post-124477","1":"product","2":"type-product","3":"status-publish","4":"has-post-thumbnail","6":"product_brand-paid-memberships-pro","7":"product_cat-personalizacion","8":"product_cat-plugins","9":"product_cat-wordpress-plugins","10":"product_tag-paid-memberships-pro","11":"member-discount","12":"discount-restricted","14":"first","15":"instock","16":"sale","17":"downloadable","18":"virtual","19":"sold-individually","20":"purchasable","21":"product-type-simple"},"_links":{"self":[{"href":"https:\/\/gpl-love.com\/es\/wp-json\/wp\/v2\/product\/124477","targetHints":{"allow":["GET"]}}],"collection":[{"href":"https:\/\/gpl-love.com\/es\/wp-json\/wp\/v2\/product"}],"about":[{"href":"https:\/\/gpl-love.com\/es\/wp-json\/wp\/v2\/types\/product"}],"replies":[{"embeddable":true,"href":"https:\/\/gpl-love.com\/es\/wp-json\/wp\/v2\/comments?post=124477"}],"wp:featuredmedia":[{"embeddable":true,"href":"https:\/\/gpl-love.com\/es\/wp-json\/wp\/v2\/media\/167170"}],"wp:attachment":[{"href":"https:\/\/gpl-love.com\/es\/wp-json\/wp\/v2\/media?parent=124477"}],"wp:term":[{"taxonomy":"product_brand","embeddable":true,"href":"https:\/\/gpl-love.com\/es\/wp-json\/wp\/v2\/product_brand?post=124477"},{"taxonomy":"product_cat","embeddable":true,"href":"https:\/\/gpl-love.com\/es\/wp-json\/wp\/v2\/product_cat?post=124477"},{"taxonomy":"product_tag","embeddable":true,"href":"https:\/\/gpl-love.com\/es\/wp-json\/wp\/v2\/product_tag?post=124477"}],"curies":[{"name":"wp","href":"https:\/\/api.w.org\/{rel}","templated":true}]}}