{"id":124475,"date":"2025-06-30T00:00:00","date_gmt":"2025-06-30T05:00:00","guid":{"rendered":"https:\/\/gpl-love.com\/es\/producto\/paid-memberships-pro-state-dropdowns-addon\/"},"modified":"2026-04-10T11:21:15","modified_gmt":"2026-04-10T16:21:15","slug":"paid-memberships-pro-state-dropdowns-addon","status":"publish","type":"product","link":"https:\/\/gpl-love.com\/es\/producto\/paid-memberships-pro-state-dropdowns-addon\/","title":{"rendered":"Paid Memberships Pro State Dropdowns Addon 0.5.2"},"content":{"rendered":"<h3>Paid Memberships Pro State Dropdowns Addon Caracteristicas<\/h3>\n<p>El complemento de MemberShips Pro State Page Profon, que es una herramienta incre\u00edblemente valiosa, sirve sitios web que requieren usuarios para indicar con precisi\u00f3n su ubicaci\u00f3n en el momento del registro. Al utilizar este complemento, los usuarios pueden seleccionar convenientemente el estado en el que residen en un men\u00fa desplegable, simplificando enormemente el procedimiento de registro tanto para el usuario como para el propietario del sitio web. Con su variedad de opciones de personalizaci\u00f3n, este complemento permite a los propietarios de sitios web dise\u00f1ar una lista desplegable que se alinee impecablemente con sus requisitos espec\u00edficos. En consecuencia, el complemento de membres\u00eda de membres\u00eda pagada Pro Disconson, gracias a sus atributos que ahorran tiempo y su interfaz extremadamente f\u00e1cil de usar, surge como la soluci\u00f3n ideal para cualquier sitio web que busca optimizar las complejidades asociadas con su proceso de registro.<\/p>\n<ul>\n<li>Permite a los administradores del sitio web agregar desplegables estatales a los formularios de registro de membres\u00eda<\/li>\n<li>Incluye los 50 estados y territorios de EE. UU. Como opciones para que los miembros seleccionen<\/li>\n<li>Compatible con el complemento PROPER PRO<\/li>\n<li>F\u00e1cil de instalar y activar<\/li>\n<li>Ayuda a garantizar la informaci\u00f3n precisa y completa de los miembros para una mejor comunicaci\u00f3n y seguimiento<\/li>\n<li>Se puede utilizar para una variedad de tipos de membres\u00eda, incluidas asociaciones profesionales, equipos deportivos y comunidades en l\u00ednea.<\/li>\n<li>Ahorra tiempo y reduce los errores en comparaci\u00f3n con la recopilaci\u00f3n de informaci\u00f3n estatal de los miembros manualmente<\/li>\n<li>Conveniente para organizaciones internacionales que necesitan recopilar informaci\u00f3n estatal o provincia de los miembros<\/li>\n<li>Proporciona un aspecto m\u00e1s profesional y pulido para su proceso de registro de membres\u00eda<\/li>\n<li>Ayuda a mejorar la participaci\u00f3n y retenci\u00f3n de los miembros al proporcionar una experiencia de registro m\u00e1s suave<\/li>\n<\/ul>\n","protected":false},"excerpt":{"rendered":"<p>El complemento conocido como MemberShips Pro State desplegable Profons posee capacidades formidables que le permiten mejorar el alcance de su sitio de membres\u00eda, otorg\u00e1ndole la capacidad de proporcionar un men\u00fa desplegable personalizable con el fin de seleccionar los estados. Este complemento f\u00e1cil de usar se fusiona sin problemas con su instalaci\u00f3n de Membreship Prain Pray preexistente, proporcionando a sus miembros la conveniencia de elegir sin esfuerzo su estado durante el proceso de registro o cuando necesitan actualizar los detalles de su cuenta. Al incorporar el complemento de membres\u00eda de membres\u00eda pagada en el complemento de su flujo de trabajo, puede optimizar de manera efectiva sus operaciones, ahorrando as\u00ed un tiempo valioso y enriqueciendo la experiencia general del usuario.<\/p>\n","protected":false},"featured_media":167171,"comment_status":"open","ping_status":"open","template":"","meta":[],"product_brand":[2524],"product_cat":[1325,1206,1211],"product_tag":[2255],"class_list":{"0":"post-124475","1":"product","2":"type-product","3":"status-publish","4":"has-post-thumbnail","6":"product_brand-paid-memberships-pro","7":"product_cat-afiliacion","8":"product_cat-plugins","9":"product_cat-wordpress-plugins","10":"product_tag-paid-memberships-pro","11":"member-discount","12":"discount-restricted","14":"first","15":"instock","16":"sale","17":"downloadable","18":"virtual","19":"sold-individually","20":"purchasable","21":"product-type-simple"},"_links":{"self":[{"href":"https:\/\/gpl-love.com\/es\/wp-json\/wp\/v2\/product\/124475","targetHints":{"allow":["GET"]}}],"collection":[{"href":"https:\/\/gpl-love.com\/es\/wp-json\/wp\/v2\/product"}],"about":[{"href":"https:\/\/gpl-love.com\/es\/wp-json\/wp\/v2\/types\/product"}],"replies":[{"embeddable":true,"href":"https:\/\/gpl-love.com\/es\/wp-json\/wp\/v2\/comments?post=124475"}],"wp:featuredmedia":[{"embeddable":true,"href":"https:\/\/gpl-love.com\/es\/wp-json\/wp\/v2\/media\/167171"}],"wp:attachment":[{"href":"https:\/\/gpl-love.com\/es\/wp-json\/wp\/v2\/media?parent=124475"}],"wp:term":[{"taxonomy":"product_brand","embeddable":true,"href":"https:\/\/gpl-love.com\/es\/wp-json\/wp\/v2\/product_brand?post=124475"},{"taxonomy":"product_cat","embeddable":true,"href":"https:\/\/gpl-love.com\/es\/wp-json\/wp\/v2\/product_cat?post=124475"},{"taxonomy":"product_tag","embeddable":true,"href":"https:\/\/gpl-love.com\/es\/wp-json\/wp\/v2\/product_tag?post=124475"}],"curies":[{"name":"wp","href":"https:\/\/api.w.org\/{rel}","templated":true}]}}