{"id":124473,"date":"2025-10-09T00:00:00","date_gmt":"2025-10-09T05:00:00","guid":{"rendered":"https:\/\/gpl-love.com\/es\/producto\/paid-memberships-pro-require-strong-passwords\/"},"modified":"2026-04-10T11:21:12","modified_gmt":"2026-04-10T16:21:12","slug":"paid-memberships-pro-require-strong-passwords","status":"publish","type":"product","link":"https:\/\/gpl-love.com\/es\/producto\/paid-memberships-pro-require-strong-passwords\/","title":{"rendered":"Paid Memberships Pro Require Strong Passwords 0.5.2"},"content":{"rendered":"<h3>Paid Memberships Pro Require Strong Passwords Caracteristicas<\/h3>\n<p>Pagado Memberships Pro, una herramienta de gesti\u00f3n de membres\u00eda digital, se ha desarrollado espec\u00edficamente para ayudar a los propietarios de sitios web a administrar sus programas de membres\u00eda. Un aspecto notable de este software radica en su \u00e9nfasis en la necesidad de contrase\u00f1as s\u00f3lidas. En consecuencia, los usuarios deben generar contrase\u00f1as que no se adivinen f\u00e1cilmente, incorporando una mezcla de letras, n\u00fameros y s\u00edmbolos. Este atributo particular juega un papel fundamental en la garant\u00eda de la seguridad y la protecci\u00f3n de las cuentas de los usuarios, protegi\u00e9ndolas efectivamente de posibles esfuerzos de pirater\u00eda. Al utilizar las membres\u00edas pagas Pro, los propietarios de sitios web pueden experimentar un sentido de tranquilidad, tranquilizados por el conocimiento de que las cuentas de sus miembros permanecen impermeables y su informaci\u00f3n confidencial sigue siendo protegida.<\/p>\n<ul>\n<li>Protege las cuentas de los miembros con contrase\u00f1as seguras<\/li>\n<li>Evita el acceso no autorizado a las cuentas de los miembros<\/li>\n<li>Cumple con los est\u00e1ndares de seguridad modernos<\/li>\n<li>Reduce el riesgo de violaciones de datos<\/li>\n<li>Alienta a los miembros a crear contrase\u00f1as seguras<\/li>\n<li>Configuraci\u00f3n de complejidad de contrase\u00f1a personalizable<\/li>\n<li>Opciones flexibles de vencimiento de contrase\u00f1a<\/li>\n<li>Se integra a la perfecci\u00f3n con la plataforma Pro Page Memberships Pro<\/li>\n<li>Interfaz f\u00e1cil de usar para administrar pol\u00edticas de contrase\u00f1a<\/li>\n<li>Aumenta la confianza y la confianza entre los miembros.<\/li>\n<\/ul>\n","protected":false},"excerpt":{"rendered":"<p>Memberships Pro Paying Pro Requit Strong Passwords es una herramienta incre\u00edblemente robusta y altamente efectiva que juega un papel vital en la salvaguardia de la seguridad de su sitio web. Logra esto implementando requisitos de contrase\u00f1a estrictos para sus usuarios, reduciendo as\u00ed las posibilidades de acceso no autorizado y posibles infracciones. Al emplear este complemento excepcional, tiene la capacidad de hacer cumplir el uso de contrase\u00f1as fortificadas, frustrando efectivamente cualquier intento realizado por sus miembros para crear otras d\u00e9biles y f\u00e1cilmente explotables. Esta caracter\u00edstica invaluable sirve como un mecanismo de defensa formidable, reforzando la seguridad general de su sitio web y fortaleciendo su resistencia contra el espectro siempre acantilado de las amenazas en l\u00ednea. En consecuencia, si se encuentra en busca de una soluci\u00f3n confiable e inquebrantable para amplificar la seguridad de la contrase\u00f1a en su estimado sitio de membres\u00eda, no busque m\u00e1s que el complemento de contrase\u00f1as de membres\u00edas pagas excepcionalmente confiables.<\/p>\n","protected":false},"featured_media":167168,"comment_status":"open","ping_status":"open","template":"","meta":[],"product_brand":[2524],"product_cat":[1325,1206,1211],"product_tag":[2255],"class_list":{"0":"post-124473","1":"product","2":"type-product","3":"status-publish","4":"has-post-thumbnail","6":"product_brand-paid-memberships-pro","7":"product_cat-afiliacion","8":"product_cat-plugins","9":"product_cat-wordpress-plugins","10":"product_tag-paid-memberships-pro","11":"member-discount","12":"discount-restricted","14":"first","15":"instock","16":"sale","17":"downloadable","18":"virtual","19":"sold-individually","20":"purchasable","21":"product-type-simple"},"_links":{"self":[{"href":"https:\/\/gpl-love.com\/es\/wp-json\/wp\/v2\/product\/124473","targetHints":{"allow":["GET"]}}],"collection":[{"href":"https:\/\/gpl-love.com\/es\/wp-json\/wp\/v2\/product"}],"about":[{"href":"https:\/\/gpl-love.com\/es\/wp-json\/wp\/v2\/types\/product"}],"replies":[{"embeddable":true,"href":"https:\/\/gpl-love.com\/es\/wp-json\/wp\/v2\/comments?post=124473"}],"wp:featuredmedia":[{"embeddable":true,"href":"https:\/\/gpl-love.com\/es\/wp-json\/wp\/v2\/media\/167168"}],"wp:attachment":[{"href":"https:\/\/gpl-love.com\/es\/wp-json\/wp\/v2\/media?parent=124473"}],"wp:term":[{"taxonomy":"product_brand","embeddable":true,"href":"https:\/\/gpl-love.com\/es\/wp-json\/wp\/v2\/product_brand?post=124473"},{"taxonomy":"product_cat","embeddable":true,"href":"https:\/\/gpl-love.com\/es\/wp-json\/wp\/v2\/product_cat?post=124473"},{"taxonomy":"product_tag","embeddable":true,"href":"https:\/\/gpl-love.com\/es\/wp-json\/wp\/v2\/product_tag?post=124473"}],"curies":[{"name":"wp","href":"https:\/\/api.w.org\/{rel}","templated":true}]}}