{"id":124471,"date":"2025-09-29T00:00:00","date_gmt":"2025-09-29T05:00:00","guid":{"rendered":"https:\/\/gpl-love.com\/es\/producto\/paid-memberships-pro-developers-toolkit-addon\/"},"modified":"2026-04-10T11:21:04","modified_gmt":"2026-04-10T16:21:04","slug":"paid-memberships-pro-developers-toolkit-addon","status":"publish","type":"product","link":"https:\/\/gpl-love.com\/es\/producto\/paid-memberships-pro-developers-toolkit-addon\/","title":{"rendered":"Paid Memberships Pro Developers Toolkit Addon 1.1"},"content":{"rendered":"<h3>Paid Memberships Pro Developers Toolkit Addon Caracteristicas<\/h3>\n<p>El Addon de herramientas de MemberShips Pro Developers de pago es un recurso incre\u00edblemente potente e indispensable para los desarrolladores que buscan adaptar y mejorar la funcionalidad de sus sitios de membres\u00eda. Este complemento otorga a los usuarios una amplia variedad de fragmentos y plantillas de c\u00f3digo, que facilitan sin esfuerzo la incorporaci\u00f3n de caracter\u00edsticas y funcionalidad a medida en sus sitios. Al abarcar una variedad de atributos notables, como plantillas de correo electr\u00f3nico personalizadas, p\u00e1ginas de inicio de sesi\u00f3n personalizadas y capacidades avanzadas de informes, este complemento presenta una soluci\u00f3n que lo abarca todo que equipa a los usuarios con cada elemento esencial requerido para construir un sitio de membres\u00eda que sea resistente y escalable. Independientemente de si posee experiencia experimentada en el campo del desarrollo o si se est\u00e1 embarcando en su viaje, el complemento de kit de herramientas Pro Developers de MemberShips PageS Proplica un activo indispensable que es indispensable para cualquier persona que aspire a construir un sitio de membres\u00eda pr\u00f3spero y pr\u00f3spero.<\/p>\n<ul>\n<li>Acceso a la documentaci\u00f3n del desarrollador y el soporte para membres\u00edas pagas Pro<\/li>\n<li>Opciones de personalizaci\u00f3n para membres\u00edas pagas Caracter\u00edsticas Pro<\/li>\n<li>Capacidad para crear complementos personalizados e integraciones de terceros para membres\u00edas pagas Pro<\/li>\n<li>Herramientas avanzadas para depurar y solucionar problemas de membres\u00edas pagas<\/li>\n<li>Flexibilidad y control mejorados para la gesti\u00f3n de membres\u00edas pagas Funcionalidad Pro<\/li>\n<li>Acceso exclusivo a las versiones y actualizaciones beta para membres\u00edas pagas Pro.<\/li>\n<\/ul>\n","protected":false},"excerpt":{"rendered":"<p>El Addon de herramientas de Memberships Pro Developers de pago es un paquete integral que ofrece una amplia gama de herramientas para mejorar y simplificar el proceso de desarrollo y personalizaci\u00f3n de su sitio de membres\u00eda. Al utilizar este complemento, obtendr\u00e1 la capacidad de personalizar y adaptar sin esfuerzo sus pasarelas de pago de acuerdo con sus requisitos espec\u00edficos, as\u00ed como la flexibilidad para crear plantillas de correo electr\u00f3nico a medida que se alineen con su identidad de marca. Adem\u00e1s, este complemento le otorga acceder a una variedad de recursos invaluables de desarrolladores, incluida una gran cantidad de fragmentos de c\u00f3digo y documentaci\u00f3n de API exhaustiva. Al aprovechar el poder del complemento de herramientas de MemberShips Pro Developers, no solo ahorrar\u00e1 un tiempo y energ\u00eda valiosos, sino que tambi\u00e9n optimizar\u00e1 la funcionalidad y la rentabilidad de su sitio de membres\u00eda.<\/p>\n","protected":false},"featured_media":167157,"comment_status":"open","ping_status":"open","template":"","meta":[],"product_brand":[2524],"product_cat":[1212,1206,1211],"product_tag":[2255],"class_list":{"0":"post-124471","1":"product","2":"type-product","3":"status-publish","4":"has-post-thumbnail","6":"product_brand-paid-memberships-pro","7":"product_cat-administracion-wordpress-plugins","8":"product_cat-plugins","9":"product_cat-wordpress-plugins","10":"product_tag-paid-memberships-pro","11":"member-discount","12":"discount-restricted","14":"first","15":"instock","16":"sale","17":"downloadable","18":"virtual","19":"sold-individually","20":"purchasable","21":"product-type-simple"},"_links":{"self":[{"href":"https:\/\/gpl-love.com\/es\/wp-json\/wp\/v2\/product\/124471","targetHints":{"allow":["GET"]}}],"collection":[{"href":"https:\/\/gpl-love.com\/es\/wp-json\/wp\/v2\/product"}],"about":[{"href":"https:\/\/gpl-love.com\/es\/wp-json\/wp\/v2\/types\/product"}],"replies":[{"embeddable":true,"href":"https:\/\/gpl-love.com\/es\/wp-json\/wp\/v2\/comments?post=124471"}],"wp:featuredmedia":[{"embeddable":true,"href":"https:\/\/gpl-love.com\/es\/wp-json\/wp\/v2\/media\/167157"}],"wp:attachment":[{"href":"https:\/\/gpl-love.com\/es\/wp-json\/wp\/v2\/media?parent=124471"}],"wp:term":[{"taxonomy":"product_brand","embeddable":true,"href":"https:\/\/gpl-love.com\/es\/wp-json\/wp\/v2\/product_brand?post=124471"},{"taxonomy":"product_cat","embeddable":true,"href":"https:\/\/gpl-love.com\/es\/wp-json\/wp\/v2\/product_cat?post=124471"},{"taxonomy":"product_tag","embeddable":true,"href":"https:\/\/gpl-love.com\/es\/wp-json\/wp\/v2\/product_tag?post=124471"}],"curies":[{"name":"wp","href":"https:\/\/api.w.org\/{rel}","templated":true}]}}