{"id":124469,"date":"2025-07-18T00:00:00","date_gmt":"2025-07-18T05:00:00","guid":{"rendered":"https:\/\/gpl-love.com\/es\/producto\/paid-memberships-pro-series-addon\/"},"modified":"2026-04-10T11:21:13","modified_gmt":"2026-04-10T16:21:13","slug":"paid-memberships-pro-series-addon","status":"publish","type":"product","link":"https:\/\/gpl-love.com\/es\/producto\/paid-memberships-pro-series-addon\/","title":{"rendered":"Paid Memberships Pro Series Addon 1.0"},"content":{"rendered":"<h3>Paid Memberships Pro Series Addon Caracteristicas<\/h3>\n<p>El complemento de la Serie Pro de Memberships Page, armado con sus incre\u00edbles capacidades, sirve como un activo indispensable para las empresas que buscan proporcionar a sus clientes opciones de membres\u00eda sofisticadas. Al aprovechar el poder de este complemento, las empresas tienen la capacidad de establecer m\u00faltiples niveles de membres\u00eda, cada uno dotado de sus propios niveles de acceso distintivos y alternativas de precios. Adem\u00e1s, este complemento abarca caracter\u00edsticas de vanguardia, como informes avanzados y an\u00e1lisis, facilitando as\u00ed el monitoreo sin esfuerzo de la expansi\u00f3n de la membres\u00eda e identificaci\u00f3n de los patrones prevalecientes en la conducta del cliente. Adem\u00e1s, las empresas est\u00e1n facultadas para adaptar el proceso de pago de acuerdo con sus requisitos \u00fanicos de marca y mensajer\u00eda, lo que genera una experiencia de usuario perfecta y profesional. Ya sea que la aspiraci\u00f3n sea representar contenido premium, otorgar descuentos exclusivos o proporcionar una multitud de otros beneficios de membres\u00eda, el complemento de la Serie Pro de Memberships pagado, sin duda, constituye un instrumento indispensable para cualquier empresa que anhele cultivar y aumentar su iniciativa de membres\u00eda.<\/p>\n<ul>\n<li>Interfaz intuitiva y f\u00e1cil de usar que simplifica la gesti\u00f3n de membres\u00edas y suscripciones<\/li>\n<li>Proporciona caracter\u00edsticas avanzadas de informes y an\u00e1lisis para que los propietarios de negocios obtengan informaci\u00f3n valiosa sobre su programa de membres\u00eda<\/li>\n<li>Permite la creaci\u00f3n de m\u00faltiples niveles de membres\u00eda y niveles de precios para satisfacer las necesidades \u00fanicas de cada miembro<\/li>\n<li>Ofrece un tablero de cuentas de miembro personalizable para mejorar la experiencia y el compromiso del usuario<\/li>\n<li>Permite la creaci\u00f3n de recordatorios de renovaci\u00f3n automatizados, aumentando la retenci\u00f3n de miembros<\/li>\n<li>Se integra a la perfecci\u00f3n con las pasarelas de pago populares y proporciona opciones de pago s\u00f3lidas, asegurando transacciones seguras y un pago f\u00e1cil<\/li>\n<li>Ofrece una variedad de plantillas de correo electr\u00f3nico personalizables y opciones de comunicaci\u00f3n para mantener informados y comprometidos<\/li>\n<li>Incluye documentaci\u00f3n \u00fatil y atenci\u00f3n al cliente para garantizar una experiencia de gesti\u00f3n de membres\u00eda suave y exitosa para los due\u00f1os de negocios.<\/li>\n<\/ul>\n","protected":false},"excerpt":{"rendered":"<p>El complemento de la Serie Pro Pay MemberShips es una herramienta incre\u00edblemente potente que incorpora efectivamente capacidades mejoradas en el complemento de su membres\u00eda pagada. Al utilizar este complemento, se le otorga la capacidad de generar sin esfuerzo una secuencia de niveles dentro de su programa de membres\u00eda, lo que le permite proporcionar contenido variable y ventajas a diferentes clases de miembros. Adem\u00e1s, tiene la capacidad de establecer un proceso automatizado para la progresi\u00f3n de los miembros, permiti\u00e9ndoles ascender a niveles m\u00e1s altos al finalizar acciones o hitos espec\u00edficos. El complemento de la serie optimiza la gesti\u00f3n de su programa de membres\u00eda y facilita la provisi\u00f3n de una experiencia personalizada y cautivadora para sus miembros estimados.<\/p>\n","protected":false},"featured_media":167169,"comment_status":"open","ping_status":"open","template":"","meta":[],"product_brand":[2524],"product_cat":[1325,1206,1211],"product_tag":[2255],"class_list":{"0":"post-124469","1":"product","2":"type-product","3":"status-publish","4":"has-post-thumbnail","6":"product_brand-paid-memberships-pro","7":"product_cat-afiliacion","8":"product_cat-plugins","9":"product_cat-wordpress-plugins","10":"product_tag-paid-memberships-pro","11":"member-discount","12":"discount-restricted","14":"first","15":"instock","16":"sale","17":"downloadable","18":"virtual","19":"sold-individually","20":"purchasable","21":"product-type-simple"},"_links":{"self":[{"href":"https:\/\/gpl-love.com\/es\/wp-json\/wp\/v2\/product\/124469","targetHints":{"allow":["GET"]}}],"collection":[{"href":"https:\/\/gpl-love.com\/es\/wp-json\/wp\/v2\/product"}],"about":[{"href":"https:\/\/gpl-love.com\/es\/wp-json\/wp\/v2\/types\/product"}],"replies":[{"embeddable":true,"href":"https:\/\/gpl-love.com\/es\/wp-json\/wp\/v2\/comments?post=124469"}],"wp:featuredmedia":[{"embeddable":true,"href":"https:\/\/gpl-love.com\/es\/wp-json\/wp\/v2\/media\/167169"}],"wp:attachment":[{"href":"https:\/\/gpl-love.com\/es\/wp-json\/wp\/v2\/media?parent=124469"}],"wp:term":[{"taxonomy":"product_brand","embeddable":true,"href":"https:\/\/gpl-love.com\/es\/wp-json\/wp\/v2\/product_brand?post=124469"},{"taxonomy":"product_cat","embeddable":true,"href":"https:\/\/gpl-love.com\/es\/wp-json\/wp\/v2\/product_cat?post=124469"},{"taxonomy":"product_tag","embeddable":true,"href":"https:\/\/gpl-love.com\/es\/wp-json\/wp\/v2\/product_tag?post=124469"}],"curies":[{"name":"wp","href":"https:\/\/api.w.org\/{rel}","templated":true}]}}