{"id":124223,"date":"2026-03-20T00:00:00","date_gmt":"2026-03-20T05:00:00","guid":{"rendered":"https:\/\/gpl-love.com\/es\/producto\/user-registration-pro\/"},"modified":"2026-04-10T11:30:00","modified_gmt":"2026-04-10T16:30:00","slug":"user-registration-pro","status":"publish","type":"product","link":"https:\/\/gpl-love.com\/es\/producto\/user-registration-pro\/","title":{"rendered":"User Registration Pro 6.1.4"},"content":{"rendered":"<h3>User Registration Pro Caracteristicas<\/h3>\n<p>User Registration Pro es un software sofisticado y abarrotable que ofrece a las empresas una soluci\u00f3n sin esfuerzo para administrar efectivamente su proceso de registro de usuarios. Al utilizar el registro de usuarios Pro, los usuarios pueden generar sin esfuerzo formularios de registro personalizados y adaptables que tengan la capacidad de incorporarse sin problemas en su sitio web. Este notable software otorga a los usuarios la capacidad de recopilar y almacenar de forma segura los datos del usuario con los beneficios adicionales del cifrado de datos y la protecci\u00f3n de contrase\u00f1as. Adem\u00e1s, una vez que un usuario completa con \u00e9xito el proceso de registro, el Registro de Usuario Pro permite el establecimiento de notificaciones de correo electr\u00f3nico convenientes, el env\u00edo de correos electr\u00f3nicos de confirmaci\u00f3n y la provisi\u00f3n de instrucciones de restablecimiento de contrase\u00f1a. Adem\u00e1s, este extraordinario software posee la capacidad de integrarse perfectamente con varios servicios de terceros, incluidas las pasarelas de pago, las plataformas de redes sociales y los sistemas CRM. En \u00faltima instancia, el registro de usuarios Pro facilita a las empresas con una metodolog\u00eda simplificada y altamente eficiente para administrar el registro del usuario, optimizando as\u00ed su flujo de trabajo.<\/p>\n<ul>\n<li>Permite a los propietarios de sitios web crear formularios de registro personalizables para sus usuarios<\/li>\n<li>Ofrece m\u00faltiples tipos de campo, como texto, correo electr\u00f3nico, n\u00famero de tel\u00e9fono y men\u00fas desplegables<\/li>\n<li>Proporciona opciones para campos y reglas de validaci\u00f3n obligatorias u opcionales para garantizar la precisi\u00f3n de los datos<\/li>\n<li>Se integra con los populares servicios de marketing por correo electr\u00f3nico para agregar autom\u00e1ticamente nuevos suscriptores a las listas de correo<\/li>\n<li>Ofrece protecci\u00f3n de spam incorporada con integraci\u00f3n de recaptcha<\/li>\n<li>Admite la asignaci\u00f3n de roles del usuario al registrarse, lo que permite una f\u00e1cil gesti\u00f3n de los permisos de usuario<\/li>\n<li>Proporciona opciones de redirecci\u00f3n personalizadas despu\u00e9s del registro, como enviar a los usuarios a una p\u00e1gina espec\u00edfica o mostrar un mensaje personalizado<\/li>\n<li>Incluye an\u00e1lisis detallados de usuarios e informes para un an\u00e1lisis y optimizaci\u00f3n de datos efectivos<\/li>\n<li>Ofrece soporte de varios idiomas para la accesibilidad global<\/li>\n<li>Proporciona un dise\u00f1o y compatibilidad receptivos con varios dispositivos y plataformas.<\/li>\n<\/ul>\n","protected":false},"excerpt":{"rendered":"<p>El Registro de Registro de usuarios se considera una soluci\u00f3n de software altamente robusta y efectiva dise\u00f1ada para optimizar y mejorar el proceso de registro para sitios web o aplicaciones. A trav\u00e9s de la utilizaci\u00f3n de esta herramienta de vanguardia, los usuarios est\u00e1n facultados para crear una cuenta r\u00e1pida y sin esfuerzo, garantizando as\u00ed una experiencia de usuario desprovista de complicaciones innecesarias. Adem\u00e1s, este software ofrece a los usuarios la oportunidad de adaptar el formulario de registro y sus campos correspondientes de acuerdo con sus preferencias espec\u00edficas, al tiempo que ejerce el control sobre los permisos de los usuarios. Adem\u00e1s, el Registro de usuarios Pro ofrece una integraci\u00f3n perfecta con plataformas prominentes de redes sociales como Facebook y Twitter, aumentando a\u00fan m\u00e1s su atractivo y funcionalidad. En consecuencia, cualquier negocio u organizaci\u00f3n exigente interesado en optimizar su proceso de registro de usuarios ser\u00eda negligente de no aprovechar las capacidades indispensables ofrecidas por el Registro de Usuario Pro.<\/p>\n","protected":false},"featured_media":167928,"comment_status":"open","ping_status":"open","template":"","meta":[],"product_brand":[2585],"product_cat":[1214,1206,1211],"product_tag":[2159],"class_list":{"0":"post-124223","1":"product","2":"type-product","3":"status-publish","4":"has-post-thumbnail","6":"product_brand-wpeverest","7":"product_cat-personalizacion","8":"product_cat-plugins","9":"product_cat-wordpress-plugins","10":"product_tag-wpeverest","11":"member-discount","12":"discount-restricted","14":"first","15":"instock","16":"sale","17":"downloadable","18":"virtual","19":"sold-individually","20":"purchasable","21":"product-type-simple"},"_links":{"self":[{"href":"https:\/\/gpl-love.com\/es\/wp-json\/wp\/v2\/product\/124223","targetHints":{"allow":["GET"]}}],"collection":[{"href":"https:\/\/gpl-love.com\/es\/wp-json\/wp\/v2\/product"}],"about":[{"href":"https:\/\/gpl-love.com\/es\/wp-json\/wp\/v2\/types\/product"}],"replies":[{"embeddable":true,"href":"https:\/\/gpl-love.com\/es\/wp-json\/wp\/v2\/comments?post=124223"}],"wp:featuredmedia":[{"embeddable":true,"href":"https:\/\/gpl-love.com\/es\/wp-json\/wp\/v2\/media\/167928"}],"wp:attachment":[{"href":"https:\/\/gpl-love.com\/es\/wp-json\/wp\/v2\/media?parent=124223"}],"wp:term":[{"taxonomy":"product_brand","embeddable":true,"href":"https:\/\/gpl-love.com\/es\/wp-json\/wp\/v2\/product_brand?post=124223"},{"taxonomy":"product_cat","embeddable":true,"href":"https:\/\/gpl-love.com\/es\/wp-json\/wp\/v2\/product_cat?post=124223"},{"taxonomy":"product_tag","embeddable":true,"href":"https:\/\/gpl-love.com\/es\/wp-json\/wp\/v2\/product_tag?post=124223"}],"curies":[{"name":"wp","href":"https:\/\/api.w.org\/{rel}","templated":true}]}}