{"id":124164,"date":"2024-10-31T00:00:00","date_gmt":"2024-10-31T05:00:00","guid":{"rendered":"https:\/\/gpl-love.com\/es\/producto\/automatorwp-learnpress\/"},"modified":"2026-03-09T07:19:15","modified_gmt":"2026-03-09T12:19:15","slug":"automatorwp-learnpress","status":"publish","type":"product","link":"https:\/\/gpl-love.com\/es\/producto\/automatorwp-learnpress\/","title":{"rendered":"AutomatorWP LearnPress 1.1.4"},"content":{"rendered":"<h3>AutomatorWP LearnPress Caracteristicas<\/h3>\n<p>Automatorwp LearnPress es un complemento extremadamente robusto y potente dise\u00f1ado espec\u00edficamente para WordPress, que ofrece a sus usuarios la capacidad de automatizar sin esfuerzo su proceso de inscripci\u00f3n de LearnPress. Al utilizar este complemento excepcional, los usuarios pueden establecer y configurar automatizaciones que inscriban sin problemas a los estudiantes en cursos o los agregan sin problemas a un plan de membres\u00eda inmediatamente despu\u00e9s de completar una acci\u00f3n espec\u00edfica, como completar un formulario o participar en una compra. Esta notable caracter\u00edstica sirve para ahorrar tiempo significativamente y mejorar la experiencia general del usuario para los alumnos. Adem\u00e1s, AutomatorWp LearnPress tambi\u00e9n cuenta con una extensa gama de integraciones con complementos de WordPress muy utilizados y muy populares, que incluyen, entre otros, formularios de gravedad de WooCommerce y gravedad, lo que es una herramienta incre\u00edblemente vers\u00e1til plataforma. Como resultado de aprovechar las capacidades formidables de AutomatorWP LearnPress, los usuarios pueden optimizar y optimizar efectivamente su proceso de inscripci\u00f3n, allanando el camino para una experiencia de aprendizaje mucho m\u00e1s eficiente y efectiva para sus estimados estudiantes.<\/p>\n<ul>\n<li>Automatorwp LearnPress es una herramienta poderosa para crear flujos de trabajo personalizados dentro de LearnPress LMS<\/li>\n<li>Se integra perfectamente con el popular complemento AutomatorWP para WordPress<\/li>\n<li>Permite una amplia gama de personalizaciones y automatizaciones, incluidas notificaciones por correo electr\u00f3nico, actualizaciones de roles de usuario y seguimiento del progreso del curso<\/li>\n<li>Ahorre tiempo y agilice su flujo de trabajo automatizando tareas repetitivas como notificaciones de inscripci\u00f3n y finalizaci\u00f3n<\/li>\n<li>Monitorear y administrar su sitio LearnPress de manera m\u00e1s eficiente con registros y an\u00e1lisis detallados<\/li>\n<li>Compatible con una variedad de otros complementos que funcionan con LearnPress, incluidas las pasarelas de pago y las herramientas de importaci\u00f3n\/exportaci\u00f3n de cursos<\/li>\n<li>F\u00e1cil de instalar y configurar sin requerido conocimiento de codificaci\u00f3n<\/li>\n<li>Actualizado regularmente con nuevas caracter\u00edsticas y correcciones de errores para mejorar el rendimiento y la funcionalidad<\/li>\n<li>Documentaci\u00f3n y soporte extenso disponible para la resoluci\u00f3n de problemas y asistencia<\/li>\n<\/ul>\n","protected":false},"excerpt":{"rendered":"<p>Automatorwp LearnPress es una herramienta poderosa dise\u00f1ada para optimizar su plataforma Elearning. Este complemento revolucionario permite una integraci\u00f3n perfecta con LearnPress, transformando su experiencia de aprendizaje en l\u00ednea. Con sus funciones avanzadas de automatizaci\u00f3n, AutomatorWP LearnPress simplifica la creaci\u00f3n y gesti\u00f3n de los cursos, asegurando que pueda concentrarse en ofrecer contenido de calidad. Es ideal para instituciones educativas, tutores y capacitadores corporativos que desean mejorar sus capacidades de eLearning. Las caracter\u00edsticas clave incluyen inscripci\u00f3n autom\u00e1tica, seguimiento de progreso y rutas de aprendizaje personalizadas. Su interfaz f\u00e1cil de usar hace que sea f\u00e1cil de usar, incluso para principiantes. Con AutomatorWP LearnPress, puede crear un entorno de eLearning din\u00e1mico, atractivo y eficiente.<\/p>\n","protected":false},"featured_media":165423,"comment_status":"open","ping_status":"open","template":"","meta":[],"product_brand":[2368],"product_cat":[1214,1206,1211],"product_tag":[2210],"class_list":{"0":"post-124164","1":"product","2":"type-product","3":"status-publish","4":"has-post-thumbnail","6":"product_brand-automatorwp","7":"product_cat-personalizacion","8":"product_cat-plugins","9":"product_cat-wordpress-plugins","10":"product_tag-automatorwp","11":"member-discount","12":"discount-restricted","14":"first","15":"instock","16":"sale","17":"downloadable","18":"virtual","19":"sold-individually","20":"purchasable","21":"product-type-simple"},"_links":{"self":[{"href":"https:\/\/gpl-love.com\/es\/wp-json\/wp\/v2\/product\/124164","targetHints":{"allow":["GET"]}}],"collection":[{"href":"https:\/\/gpl-love.com\/es\/wp-json\/wp\/v2\/product"}],"about":[{"href":"https:\/\/gpl-love.com\/es\/wp-json\/wp\/v2\/types\/product"}],"replies":[{"embeddable":true,"href":"https:\/\/gpl-love.com\/es\/wp-json\/wp\/v2\/comments?post=124164"}],"wp:featuredmedia":[{"embeddable":true,"href":"https:\/\/gpl-love.com\/es\/wp-json\/wp\/v2\/media\/165423"}],"wp:attachment":[{"href":"https:\/\/gpl-love.com\/es\/wp-json\/wp\/v2\/media?parent=124164"}],"wp:term":[{"taxonomy":"product_brand","embeddable":true,"href":"https:\/\/gpl-love.com\/es\/wp-json\/wp\/v2\/product_brand?post=124164"},{"taxonomy":"product_cat","embeddable":true,"href":"https:\/\/gpl-love.com\/es\/wp-json\/wp\/v2\/product_cat?post=124164"},{"taxonomy":"product_tag","embeddable":true,"href":"https:\/\/gpl-love.com\/es\/wp-json\/wp\/v2\/product_tag?post=124164"}],"curies":[{"name":"wp","href":"https:\/\/api.w.org\/{rel}","templated":true}]}}