{"id":124162,"date":"2026-02-18T00:00:00","date_gmt":"2026-02-18T05:00:00","guid":{"rendered":"https:\/\/gpl-love.com\/es\/producto\/automatorwp-wp-fusion\/"},"modified":"2026-03-09T07:19:30","modified_gmt":"2026-03-09T12:19:30","slug":"automatorwp-wp-fusion","status":"publish","type":"product","link":"https:\/\/gpl-love.com\/es\/producto\/automatorwp-wp-fusion\/","title":{"rendered":"AutomatorWP WP Fusion 1.0.8"},"content":{"rendered":"<h3>AutomatorWP WP Fusion Caracteristicas<\/h3>\n<p>Automatorwp WP Fusion presenta una soluci\u00f3n \u00f3ptima para las personas que buscan aumentar la funcionalidad de su sitio de WordPress. Este complemento muy potente combina armoniosamente la destreza de AutomatorWP con la destreza de integraci\u00f3n perfecta de WP Fusion, facilitando as\u00ed la automatizaci\u00f3n de tareas del sitio web y flujos de trabajo con la mayor facilidad. En virtud de AutomatorWP WP Fusion, uno puede integrar sin esfuerzo su sitio web con estimadas herramientas de marketing como Hubspot, Salesforce y una variedad de otros, conferir as\u00ed un mayor control, flexibilidad y eficiencia. Si el objetivo de uno es optimizar las campa\u00f1as de marketing por correo electr\u00f3nico, mejorar los esfuerzos de generaci\u00f3n de leads o simplificar los procedimientos de gesti\u00f3n del cliente, AutomatorWP WP Fusion se erige como la respuesta por excelencia. Con su interfaz f\u00e1cil de usar y su amplia gama de caracter\u00edsticas, este complemento sirve como un activo indispensable para cualquier propietario del sitio web que busque elevar su presencia en l\u00ednea a nuevas alturas.<\/p>\n<ul>\n<li>Integra sin problemas WP Fusion en la plataforma de automatizaci\u00f3n de flujo de trabajo AutomatorWP<\/li>\n<li>Permite a los usuarios automatizar flujos de trabajo complejos y activar acciones basadas en el comportamiento, las interacciones y las preferencias del cliente.<\/li>\n<li>Productos de l\u00ednea de altura de los procesos de ventas y inducci\u00f3n del cliente<\/li>\n<li>Proporciona una amplia gama de desencadenantes y acciones para personalizar los flujos de trabajo de acuerdo con las necesidades comerciales espec\u00edficas<\/li>\n<li>Permite una integraci\u00f3n profunda con m\u00faltiples aplicaciones y servicios de terceros para una funcionalidad mejorada e intercambio de datos<\/li>\n<li>F\u00e1cil de instalar, configurar y personalizar, con documentaci\u00f3n detallada y atenci\u00f3n al cliente<\/li>\n<li>Ayuda a las empresas a ahorrar tiempo y esfuerzo al automatizar procesos de rutina y centrarse en tareas m\u00e1s estrat\u00e9gicas.<\/li>\n<li>Aumenta la satisfacci\u00f3n y la lealtad del cliente mediante la entrega de experiencias personalizadas y respuestas oportunas<\/li>\n<li>Aumenta las ventas y los ingresos mediante la optimizaci\u00f3n de campa\u00f1as de marketing, la generaci\u00f3n de leads y la tasa de conversi\u00f3n<\/li>\n<li>Proporciona valiosos informaci\u00f3n y an\u00e1lisis de datos para informar la toma de decisiones y mejorar el rendimiento.<\/li>\n<\/ul>\n","protected":false},"excerpt":{"rendered":"<p>Automatorwp WP Fusion es un complemento de WordPress poderoso y f\u00e1cil de usar que se integra perfectamente con su sitio web, lo que le permite automatizar sus tareas de gesti\u00f3n de marketing, ventas y contenido con facilidad. Esta herramienta innovadora est\u00e1 dise\u00f1ada para maximizar la eficiencia, lo que le permite automatizar una amplia gama de tareas, desde la actualizaci\u00f3n de los detalles del cliente hasta enviar correos electr\u00f3nicos personalizados, activar campa\u00f1as de marketing y mucho m\u00e1s. Con la ayuda de AutomatorWP WP Fusion, puede optimizar su flujo de trabajo, mejorar la participaci\u00f3n del cliente, aumentar las ventas y, en \u00faltima instancia, hacer crecer su negocio. Es la soluci\u00f3n perfecta para las empresas que buscan ahorrar tiempo y recursos al tiempo que mejora su presencia en l\u00ednea. \u00a1Experimenta el poder de la automatizaci\u00f3n con AutomatorWP WP Fusion!<\/p>\n","protected":false},"featured_media":165435,"comment_status":"open","ping_status":"open","template":"","meta":[],"product_brand":[2368],"product_cat":[1232,1206,1211],"product_tag":[2210],"class_list":{"0":"post-124162","1":"product","2":"type-product","3":"status-publish","4":"has-post-thumbnail","6":"product_brand-automatorwp","7":"product_cat-marketing-wordpress-plugins","8":"product_cat-plugins","9":"product_cat-wordpress-plugins","10":"product_tag-automatorwp","11":"member-discount","12":"discount-restricted","14":"first","15":"instock","16":"sale","17":"downloadable","18":"virtual","19":"sold-individually","20":"purchasable","21":"product-type-simple"},"_links":{"self":[{"href":"https:\/\/gpl-love.com\/es\/wp-json\/wp\/v2\/product\/124162","targetHints":{"allow":["GET"]}}],"collection":[{"href":"https:\/\/gpl-love.com\/es\/wp-json\/wp\/v2\/product"}],"about":[{"href":"https:\/\/gpl-love.com\/es\/wp-json\/wp\/v2\/types\/product"}],"replies":[{"embeddable":true,"href":"https:\/\/gpl-love.com\/es\/wp-json\/wp\/v2\/comments?post=124162"}],"wp:featuredmedia":[{"embeddable":true,"href":"https:\/\/gpl-love.com\/es\/wp-json\/wp\/v2\/media\/165435"}],"wp:attachment":[{"href":"https:\/\/gpl-love.com\/es\/wp-json\/wp\/v2\/media?parent=124162"}],"wp:term":[{"taxonomy":"product_brand","embeddable":true,"href":"https:\/\/gpl-love.com\/es\/wp-json\/wp\/v2\/product_brand?post=124162"},{"taxonomy":"product_cat","embeddable":true,"href":"https:\/\/gpl-love.com\/es\/wp-json\/wp\/v2\/product_cat?post=124162"},{"taxonomy":"product_tag","embeddable":true,"href":"https:\/\/gpl-love.com\/es\/wp-json\/wp\/v2\/product_tag?post=124162"}],"curies":[{"name":"wp","href":"https:\/\/api.w.org\/{rel}","templated":true}]}}