{"id":124086,"date":"2023-05-25T00:00:00","date_gmt":"2023-05-25T05:00:00","guid":{"rendered":"https:\/\/gpl-love.com\/es\/producto\/woocommerce-pdf-invoice-y-packing-slip-generator\/"},"modified":"2026-03-09T08:23:49","modified_gmt":"2026-03-09T13:23:49","slug":"woocommerce-pdf-invoice-y-packing-slip-generator","status":"publish","type":"product","link":"https:\/\/gpl-love.com\/es\/producto\/woocommerce-pdf-invoice-y-packing-slip-generator\/","title":{"rendered":"WooCommerce PDF Invoice y Packing Slip Generator 2.4.0"},"content":{"rendered":"<h3>WooCommerce PDF Invoice y Packing Slip Generator Caracteristicas<\/h3>\n<p>La factura PDF de WooCommerce y el generador de slip de empaquetado sirven como una herramienta incre\u00edblemente robusta y potente dise\u00f1ada espec\u00edficamente para el beneficio de los propietarios de tiendas en l\u00ednea, capacit\u00e1ndolos para generar facturas sin esfuerzo y resbalones de embalaje que son completamente personalizables y adaptadas a las necesidades de sus clientes. Gracias a este ingenioso complemento, los usuarios tienen la capacidad de los documentos de calidad profesional de moda que exudan su propia marca \u00fanica y preferencias estil\u00edsticas. El generador, en su inquebrantable compromiso con la comodidad del usuario, incorpora sin problemas todos los tidbit esenciales de informaci\u00f3n relacionada con cada orden individual, que abarca los detalles intrincados del producto, los detalles de env\u00edo y los detalles de pago integrales. Adem\u00e1s, otorga a los usuarios una amplia gama de opciones de personalizaci\u00f3n, que las hace capaces de integrar sus propios logotipos, alterando los tama\u00f1os de fuente a su gusto e incluso incorporando mensajes a medida que resuenan con su clientela. A la luz de estas caracter\u00edsticas impresionantes, queda muy claro que este complemento es la mejor panacea para cualquier empresa que busque optimizar y optimizar sus procesos de facturaci\u00f3n y env\u00edo.<\/p>\n<ul>\n<li>Genera facturas de PDF profesionales y personalizables y resbalones de embalaje para pedidos de WooCommerce<\/li>\n<li>Ahorra tiempo y mejora la eficiencia mediante la automatizaci\u00f3n de la factura y el proceso de generaci\u00f3n de slip de embalaje<\/li>\n<li>Proporciona una integraci\u00f3n perfecta con WooCommerce, eliminando la necesidad de entrada de datos manuales<\/li>\n<li>Permite la personalizaci\u00f3n de la factura y las plantillas de slip de embalaje para que se ajusten a su marca y estilo<\/li>\n<li>Incluye opciones para agregar el logotipo de su empresa, la informaci\u00f3n de env\u00edo y los detalles de pedido a las facturas y las resbalones de embalaje<\/li>\n<li>Viene con una interfaz f\u00e1cil de usar que facilita la administraci\u00f3n y personaliza sus facturas y resbalones de embalaje<\/li>\n<li>Env\u00eda los PDF generados directamente a sus clientes por correo electr\u00f3nico o enlace de descarga, lo que le ahorra la molestia de la distribuci\u00f3n manual<\/li>\n<li>Proporciona facturas precisas y sin errores y resbalones de embalaje, reduciendo el riesgo de errores de env\u00edo y pago.<\/li>\n<\/ul>\n","protected":false},"excerpt":{"rendered":"<p>Con la utilizaci\u00f3n de la factura PDF de WooCommerce y el generador de slip de embalaje, a las personas se les proporciona la comodidad de producir facturas refinables y adaptables sin esfuerzo para su escaparate digital. Este complemento notable posee la capacidad de generar autom\u00e1ticamente facturas y resbalones de embalaje en caso de que se realice un pedido, al tiempo que permite a los usuarios la oportunidad de personalizar elementos como el dise\u00f1o, el dise\u00f1o y la informaci\u00f3n incorporada en dichos documentos. Adem\u00e1s, tambi\u00e9n otorga a las personas la opci\u00f3n de reenviar estas facturas y empacar resbalones a los clientes a trav\u00e9s del correo electr\u00f3nico, sirviendo como archivos adjuntos PDF. Al utilizar esta herramienta f\u00e1cil de usar y altamente efectiva, los usuarios pueden optimizar sus procesos de gesti\u00f3n de pedidos, dejando en \u00faltima instancia una impresi\u00f3n duradera en su valor de clientes valiosos.<\/p>\n","protected":false},"featured_media":168199,"comment_status":"open","ping_status":"open","template":"","meta":[],"product_brand":[2339],"product_cat":[1207,1248,1206],"product_tag":[1256],"class_list":{"0":"post-124086","1":"product","2":"type-product","3":"status-publish","4":"has-post-thumbnail","6":"product_brand-codecanyon","7":"product_cat-comercio-electronico-plugins","8":"product_cat-personalizacion-comercio-electronico-plugins","9":"product_cat-plugins","10":"product_tag-codecanyon","11":"member-discount","12":"discount-restricted","14":"first","15":"instock","16":"sale","17":"downloadable","18":"virtual","19":"sold-individually","20":"purchasable","21":"product-type-simple"},"_links":{"self":[{"href":"https:\/\/gpl-love.com\/es\/wp-json\/wp\/v2\/product\/124086","targetHints":{"allow":["GET"]}}],"collection":[{"href":"https:\/\/gpl-love.com\/es\/wp-json\/wp\/v2\/product"}],"about":[{"href":"https:\/\/gpl-love.com\/es\/wp-json\/wp\/v2\/types\/product"}],"replies":[{"embeddable":true,"href":"https:\/\/gpl-love.com\/es\/wp-json\/wp\/v2\/comments?post=124086"}],"wp:featuredmedia":[{"embeddable":true,"href":"https:\/\/gpl-love.com\/es\/wp-json\/wp\/v2\/media\/168199"}],"wp:attachment":[{"href":"https:\/\/gpl-love.com\/es\/wp-json\/wp\/v2\/media?parent=124086"}],"wp:term":[{"taxonomy":"product_brand","embeddable":true,"href":"https:\/\/gpl-love.com\/es\/wp-json\/wp\/v2\/product_brand?post=124086"},{"taxonomy":"product_cat","embeddable":true,"href":"https:\/\/gpl-love.com\/es\/wp-json\/wp\/v2\/product_cat?post=124086"},{"taxonomy":"product_tag","embeddable":true,"href":"https:\/\/gpl-love.com\/es\/wp-json\/wp\/v2\/product_tag?post=124086"}],"curies":[{"name":"wp","href":"https:\/\/api.w.org\/{rel}","templated":true}]}}