{"id":123954,"date":"2022-02-22T00:00:00","date_gmt":"2022-02-22T05:00:00","guid":{"rendered":"https:\/\/gpl-love.com\/es\/producto\/sensei-course-participants\/"},"modified":"2026-04-10T11:24:21","modified_gmt":"2026-04-10T16:24:21","slug":"sensei-course-participants","status":"publish","type":"product","link":"https:\/\/gpl-love.com\/es\/producto\/sensei-course-participants\/","title":{"rendered":"Sensei Course Participants 2.0.3"},"content":{"rendered":"<h3>Sensei Course Participants Caracteristicas<\/h3>\n<p>Los participantes del curso Sensei consisten en un colectivo de personas que se han inscrito voluntariamente en un programa educativo que ha sido meticulosamente elaborado para ayudarlos a lograr el dominio sobre una habilidad o materia espec\u00edfica. Dentro de los l\u00edmites de este curso, estos participantes est\u00e1n proporcionados con una amplia gama de materiales de aprendizaje, que incluyen videos, seminarios web y ejercicios interactivos, todos dise\u00f1ados meticulosamente para facilitar el cultivo de una profunda comprensi\u00f3n del tema mencionado anteriormente. Supervisar este viaje educativo es un Sensei, un maestro maestro venerado y estimado, que posee una gran experiencia y una gran cantidad de conocimiento sobre el tema en cuesti\u00f3n. Al llegar con \u00e9xito a la conclusi\u00f3n de este curso, se espera que los participantes hayan adquirido un nivel elevado de competencia en el tema y poseer la capacidad de aplicar efectivamente el conocimiento que han alcanzado en sus vidas personales o profesionales. Teniendo en cuenta todos los aspectos, el curso Sensei, sin duda, presenta una oportunidad notable para que las personas que buscan profundizar en un tema particular y aumentar su conjunto de habilidades existentes.<\/p>\n<ul>\n<li>Desarrollo de habilidades: El curso Sensei est\u00e1 dise\u00f1ado para mejorar las habilidades de los participantes y permitirles convertirse en expertos en sus campos.<\/li>\n<li>Contenido integral: el curso tiene contenido detallado e integral que cubre todos los aspectos del tema.<\/li>\n<li>Aprendizaje interactivo: las sesiones de capacitaci\u00f3n son interactivas, lo que permite a los participantes interactuar con instructores y otros alumnos, y permiti\u00e9ndoles aprender a trav\u00e9s de escenarios de la vida real.<\/li>\n<li>Administrado a cada participante: el curso se adapta a las necesidades individuales de cada participante, asegurando que reciban capacitaci\u00f3n que sea relevante y valiosa para ellos.<\/li>\n<li>Apoyo continuo: los participantes reciben apoyo y recursos continuos despu\u00e9s de que se haya completado el curso, lo que les permite utilizar sus nuevas habilidades en su entorno de trabajo.<\/li>\n<li>Certificaci\u00f3n: al final del curso, los participantes reciben una certificaci\u00f3n reconocida en su industria, d\u00e1ndoles una ventaja competitiva en el mercado laboral.<\/li>\n<li>Accesible en cualquier lugar: el curso es accesible en l\u00ednea desde cualquier parte del mundo, lo que permite a los participantes aprender a su propio ritmo y proporcionarles la flexibilidad para completar la capacitaci\u00f3n en torno a su trabajo y compromisos personales.<\/li>\n<li>Instructores altamente experimentados: el curso es entregado por instructores altamente experimentados con un amplio conocimiento y experiencia en sus campos, asegurando que los participantes reciban capacitaci\u00f3n de alta calidad.<\/li>\n<\/ul>\n","protected":false},"excerpt":{"rendered":"<p>El programa Sensei Course participantes ha sido meticulosamente elaborado para proporcionar una oportunidad incomparable para que personas como usted fortalezcan y expanden su repertorio existente de habilidades y conocimientos dentro de su dominio espec\u00edfico. A trav\u00e9s de la invaluable orientaci\u00f3n y sabidur\u00eda impartidas por nuestros mentores altamente experimentados, estar\u00e1 equipado con las herramientas e ideas necesarias para trascender sus limitaciones actuales y desbloquear su verdadero potencial, lo que lo impulsa hacia la realizaci\u00f3n de sus estimadas aspiraciones profesionales. Independientemente de si sus aspiraciones se encuentran en el dominio de la literatura, el marketing o la programaci\u00f3n, nuestro plan de estudios meticulosamente comisariado lo capacitar\u00e1 no solo para adquirir una multitud de propiedades novedosas, sino que tambi\u00e9n las emplear\u00e1 efectivamente en el \u00e1mbito pr\u00e1ctico de su vocaci\u00f3n. \u00a1No pierda m\u00e1s tiempo precioso y aproveche la oportunidad de embarcarse en este viaje transformador hacia un triunfo inigualable inscribi\u00e9ndose en nuestro estimado programa hoy!<\/p>\n","protected":false},"featured_media":167452,"comment_status":"open","ping_status":"open","template":"","meta":[],"product_brand":[2344],"product_cat":[1207,1248,1206],"product_tag":[1423],"class_list":{"0":"post-123954","1":"product","2":"type-product","3":"status-publish","4":"has-post-thumbnail","6":"product_brand-woocommerce","7":"product_cat-comercio-electronico-plugins","8":"product_cat-personalizacion-comercio-electronico-plugins","9":"product_cat-plugins","10":"product_tag-woocommerce","11":"member-discount","12":"discount-restricted","14":"first","15":"instock","16":"sale","17":"downloadable","18":"virtual","19":"sold-individually","20":"purchasable","21":"product-type-simple"},"_links":{"self":[{"href":"https:\/\/gpl-love.com\/es\/wp-json\/wp\/v2\/product\/123954","targetHints":{"allow":["GET"]}}],"collection":[{"href":"https:\/\/gpl-love.com\/es\/wp-json\/wp\/v2\/product"}],"about":[{"href":"https:\/\/gpl-love.com\/es\/wp-json\/wp\/v2\/types\/product"}],"replies":[{"embeddable":true,"href":"https:\/\/gpl-love.com\/es\/wp-json\/wp\/v2\/comments?post=123954"}],"wp:featuredmedia":[{"embeddable":true,"href":"https:\/\/gpl-love.com\/es\/wp-json\/wp\/v2\/media\/167452"}],"wp:attachment":[{"href":"https:\/\/gpl-love.com\/es\/wp-json\/wp\/v2\/media?parent=123954"}],"wp:term":[{"taxonomy":"product_brand","embeddable":true,"href":"https:\/\/gpl-love.com\/es\/wp-json\/wp\/v2\/product_brand?post=123954"},{"taxonomy":"product_cat","embeddable":true,"href":"https:\/\/gpl-love.com\/es\/wp-json\/wp\/v2\/product_cat?post=123954"},{"taxonomy":"product_tag","embeddable":true,"href":"https:\/\/gpl-love.com\/es\/wp-json\/wp\/v2\/product_tag?post=123954"}],"curies":[{"name":"wp","href":"https:\/\/api.w.org\/{rel}","templated":true}]}}