{"id":123951,"date":"2022-02-22T00:00:00","date_gmt":"2022-02-22T05:00:00","guid":{"rendered":"https:\/\/gpl-love.com\/es\/producto\/mythemeshop-yosemite-wordpress-theme\/"},"modified":"2026-04-10T11:18:36","modified_gmt":"2026-04-10T16:18:36","slug":"mythemeshop-yosemite-wordpress-theme","status":"publish","type":"product","link":"https:\/\/gpl-love.com\/es\/producto\/mythemeshop-yosemite-wordpress-theme\/","title":{"rendered":"MyThemeShop Yosemite WordPress Theme 1.3.1"},"content":{"rendered":"<h3>MyThemeShop Yosemite WordPress Theme Caracteristicas<\/h3>\n<p>El tema Mythemeshop Yosemite WordPress atiende tanto a los bloggers como a las empresas, proporcion\u00e1ndoles una gran cantidad de opciones de personalizaci\u00f3n. Su dise\u00f1o elegante y moderno asegura que su sitio web no solo se vea visualmente atractivo sino que tambi\u00e9n funcione sin problemas en varios dispositivos. Adem\u00e1s, el tema est\u00e1 optimizado para los motores de b\u00fasqueda, lo que garantiza que su contenido se pueda descubrir f\u00e1cilmente. Su dise\u00f1o intuitivo, junto con caracter\u00edsticas f\u00e1ciles de usar, simplifica el proceso de crear un sitio web de aspecto profesional que represente con precisi\u00f3n su marca y mensaje. Adem\u00e1s, el tema ofrece una variedad de herramientas, como widgets personalizados, c\u00f3digos cortos, integraci\u00f3n de redes sociales y m\u00faltiples esquemas de color, lo que le permite crear una presencia en l\u00ednea distintiva y cautivadora. Independientemente de si se est\u00e1 embarcando en un nuevo viaje de blogs o renovando un sitio web existente, el tema Mythemeshop Yosemite WordPress es una elecci\u00f3n excepcional, que ofrece estilo y funcionalidad que producen resultados notables.<\/p>\n<ul>\n<li>Un tema de WordPress elegante y moderno dise\u00f1ado para bloggers y sitios web profesionales<\/li>\n<li>Totalmente receptivo para una visualizaci\u00f3n \u00f3ptima en cualquier dispositivo<\/li>\n<li>Opciones de dise\u00f1o vers\u00e1tiles y personalizaci\u00f3n f\u00e1cil a trav\u00e9s del personalizador incorporado<\/li>\n<li>Incluye una variedad de plantillas y widgets predise\u00f1ados para una f\u00e1cil creaci\u00f3n de contenido<\/li>\n<li>SEO optimizado para una mayor visibilidad y tr\u00e1fico<\/li>\n<li>Integraci\u00f3n de redes sociales incorporadas para compartir y promoci\u00f3n sin problemas<\/li>\n<li>Panel de opciones potentes para personalizaci\u00f3n avanzada y control de dise\u00f1o<\/li>\n<li>Actualizaciones regulares y soporte dedicado del equipo de Mythemeshop<\/li>\n<li>Compatible con complementos populares de WordPress para una funcionalidad y flexibilidad adicionales<\/li>\n<li>R\u00e1pido y liviano para un rendimiento \u00f3ptimo y experiencia en el usuario.<\/li>\n<\/ul>\n","protected":false},"excerpt":{"rendered":"<p>El tema de WordPress de Yosemite, desarrollado por Mythemeshop, posee un dise\u00f1o exquisito que es notablemente maleable, lo que lo hace ideal para personas involucradas en el mundo de los blogs, as\u00ed como a los trabajadores independientes y cualquiera que desee dise\u00f1ar un sitio web maravilloso. Con su dise\u00f1o impecable y contempor\u00e1neo, acompa\u00f1ado de un dise\u00f1o receptivo, el tema de Yosemite irradia una sensaci\u00f3n de esplendor en cualquier dispositivo, independientemente de si se trata de una computadora de escritorio tradicional o un tel\u00e9fono inteligente de vanguardia. Adem\u00e1s, este tema ofrece una variedad de opciones de personalizaci\u00f3n, que incluye widgets a medida, diversos dise\u00f1os y una variedad de esquemas de color, lo que le permite imbuir su sitio con un toque personal. Por lo tanto, independientemente de si se est\u00e1 embarcando en un nuevo viaje de blogs o emprender la tarea de renovar un sitio web ya existente, Mythemeshop Yosemite WordPress, se destaca como una selecci\u00f3n excepcional y juiciosa.<\/p>\n","protected":false},"featured_media":166951,"comment_status":"open","ping_status":"open","template":"","meta":[],"product_brand":[2505],"product_cat":[1267,1237,1238],"product_tag":[1334],"class_list":{"0":"post-123951","1":"product","2":"type-product","3":"status-publish","4":"has-post-thumbnail","6":"product_brand-my-theme-shop","7":"product_cat-creativo","8":"product_cat-temas","9":"product_cat-wordpress-temas","10":"product_tag-my-theme-shop","11":"member-discount","12":"discount-restricted","14":"first","15":"instock","16":"sale","17":"downloadable","18":"virtual","19":"sold-individually","20":"purchasable","21":"product-type-simple"},"_links":{"self":[{"href":"https:\/\/gpl-love.com\/es\/wp-json\/wp\/v2\/product\/123951","targetHints":{"allow":["GET"]}}],"collection":[{"href":"https:\/\/gpl-love.com\/es\/wp-json\/wp\/v2\/product"}],"about":[{"href":"https:\/\/gpl-love.com\/es\/wp-json\/wp\/v2\/types\/product"}],"replies":[{"embeddable":true,"href":"https:\/\/gpl-love.com\/es\/wp-json\/wp\/v2\/comments?post=123951"}],"wp:featuredmedia":[{"embeddable":true,"href":"https:\/\/gpl-love.com\/es\/wp-json\/wp\/v2\/media\/166951"}],"wp:attachment":[{"href":"https:\/\/gpl-love.com\/es\/wp-json\/wp\/v2\/media?parent=123951"}],"wp:term":[{"taxonomy":"product_brand","embeddable":true,"href":"https:\/\/gpl-love.com\/es\/wp-json\/wp\/v2\/product_brand?post=123951"},{"taxonomy":"product_cat","embeddable":true,"href":"https:\/\/gpl-love.com\/es\/wp-json\/wp\/v2\/product_cat?post=123951"},{"taxonomy":"product_tag","embeddable":true,"href":"https:\/\/gpl-love.com\/es\/wp-json\/wp\/v2\/product_tag?post=123951"}],"curies":[{"name":"wp","href":"https:\/\/api.w.org\/{rel}","templated":true}]}}