{"id":123949,"date":"2022-02-22T00:00:00","date_gmt":"2022-02-22T05:00:00","guid":{"rendered":"https:\/\/gpl-love.com\/es\/producto\/mythemeshop-portfolio-wordpress-theme\/"},"modified":"2026-03-13T17:25:42","modified_gmt":"2026-03-13T22:25:42","slug":"mythemeshop-portfolio-wordpress-theme","status":"publish","type":"product","link":"https:\/\/gpl-love.com\/es\/producto\/mythemeshop-portfolio-wordpress-theme\/","title":{"rendered":"MyThemeShop Portfolio WordPress Theme 1.2.11"},"content":{"rendered":"<h3>MyThemeShop Portfolio WordPress Theme Caracteristicas<\/h3>\n<p>El tema de WordPress de la cartera de Mythemeshop es una soluci\u00f3n extremadamente vers\u00e1til y altamente personalizable que satisface las necesidades de las personas y las empresas que buscan exhibir su trabajo en Internet. Con su dise\u00f1o elegante y moderno, este tema proporciona una gran cantidad de caracter\u00edsticas destinadas a optimizar la experiencia del usuario, abarcar el dise\u00f1o receptivo, los widgets personalizables y las animaciones impecablemente suaves. Las plantillas de cartera incorporadas del tema capacitan a los usuarios para exhibir sin esfuerzo su trabajo en una variedad de formatos, que abarcan cuadr\u00edculas, dise\u00f1os de mamposter\u00eda y carruseles cautivadores. Adem\u00e1s, el tema cuenta con una variedad de opciones de personalizaci\u00f3n, brindando a los usuarios la oportunidad de adaptar meticulosamente la apariencia y el ambiente de su sitio web para alinearse con su marca distintiva o estilo personal. En resumen, el tema de la cartera de Mythemeshop es una opci\u00f3n dominante y f\u00e1cil de usar para las personas que aspiran a construir un sitio web altamente profesional que muestre efectivamente su precioso trabajo.<\/p>\n<ul>\n<li>Dise\u00f1o receptivo y amigable para m\u00f3viles para una experiencia de usuario \u00f3ptima.<\/li>\n<li>El dise\u00f1o de la cuadr\u00edcula de cartera y las opciones de filtrado para una f\u00e1cil navegaci\u00f3n.<\/li>\n<li>Opciones personalizables para fuentes, colores y dise\u00f1o.<\/li>\n<li>Optimizaci\u00f3n de SEO incorporada para una mejor clasificaci\u00f3n de b\u00fasqueda.<\/li>\n<li>Compatible con complementos populares de WordPress para una funcionalidad adicional.<\/li>\n<li>Importaci\u00f3n de demostraci\u00f3n de un solo clic para una f\u00e1cil configuraci\u00f3n y personalizaci\u00f3n.<\/li>\n<li>Velocidad de carga r\u00e1pida para mejorar el rendimiento del sitio.<\/li>\n<li>Equipo de apoyo amigable y dedicado para cualquier consulta o problema.<\/li>\n<li>Actualizaciones regulares con nuevas caracter\u00edsticas y mejoras.<\/li>\n<li>Acceso y uso de por vida con instalaciones ilimitadas.<\/li>\n<\/ul>\n","protected":false},"excerpt":{"rendered":"<p>El tema de WordPress de la cartera de Mythemeshop, reconocido por su elegancia y modernidad, ha sido ingeniosamente elaborado para exhibir sus esfuerzos creativos de una manera altamente sofisticada y pulida. Con una gran cantidad de opciones y dise\u00f1os personalizables, este tema excepcional le permite presentar sin esfuerzo su cartera de una manera que se alinea sin problemas con su estilo y visi\u00f3n distintivos. Adem\u00e1s, su rapidez encomiable en la carga y la capacidad de respuesta inquebrantable en todos los dispositivos aseguran una experiencia visual impresionante para su audiencia. Ya sea que te encuentres inmerso en los reinos de la fotograf\u00eda, el dise\u00f1o o el arte, el tema de WordPress de la cartera de Mythemeshop sirve como una plataforma incomparable e indispensable, donde tus obras maestras cobran vida en un espect\u00e1culo cautivador y funcional.<\/p>\n","protected":false},"featured_media":166923,"comment_status":"open","ping_status":"open","template":"","meta":[],"product_brand":[2505],"product_cat":[1267,1237,1238],"product_tag":[1334],"class_list":{"0":"post-123949","1":"product","2":"type-product","3":"status-publish","4":"has-post-thumbnail","6":"product_brand-my-theme-shop","7":"product_cat-creativo","8":"product_cat-temas","9":"product_cat-wordpress-temas","10":"product_tag-my-theme-shop","11":"member-discount","12":"discount-restricted","14":"first","15":"instock","16":"sale","17":"downloadable","18":"virtual","19":"sold-individually","20":"purchasable","21":"product-type-simple"},"_links":{"self":[{"href":"https:\/\/gpl-love.com\/es\/wp-json\/wp\/v2\/product\/123949","targetHints":{"allow":["GET"]}}],"collection":[{"href":"https:\/\/gpl-love.com\/es\/wp-json\/wp\/v2\/product"}],"about":[{"href":"https:\/\/gpl-love.com\/es\/wp-json\/wp\/v2\/types\/product"}],"replies":[{"embeddable":true,"href":"https:\/\/gpl-love.com\/es\/wp-json\/wp\/v2\/comments?post=123949"}],"wp:featuredmedia":[{"embeddable":true,"href":"https:\/\/gpl-love.com\/es\/wp-json\/wp\/v2\/media\/166923"}],"wp:attachment":[{"href":"https:\/\/gpl-love.com\/es\/wp-json\/wp\/v2\/media?parent=123949"}],"wp:term":[{"taxonomy":"product_brand","embeddable":true,"href":"https:\/\/gpl-love.com\/es\/wp-json\/wp\/v2\/product_brand?post=123949"},{"taxonomy":"product_cat","embeddable":true,"href":"https:\/\/gpl-love.com\/es\/wp-json\/wp\/v2\/product_cat?post=123949"},{"taxonomy":"product_tag","embeddable":true,"href":"https:\/\/gpl-love.com\/es\/wp-json\/wp\/v2\/product_tag?post=123949"}],"curies":[{"name":"wp","href":"https:\/\/api.w.org\/{rel}","templated":true}]}}