{"id":123872,"date":"2021-02-09T00:00:00","date_gmt":"2021-02-09T05:00:00","guid":{"rendered":"https:\/\/gpl-love.com\/es\/producto\/userpro-dashboard\/"},"modified":"2026-04-10T11:30:03","modified_gmt":"2026-04-10T16:30:03","slug":"userpro-dashboard","status":"publish","type":"product","link":"https:\/\/gpl-love.com\/es\/producto\/userpro-dashboard\/","title":{"rendered":"UserPro DashBoard 3.7"},"content":{"rendered":"<h3>UserPro DashBoard Caracteristicas<\/h3>\n<p>El Panel de usuarios de UserPro, un complemento integral para la administraci\u00f3n de usuarios, est\u00e1 dise\u00f1ado para equipar su sitio web con un tablero de usuarios que cuenta con una variedad de caracter\u00edsticas impresionantes. Este complemento le permite crear perfiles de usuario personalizados, manejar eficientemente los roles y permisos de los usuarios, y presentar una innumerable opciones para el registro y el inicio de sesi\u00f3n de los usuarios. Adem\u00e1s, la interfaz de usuario no solo es f\u00e1cil de usar, sino que tambi\u00e9n ofrece una amplia gama de opciones de personalizaci\u00f3n que satisfacen sus necesidades espec\u00edficas. Gracias al tablero de usuarios de UserPro, puede mejorar sin problemas la experiencia de sus usuarios en su sitio web al proporcionarles una plataforma f\u00e1cil de usar que les permita administrar sin esfuerzo sus perfiles y acceder a la informaci\u00f3n que requieren. Independientemente de si opera un sitio web de WordPress, una tienda de comercio electr\u00f3nico o una red social pr\u00f3spera, el Panel de usuarios de UserPro es la soluci\u00f3n perfecta para administrar eficientemente a sus usuarios y ofrecer una experiencia de usuario inigualable.<\/p>\n<ul>\n<li>Panel de usuarios integral para propietarios y administradores de sitios web<\/li>\n<li>Proporciona opciones detalladas de cuentas de usuarios<\/li>\n<li>Ofrece la funcionalidad avanzada de registro e inicio de sesi\u00f3n<\/li>\n<li>Rastrea la actividad del usuario y la participaci\u00f3n en todo el sitio web<\/li>\n<li>Permite a los propietarios de sitios web administrar f\u00e1cilmente los roles y permisos de los usuarios<\/li>\n<li>Se integra perfectamente con las plataformas CMS populares como WordPress y Drupal<\/li>\n<li>Ofrece perfiles de usuario personalizables para cada usuario individual<\/li>\n<li>Proporciona varias herramientas de participaci\u00f3n del usuario, como notificaciones y mensajes<\/li>\n<li>Habilita la creaci\u00f3n y gesti\u00f3n de grupos de usuarios y comunidades<\/li>\n<li>Ofrece capacidades s\u00f3lidas de informes y an\u00e1lisis para datos y actividad de los usuarios<\/li>\n<\/ul>\n","protected":false},"excerpt":{"rendered":"<p>El tablero de usuarios de UserPro, una herramienta incre\u00edblemente robusta y potente, otorga a los usuarios la capacidad de supervisar y regular sin esfuerzo su perfil y preferencias en cualquier sitio web que emplee el complemento UserPro. Con una interfaz inmaculada e intuitiva, los usuarios pueden hacer modificaciones sin esfuerzo a su biograf\u00eda, cargar sin esfuerzo su foto de perfil y administrar sin problemas los detalles de su cuenta. Adem\u00e1s, este tablero tambi\u00e9n otorga el privilegio de acceder a mensajes personales, mantenerse actualizado sobre notificaciones y administrar convenientemente las conexiones de las redes sociales. \u00a1Gracias al tablero de usuarios, la tarea de administrar eficientemente la presencia en l\u00ednea de uno nunca ha sido m\u00e1s f\u00e1cil!<\/p>\n","protected":false},"featured_media":167936,"comment_status":"open","ping_status":"open","template":"","meta":[],"product_brand":[2339],"product_cat":[1214,1206,1211],"product_tag":[1256],"class_list":{"0":"post-123872","1":"product","2":"type-product","3":"status-publish","4":"has-post-thumbnail","6":"product_brand-codecanyon","7":"product_cat-personalizacion","8":"product_cat-plugins","9":"product_cat-wordpress-plugins","10":"product_tag-codecanyon","11":"member-discount","12":"discount-restricted","14":"first","15":"instock","16":"sale","17":"downloadable","18":"virtual","19":"sold-individually","20":"purchasable","21":"product-type-simple"},"_links":{"self":[{"href":"https:\/\/gpl-love.com\/es\/wp-json\/wp\/v2\/product\/123872","targetHints":{"allow":["GET"]}}],"collection":[{"href":"https:\/\/gpl-love.com\/es\/wp-json\/wp\/v2\/product"}],"about":[{"href":"https:\/\/gpl-love.com\/es\/wp-json\/wp\/v2\/types\/product"}],"replies":[{"embeddable":true,"href":"https:\/\/gpl-love.com\/es\/wp-json\/wp\/v2\/comments?post=123872"}],"wp:featuredmedia":[{"embeddable":true,"href":"https:\/\/gpl-love.com\/es\/wp-json\/wp\/v2\/media\/167936"}],"wp:attachment":[{"href":"https:\/\/gpl-love.com\/es\/wp-json\/wp\/v2\/media?parent=123872"}],"wp:term":[{"taxonomy":"product_brand","embeddable":true,"href":"https:\/\/gpl-love.com\/es\/wp-json\/wp\/v2\/product_brand?post=123872"},{"taxonomy":"product_cat","embeddable":true,"href":"https:\/\/gpl-love.com\/es\/wp-json\/wp\/v2\/product_cat?post=123872"},{"taxonomy":"product_tag","embeddable":true,"href":"https:\/\/gpl-love.com\/es\/wp-json\/wp\/v2\/product_tag?post=123872"}],"curies":[{"name":"wp","href":"https:\/\/api.w.org\/{rel}","templated":true}]}}