{"id":123868,"date":"2022-02-20T00:00:00","date_gmt":"2022-02-20T05:00:00","guid":{"rendered":"https:\/\/gpl-love.com\/es\/producto\/ninja-forms-zoho-creator\/"},"modified":"2026-04-10T11:19:40","modified_gmt":"2026-04-10T16:19:40","slug":"ninja-forms-zoho-creator","status":"publish","type":"product","link":"https:\/\/gpl-love.com\/es\/producto\/ninja-forms-zoho-creator\/","title":{"rendered":"Ninja Forms Zoho Creator 1.1"},"content":{"rendered":"<h3>Ninja Forms Zoho Creator Caracteristicas<\/h3>\n<p>Ninja Forms Zoho Creator es una integraci\u00f3n que ha sido dise\u00f1ada espec\u00edficamente para satisfacer las necesidades de los usuarios que desean reunir sin esfuerzo y manejar de manera efectiva las presentaciones de formularios de su sitio web de WordPress. Esta integraci\u00f3n permite la transferencia perfecta de datos recopilados desde el sitio web directamente en la cuenta de creator Zoho del usuario. Los formularios Ninja, que es un complemento de constructor de formulario muy favorito y ampliamente utilizado para WordPress, ofrece una variedad de funcionalidades avanzadas y sofisticadas, como l\u00f3gica condicional, cargas de archivos e integraciones de pago. Por otro lado, Zoho Creator sirve como una plataforma integral que facilita la creaci\u00f3n de aplicaciones comerciales a medida y la automatizaci\u00f3n de flujos de trabajo intrincados. Cuando se combinan, estas dos herramientas excepcionales forman una soluci\u00f3n incre\u00edblemente din\u00e1mica y robusta para las empresas que buscan optimizar sus procesos de recopilaci\u00f3n y gesti\u00f3n de datos. Con la ayuda de los formularios Ninja Zoho Creator, los usuarios pueden crear formas personalizadas y personalizadas, recopilar y acumular datos de manera eficiente de los visitantes de su sitio web, y transferir sin problemas esos datos a su cuenta de Zoho Creator. Esta notable integraci\u00f3n no solo sirve para ahorrar un tiempo valioso, sino que tambi\u00e9n disminuye significativamente la probabilidad de errores de datos, lo que lo convierte en una soluci\u00f3n absolutamente ideal para las empresas con el objetivo de mejorar sus niveles generales de eficiencia y productividad.<\/p>\n<ul>\n<li>Integraci\u00f3n perfecta de formas ninja con zoho creador<\/li>\n<li>Permite a los usuarios transferir f\u00e1cilmente los datos recopilados de formularios ninja a Zoho Creator<\/li>\n<li>Habilita la creaci\u00f3n de registros y m\u00f3dulos de creador de Zoho personalizados directamente de los formularios ninja<\/li>\n<li>Ofrece flujos de trabajo automatizados que agilizan la transferencia de datos y la administraci\u00f3n entre las dos plataformas<\/li>\n<li>Proporciona sincronizaci\u00f3n en tiempo real de datos entre los formularios ninja y el creador de Zoho<\/li>\n<li>Simplifica la entrada de datos y reduce los errores al eliminar la entrada de datos manuales entre las dos plataformas<\/li>\n<li>Ofrece opciones de personalizaci\u00f3n flexible para mapear campos entre formularios ninja y zoho creador<\/li>\n<li>Viene con una interfaz f\u00e1cil de usar que hace que la integraci\u00f3n sea muy f\u00e1cil para todos los niveles de experiencia t\u00e9cnica<\/li>\n<li>Proporciona transferencia de datos confiable y segura entre dos plataformas robustas y confiables.<\/li>\n<\/ul>\n","protected":false},"excerpt":{"rendered":"<p>La herramienta de integraci\u00f3n conocida como Ninja Forms Zoho Creator se presenta como una fuerza formidable, capaz de conectar sin esfuerzo sus datos Ninja Forms a su cuenta de Zoho Creator. Esta herramienta ofrece un medio r\u00e1pido y sin complicaciones para transferir datos importantes, como env\u00edos de formularios y clientes potenciales, directamente a su cuenta de Zoho Creator. Una vez all\u00ed, estos datos se vuelven f\u00e1cilmente accesibles para la utilizaci\u00f3n en varios aspectos de su negocio, desde flujos de trabajo hasta informes y otras aplicaciones. Independientemente de si se encuentra al frente de una peque\u00f1a empresa o una empresa en expansi\u00f3n, no se pueden exagerar los m\u00e9ritos de emplear formularios Ninja como una soluci\u00f3n para optimizar la gesti\u00f3n de sus datos y mejorar la eficiencia. Entonces, \u00bfpor qu\u00e9 retrasar m\u00e1s? \u00a1Tome la iniciativa hoy y sum\u00e9rgase en las ventajas de la integraci\u00f3n de datos sin problemas!<\/p>\n","protected":false},"featured_media":167047,"comment_status":"open","ping_status":"open","template":"","meta":[],"product_brand":[2509],"product_cat":[1212,1206,1211],"product_tag":[1338],"class_list":{"0":"post-123868","1":"product","2":"type-product","3":"status-publish","4":"has-post-thumbnail","6":"product_brand-ninja-forms","7":"product_cat-administracion-wordpress-plugins","8":"product_cat-plugins","9":"product_cat-wordpress-plugins","10":"product_tag-ninja-forms","11":"member-discount","12":"discount-restricted","14":"first","15":"instock","16":"sale","17":"downloadable","18":"virtual","19":"sold-individually","20":"purchasable","21":"product-type-simple"},"_links":{"self":[{"href":"https:\/\/gpl-love.com\/es\/wp-json\/wp\/v2\/product\/123868","targetHints":{"allow":["GET"]}}],"collection":[{"href":"https:\/\/gpl-love.com\/es\/wp-json\/wp\/v2\/product"}],"about":[{"href":"https:\/\/gpl-love.com\/es\/wp-json\/wp\/v2\/types\/product"}],"replies":[{"embeddable":true,"href":"https:\/\/gpl-love.com\/es\/wp-json\/wp\/v2\/comments?post=123868"}],"wp:featuredmedia":[{"embeddable":true,"href":"https:\/\/gpl-love.com\/es\/wp-json\/wp\/v2\/media\/167047"}],"wp:attachment":[{"href":"https:\/\/gpl-love.com\/es\/wp-json\/wp\/v2\/media?parent=123868"}],"wp:term":[{"taxonomy":"product_brand","embeddable":true,"href":"https:\/\/gpl-love.com\/es\/wp-json\/wp\/v2\/product_brand?post=123868"},{"taxonomy":"product_cat","embeddable":true,"href":"https:\/\/gpl-love.com\/es\/wp-json\/wp\/v2\/product_cat?post=123868"},{"taxonomy":"product_tag","embeddable":true,"href":"https:\/\/gpl-love.com\/es\/wp-json\/wp\/v2\/product_tag?post=123868"}],"curies":[{"name":"wp","href":"https:\/\/api.w.org\/{rel}","templated":true}]}}