{"id":123866,"date":"2022-02-20T00:00:00","date_gmt":"2022-02-20T05:00:00","guid":{"rendered":"https:\/\/gpl-love.com\/es\/producto\/ninja-forms-front-end-posting\/"},"modified":"2026-04-10T11:19:19","modified_gmt":"2026-04-10T16:19:19","slug":"ninja-forms-front-end-posting","status":"publish","type":"product","link":"https:\/\/gpl-love.com\/es\/producto\/ninja-forms-front-end-posting\/","title":{"rendered":"Ninja Forms Front End Posting 3.0.10"},"content":{"rendered":"<h3>Ninja Forms Front End Posting Caracteristicas<\/h3>\n<p>Si est\u00e1 buscando un m\u00e9todo conveniente para generar formularios y habilitar la publicaci\u00f3n front-end en su sitio web de WordPress, no busque m\u00e1s que formularios ninja. Esta impresionante plataforma ofrece una soluci\u00f3n integral con su complemento de publicaci\u00f3n frontal, que le otorga la capacidad de dise\u00f1ar formularios personalizados que permitan a los usuarios enviar directamente el contenido desde el front-end de su sitio. Ya sea que su objetivo es establecer un tablero de trabajo, un directorio o un formulario de contacto directo, el Ninja Forma front-end que la publicaci\u00f3n de la publicaci\u00f3n simplifica el proceso de creaci\u00f3n de formulario y facilita la gesti\u00f3n de env\u00edo. Adem\u00e1s, su amplia gama de opciones de personalizaci\u00f3n e integraci\u00f3n perfecta con varios complementos de WordPress le permiten adaptar la experiencia del usuario para alinearse perfectamente con sus requisitos espec\u00edficos. No se demore m\u00e1s tiempo: tome la decisi\u00f3n de incorporar la publicaci\u00f3n de front -end de los formularios ninja en sus operaciones hoy y presencie la racionalizaci\u00f3n significativa de su proceso de env\u00edo de contenido.<\/p>\n<ul>\n<li>Builder de formulario frontal simple e intuitivo para sitios web de WordPress<\/li>\n<li>Permite a los visitantes del sitio web enviar publicaciones, p\u00e1ginas y tipos de publicaciones personalizadas sin tener que acceder al tablero de WordPress<\/li>\n<li>Proporciona el constructor de formulario de arrastre y suelto con campos y dise\u00f1os personalizables<\/li>\n<li>Protecci\u00f3n de spam incorporada para prevenir env\u00edos no deseados<\/li>\n<li>Permite a los usuarios cargar archivos, im\u00e1genes y medios directamente con sus env\u00edos de publicaciones<\/li>\n<li>Integrado con las funciones de registro e inicio de sesi\u00f3n del usuario, permitiendo a los usuarios guardar borradores, editar sus env\u00edos y recibir notificaciones sobre sus publicaciones<\/li>\n<li>Opciones flexibles y personalizables para publicar el estado de publicaci\u00f3n y la configuraci\u00f3n de notificaci\u00f3n<\/li>\n<li>Compatible con WordPress Multisite y instalaciones de red<\/li>\n<\/ul>\n","protected":false},"excerpt":{"rendered":"<p>La publicaci\u00f3n de Ninja Forms Front End es un complemento de WordPress incre\u00edblemente \u00fatil que otorga a los usuarios la capacidad conveniente de enviar f\u00e1cilmente publicaciones, p\u00e1ginas y tipos de publicaciones personalizadas a trav\u00e9s del front-end de su estimado sitio web. Esta herramienta impresionante faculta a los usuarios para construir h\u00e1bilmente formularios personalizados que utilicen una interfaz de arrastrar y soltar notablemente f\u00e1cil de usar, posteriormente incrustando los formularios en cualquier ubicaci\u00f3n deseada en su estimado sitio. Estos formularios impresionantes cuentan con una variedad de caracter\u00edsticas notables, incluida la inclusi\u00f3n de campos personalizados, la facilitaci\u00f3n de las cargas de archivos e incluso las integraciones perfectas con varios servicios destacados de marketing por correo electr\u00f3nico. Al adoptar el notable potencial que Ninja Forms Front End Publicing ofrece, los usuarios pueden optimizar efectivamente el arduo proceso de creaci\u00f3n de contenido, fomentando posteriormente una mayor participaci\u00f3n de la audiencia directamente en su estimado sitio web.<\/p>\n","protected":false},"featured_media":167012,"comment_status":"open","ping_status":"open","template":"","meta":[],"product_brand":[2509],"product_cat":[1214,1206,1211],"product_tag":[1338],"class_list":{"0":"post-123866","1":"product","2":"type-product","3":"status-publish","4":"has-post-thumbnail","6":"product_brand-ninja-forms","7":"product_cat-personalizacion","8":"product_cat-plugins","9":"product_cat-wordpress-plugins","10":"product_tag-ninja-forms","11":"member-discount","12":"discount-restricted","14":"first","15":"instock","16":"sale","17":"downloadable","18":"virtual","19":"sold-individually","20":"purchasable","21":"product-type-simple"},"_links":{"self":[{"href":"https:\/\/gpl-love.com\/es\/wp-json\/wp\/v2\/product\/123866","targetHints":{"allow":["GET"]}}],"collection":[{"href":"https:\/\/gpl-love.com\/es\/wp-json\/wp\/v2\/product"}],"about":[{"href":"https:\/\/gpl-love.com\/es\/wp-json\/wp\/v2\/types\/product"}],"replies":[{"embeddable":true,"href":"https:\/\/gpl-love.com\/es\/wp-json\/wp\/v2\/comments?post=123866"}],"wp:featuredmedia":[{"embeddable":true,"href":"https:\/\/gpl-love.com\/es\/wp-json\/wp\/v2\/media\/167012"}],"wp:attachment":[{"href":"https:\/\/gpl-love.com\/es\/wp-json\/wp\/v2\/media?parent=123866"}],"wp:term":[{"taxonomy":"product_brand","embeddable":true,"href":"https:\/\/gpl-love.com\/es\/wp-json\/wp\/v2\/product_brand?post=123866"},{"taxonomy":"product_cat","embeddable":true,"href":"https:\/\/gpl-love.com\/es\/wp-json\/wp\/v2\/product_cat?post=123866"},{"taxonomy":"product_tag","embeddable":true,"href":"https:\/\/gpl-love.com\/es\/wp-json\/wp\/v2\/product_tag?post=123866"}],"curies":[{"name":"wp","href":"https:\/\/api.w.org\/{rel}","templated":true}]}}