{"id":123864,"date":"2025-06-08T00:00:00","date_gmt":"2025-06-08T05:00:00","guid":{"rendered":"https:\/\/gpl-love.com\/es\/producto\/ninja-forms-clicksend-sms\/"},"modified":"2026-04-10T11:19:11","modified_gmt":"2026-04-10T16:19:11","slug":"ninja-forms-clicksend-sms","status":"publish","type":"product","link":"https:\/\/gpl-love.com\/es\/producto\/ninja-forms-clicksend-sms\/","title":{"rendered":"Ninja Forms ClickSend SMS 3.0.2"},"content":{"rendered":"<h3>Ninja Forms ClickSend SMS Caracteristicas<\/h3>\n<p>Ninja Forms Clicksend SMS es una herramienta extremadamente potente y eficaz que otorga a los usuarios la capacidad incomparable de enviar mensajes de texto sin esfuerzo a sus estimados clientes o clientes estimados. Gracias a su interfaz notablemente directa y su integraci\u00f3n impecablemente suave con formularios ninja, los usuarios pueden fabricar y transmitir mensajes SMS directamente desde los l\u00edmites de su sitio web de WordPress. Este notable complemento ofrece una extensa variedad de opciones personalizables, lo que permite a los usuarios adaptar sus mensajes con la m\u00e1xima precisi\u00f3n para adaptarse a sus exigencias idiosincr\u00e1ticas. Adem\u00e1s, los usuarios pueden monitorear meticulosamente el triunfo de sus mensajes a trav\u00e9s de la provisi\u00f3n de informes en tiempo real, asegurando as\u00ed que su p\u00fablico objetivo prevista se alcance de manera efectiva. En general, se puede afirmar con confianza que Ninja Forms Clicksend SMS es una soluci\u00f3n excepcional para las empresas que desean mejorar su comunicaci\u00f3n con los clientes y optimizar sus esfuerzos de marketing.<\/p>\n<ul>\n<li>Capacidad para enviar notificaciones de SMS a los clientes a trav\u00e9s de la integraci\u00f3n de Clicksend en formularios ninja<\/li>\n<li>Personalizar mensajes SMS con campos personalizados y etiquetas de fusi\u00f3n<\/li>\n<li>Programe los mensajes de SMS que se enviar\u00e1n a una hora o fecha espec\u00edfica<\/li>\n<li>Seguimiento de la entrega de mensajes de SMS con actualizaciones en tiempo real e informes de estado de entrega<\/li>\n<li>Administrar y monitorear f\u00e1cilmente el historial de mensajes de SMS dentro de la interfaz Ninja Forms<\/li>\n<li>Plegar comunicaci\u00f3n con los clientes y enviar actualizaciones o recordatorios importantes directamente a su dispositivo m\u00f3vil.<\/li>\n<li>Se integra a la perfecci\u00f3n con formularios ninja, no se necesitan complementos adicionales o software<\/li>\n<li>Precios asequibles con planes flexibles para adaptarse a las necesidades comerciales o de proyecto<\/li>\n<\/ul>\n","protected":false},"excerpt":{"rendered":"<p>El complemento Ninja Forms Clicksend SMS ofrece una soluci\u00f3n integral y \u00f3ptima para las empresas que buscan comunicarse de manera eficiente y amplia con su clientela. Este complemento se integra perfectamente con los formularios ninja, facilitando as\u00ed la transmisi\u00f3n de notificaciones y actualizaciones de SMS directamente a los dispositivos m\u00f3viles de sus clientes. Equipado con una interfaz f\u00e1cil de usar y plantillas personalizables, puede moda sin esfuerzo el mensaje SMS ideal para cualquier ocasi\u00f3n dada. Ya sea que su objetivo se refiera a confirmar una cita, desembolsar una oferta promocional o difundir actualizaciones pertinentes a sus apreciados clientes, nuestro complemento SMS de Clicksend facilitar\u00e1 sin duda la ejecuci\u00f3n exitosa de tales tareas. Adem\u00e1s, tenga la seguridad de que con el servicio SMS confiable y rentable de Clicksend, la aprensi\u00f3n con respecto a la p\u00e9rdida o retraso de sus mensajes se convertir\u00e1 en algo del pasado. \u00a1Abrace hoy el complemento de SMS de los formularios ninja y revolucione sus interacciones con sus valiosos clientes!<\/p>\n","protected":false},"featured_media":167001,"comment_status":"open","ping_status":"open","template":"","meta":[],"product_brand":[2509],"product_cat":[1232,1206,1211],"product_tag":[1338],"class_list":{"0":"post-123864","1":"product","2":"type-product","3":"status-publish","4":"has-post-thumbnail","6":"product_brand-ninja-forms","7":"product_cat-marketing-wordpress-plugins","8":"product_cat-plugins","9":"product_cat-wordpress-plugins","10":"product_tag-ninja-forms","11":"member-discount","12":"discount-restricted","14":"first","15":"instock","16":"sale","17":"downloadable","18":"virtual","19":"sold-individually","20":"purchasable","21":"product-type-simple"},"_links":{"self":[{"href":"https:\/\/gpl-love.com\/es\/wp-json\/wp\/v2\/product\/123864","targetHints":{"allow":["GET"]}}],"collection":[{"href":"https:\/\/gpl-love.com\/es\/wp-json\/wp\/v2\/product"}],"about":[{"href":"https:\/\/gpl-love.com\/es\/wp-json\/wp\/v2\/types\/product"}],"replies":[{"embeddable":true,"href":"https:\/\/gpl-love.com\/es\/wp-json\/wp\/v2\/comments?post=123864"}],"wp:featuredmedia":[{"embeddable":true,"href":"https:\/\/gpl-love.com\/es\/wp-json\/wp\/v2\/media\/167001"}],"wp:attachment":[{"href":"https:\/\/gpl-love.com\/es\/wp-json\/wp\/v2\/media?parent=123864"}],"wp:term":[{"taxonomy":"product_brand","embeddable":true,"href":"https:\/\/gpl-love.com\/es\/wp-json\/wp\/v2\/product_brand?post=123864"},{"taxonomy":"product_cat","embeddable":true,"href":"https:\/\/gpl-love.com\/es\/wp-json\/wp\/v2\/product_cat?post=123864"},{"taxonomy":"product_tag","embeddable":true,"href":"https:\/\/gpl-love.com\/es\/wp-json\/wp\/v2\/product_tag?post=123864"}],"curies":[{"name":"wp","href":"https:\/\/api.w.org\/{rel}","templated":true}]}}