{"id":123862,"date":"2021-02-09T00:00:00","date_gmt":"2021-02-09T05:00:00","guid":{"rendered":"https:\/\/gpl-love.com\/es\/producto\/mythemeshop-viral-wordpress-theme\/"},"modified":"2026-04-10T11:18:30","modified_gmt":"2026-04-10T16:18:30","slug":"mythemeshop-viral-wordpress-theme","status":"publish","type":"product","link":"https:\/\/gpl-love.com\/es\/producto\/mythemeshop-viral-wordpress-theme\/","title":{"rendered":"MyThemeShop Viral WordPress Theme 1.1.4"},"content":{"rendered":"<h3>MyThemeShop Viral WordPress Theme Caracteristicas<\/h3>\n<p>El tema Mythemeshop Viral WordPress es un tema realmente notable dise\u00f1ado espec\u00edficamente para bloggers y propietarios de sitios web que aspiran a generar contenido viral que es f\u00e1cilmente compartible y altamente cautivador. Con un dise\u00f1o elegante y contempor\u00e1neo, este tema es una joya absoluta para aquellos que buscan seleccionar un sitio web que exude una est\u00e9tica pulida y profesional. Equipado con una variedad de caracter\u00edsticas, que incluye una integraci\u00f3n perfecta con varias plataformas de redes sociales, widgets personalizables y formatos de publicaci\u00f3n vers\u00e1tiles, este tema ofrece un medio sin esfuerzo para producir contenido que resuene con su audiencia en un nivel profundo. Adem\u00e1s, gracias a su meticulosa optimizaci\u00f3n para los algoritmos de los motores de b\u00fasqueda, la visibilidad de su sitio web se disparar\u00e1, impuls\u00e1ndola a los niveles superiores de las p\u00e1ginas de resultados del motor de b\u00fasqueda. En general, el tema Mythemeshop Viral WordPress es una opci\u00f3n sobresaliente para cualquier persona que anhele construir un sitio web que sea excepcionalmente cautivador y destinado al \u00e9xito rotundo.<\/p>\n<ul>\n<li>Dise\u00f1o altamente receptivo y amigable para m\u00f3viles<\/li>\n<li>Widgets y c\u00f3digos cortos personalizados para una f\u00e1cil personalizaci\u00f3n<\/li>\n<li>Builder de la p\u00e1gina de inicio de arrastre y soltar f\u00e1ciles de usar<\/li>\n<li>M\u00faltiples formatos de publicaci\u00f3n que incluyen audio y video<\/li>\n<li>Integraci\u00f3n de las redes sociales para aumentar el intercambio<\/li>\n<li>Gesti\u00f3n de anuncios incorporado para opciones de monetizaci\u00f3n<\/li>\n<li>SEO optimizado para mejorar la clasificaci\u00f3n del motor de b\u00fasqueda<\/li>\n<li>Importaci\u00f3n de demostraci\u00f3n de un solo clic para una configuraci\u00f3n r\u00e1pida<\/li>\n<li>Equipo de apoyo dedicado y documentaci\u00f3n extensa<\/li>\n<li>Actualizaciones regulares y compatibilidad con las \u00faltimas versiones de WordPress.<\/li>\n<\/ul>\n","protected":false},"excerpt":{"rendered":"<p>El tema de Mythemeshop Viral WordPress es un tema altamente receptivo y visualmente cautivador que ha sido meticulosamente elaborado con el prop\u00f3sito de ayudarlo en la creaci\u00f3n de sitios web virales cautivadores. Independientemente de si su intenci\u00f3n es lanzar un sitio de noticias viral o una plataforma de marketing en redes sociales, el tema viral seguramente atender\u00e1 a sus necesidades sin esfuerzo. Con un dise\u00f1o elegante y contempor\u00e1neo, el tema proporciona una multitud de dise\u00f1os de p\u00e1gina de inicio personalizables, incorporando botones de intercambio social incorporados, as\u00ed como opciones de personalizaci\u00f3n f\u00e1cil de usar. En consecuencia, surge como una opci\u00f3n excepcional para bloggers, vendedores y propietarios de sitios web que aspiran a promover efectivamente su contenido y expandir su audiencia. Armado con las potentes caracter\u00edsticas y la flexibilidad inigualable que Viral ofrece, sin duda podr\u00e1 establecer un sitio web que se distingue sin esfuerzo de los innumerables otros, impulsando exitosamente el tr\u00e1fico hacia su valioso contenido.<\/p>\n","protected":false},"featured_media":166941,"comment_status":"open","ping_status":"open","template":"","meta":[],"product_brand":[2505],"product_cat":[1267,1237,1238],"product_tag":[1334],"class_list":{"0":"post-123862","1":"product","2":"type-product","3":"status-publish","4":"has-post-thumbnail","6":"product_brand-my-theme-shop","7":"product_cat-creativo","8":"product_cat-temas","9":"product_cat-wordpress-temas","10":"product_tag-my-theme-shop","11":"member-discount","12":"discount-restricted","14":"first","15":"instock","16":"sale","17":"downloadable","18":"virtual","19":"sold-individually","20":"purchasable","21":"product-type-simple"},"_links":{"self":[{"href":"https:\/\/gpl-love.com\/es\/wp-json\/wp\/v2\/product\/123862","targetHints":{"allow":["GET"]}}],"collection":[{"href":"https:\/\/gpl-love.com\/es\/wp-json\/wp\/v2\/product"}],"about":[{"href":"https:\/\/gpl-love.com\/es\/wp-json\/wp\/v2\/types\/product"}],"replies":[{"embeddable":true,"href":"https:\/\/gpl-love.com\/es\/wp-json\/wp\/v2\/comments?post=123862"}],"wp:featuredmedia":[{"embeddable":true,"href":"https:\/\/gpl-love.com\/es\/wp-json\/wp\/v2\/media\/166941"}],"wp:attachment":[{"href":"https:\/\/gpl-love.com\/es\/wp-json\/wp\/v2\/media?parent=123862"}],"wp:term":[{"taxonomy":"product_brand","embeddable":true,"href":"https:\/\/gpl-love.com\/es\/wp-json\/wp\/v2\/product_brand?post=123862"},{"taxonomy":"product_cat","embeddable":true,"href":"https:\/\/gpl-love.com\/es\/wp-json\/wp\/v2\/product_cat?post=123862"},{"taxonomy":"product_tag","embeddable":true,"href":"https:\/\/gpl-love.com\/es\/wp-json\/wp\/v2\/product_tag?post=123862"}],"curies":[{"name":"wp","href":"https:\/\/api.w.org\/{rel}","templated":true}]}}