{"id":123860,"date":"2022-02-20T00:00:00","date_gmt":"2022-02-20T05:00:00","guid":{"rendered":"https:\/\/gpl-love.com\/es\/producto\/mythemeshop-truepixel-wordpress-theme\/"},"modified":"2026-04-10T11:18:28","modified_gmt":"2026-04-10T16:18:28","slug":"mythemeshop-truepixel-wordpress-theme","status":"publish","type":"product","link":"https:\/\/gpl-love.com\/es\/producto\/mythemeshop-truepixel-wordpress-theme\/","title":{"rendered":"MyThemeShop TruePixel WordPress Theme 4.2.3"},"content":{"rendered":"<h3>MyThemeShop TruePixel WordPress Theme Caracteristicas<\/h3>\n<p>El tema de WordPress TruePixel, desarrollado por Mythemeshop, sin duda se destaca como un tema notablemente vers\u00e1til y f\u00e1cil de usar, hecho a medida para bloggers y sitios web de estilo de revistas en l\u00ednea. Con una mezcla impecable de un dise\u00f1o elegante y contempor\u00e1neo, Truepixel ofrece sin esfuerzo una experiencia de usuario perfecta que no solo es visualmente cautivadora sino que tambi\u00e9n es incre\u00edblemente f\u00e1cil de navegar. Este tema muestra una variedad de opciones personalizables, otorgando a los usuarios la libertad de elegir entre m\u00faltiples opciones de dise\u00f1o, integrar widgets personalizados y manipular sin problemas las caracter\u00edsticas de su sitio web a trav\u00e9s de un poderoso panel de opciones. Adem\u00e1s, la alta capacidad de respuesta de TruePixel garantiza que su contenido permanezca visualmente impresionante y completamente optimizado en todos los dispositivos. Con sus capacidades de optimizaci\u00f3n de motores de b\u00fasqueda intr\u00ednsecos, este tema solidifica a\u00fan m\u00e1s su posici\u00f3n como una opci\u00f3n atractiva para las personas interesadas en mejorar la visibilidad de su sitio web y lograr las clasificaciones de primer nivel en los motores de b\u00fasqueda. A fin de cuentas, TruePixel emerge como la mejor opci\u00f3n para aquellos que buscan un tema de WordPress pulido y f\u00e1cil de usar.<\/p>\n<ul>\n<li>Dise\u00f1o totalmente receptivo<\/li>\n<li>P\u00e1gina de inicio personalizable con m\u00faltiples opciones de dise\u00f1o<\/li>\n<li>Sistema de gesti\u00f3n de anuncios incorporado<\/li>\n<li>Iconos de redes sociales integrados<\/li>\n<li>Optimizado para la velocidad y el SEO<\/li>\n<li>Widgets personalizados para publicaciones populares, redes sociales y m\u00e1s<\/li>\n<li>Opciones de color ilimitadas para que coincidan con su marca<\/li>\n<li>Traducci\u00f3n lista para audiencias globales<\/li>\n<li>Instalaci\u00f3n de un solo clic y importaci\u00f3n de contenido de demostraci\u00f3n<\/li>\n<li>Equipo de soporte dedicado disponible 24\/7<\/li>\n<\/ul>\n","protected":false},"excerpt":{"rendered":"<p>El tema del sitio web Mythemeshop TruePixel WordPress, un tema del sitio web visualmente atractivo y f\u00e1cil de usar, est\u00e1 dise\u00f1ado por la experiencia para presentar su contenido de una manera est\u00e9ticamente agradable y convenientemente accesible. Este tema, con un dise\u00f1o elegante y sofisticado con sus l\u00edneas refinadas y su dise\u00f1o receptivo, est\u00e1 meticulosamente optimizado para una utilizaci\u00f3n perfecta en dispositivos de escritorio y m\u00f3viles. Ofreciendo una amplia gama de opciones personalizables, como diversos esquemas de color, estilos de fuentes vers\u00e1tiles y dise\u00f1os de widgets adaptables, este tema le proporciona la flexibilidad para adaptar su sitio web de acuerdo con sus distintos requisitos. Independientemente de si usted es un blogger prol\u00edfico o un propietario din\u00e1mico de negocios de comercio electr\u00f3nico, la utilizaci\u00f3n del tema Mythemeshop TruePixel WordPress confiar\u00e1 una apariencia autorizada y pulida a su sitio web al tiempo que amplificar\u00e1 simult\u00e1neamente su impacto y presencia en l\u00ednea.<\/p>\n","protected":false},"featured_media":166939,"comment_status":"open","ping_status":"open","template":"","meta":[],"product_brand":[2505],"product_cat":[1267,1237,1238],"product_tag":[1334],"class_list":{"0":"post-123860","1":"product","2":"type-product","3":"status-publish","4":"has-post-thumbnail","6":"product_brand-my-theme-shop","7":"product_cat-creativo","8":"product_cat-temas","9":"product_cat-wordpress-temas","10":"product_tag-my-theme-shop","11":"member-discount","12":"discount-restricted","14":"first","15":"instock","16":"sale","17":"downloadable","18":"virtual","19":"sold-individually","20":"purchasable","21":"product-type-simple"},"_links":{"self":[{"href":"https:\/\/gpl-love.com\/es\/wp-json\/wp\/v2\/product\/123860","targetHints":{"allow":["GET"]}}],"collection":[{"href":"https:\/\/gpl-love.com\/es\/wp-json\/wp\/v2\/product"}],"about":[{"href":"https:\/\/gpl-love.com\/es\/wp-json\/wp\/v2\/types\/product"}],"replies":[{"embeddable":true,"href":"https:\/\/gpl-love.com\/es\/wp-json\/wp\/v2\/comments?post=123860"}],"wp:featuredmedia":[{"embeddable":true,"href":"https:\/\/gpl-love.com\/es\/wp-json\/wp\/v2\/media\/166939"}],"wp:attachment":[{"href":"https:\/\/gpl-love.com\/es\/wp-json\/wp\/v2\/media?parent=123860"}],"wp:term":[{"taxonomy":"product_brand","embeddable":true,"href":"https:\/\/gpl-love.com\/es\/wp-json\/wp\/v2\/product_brand?post=123860"},{"taxonomy":"product_cat","embeddable":true,"href":"https:\/\/gpl-love.com\/es\/wp-json\/wp\/v2\/product_cat?post=123860"},{"taxonomy":"product_tag","embeddable":true,"href":"https:\/\/gpl-love.com\/es\/wp-json\/wp\/v2\/product_tag?post=123860"}],"curies":[{"name":"wp","href":"https:\/\/api.w.org\/{rel}","templated":true}]}}