{"id":123858,"date":"2022-02-20T00:00:00","date_gmt":"2022-02-20T05:00:00","guid":{"rendered":"https:\/\/gpl-love.com\/es\/producto\/mythemeshop-steadyincome-wordpress-theme\/"},"modified":"2026-04-10T11:18:25","modified_gmt":"2026-04-10T16:18:25","slug":"mythemeshop-steadyincome-wordpress-theme","status":"publish","type":"product","link":"https:\/\/gpl-love.com\/es\/producto\/mythemeshop-steadyincome-wordpress-theme\/","title":{"rendered":"MyThemeShop SteadyIncome WordPress Theme 2.2.11"},"content":{"rendered":"<h3>MyThemeShop SteadyIncome WordPress Theme Caracteristicas<\/h3>\n<p>El tema Mythemeshop STEADYINCOME WordPress ofrece una soluci\u00f3n ideal para bloggers y empresarios en l\u00ednea que buscan maximizar el potencial financiero de su contenido. Presenta a los usuarios numerosas opciones de colocaci\u00f3n de anuncios, un sistema de revisi\u00f3n incorporado y un dise\u00f1o de p\u00e1gina de inicio personalizable, lo que les permite mostrar sin esfuerzo sus productos, servicios y enlaces de afiliados, que posteriormente generan un ingreso sustancial. Adem\u00e1s, el tema cuenta con un dise\u00f1o receptivo, un panel de opciones f\u00e1cil de usar y un c\u00f3digo optimizado que garantiza tiempos de carga r\u00e1pidas. Adem\u00e1s, el tema proporciona posibilidades de personalizaci\u00f3n ilimitadas y una funci\u00f3n de importaci\u00f3n de demostraci\u00f3n con un solo clic, lo que permite a los usuarios ase\u00f1ando sin esfuerzo un sitio web distintivo y pulido. En resumen, el tema de Mythemeshop STEADYINGOME es una inversi\u00f3n prudente y gratificante para las personas que aspiran a transformar su blog o sitio web en un esfuerzo comercial lucrativo y pr\u00f3spero.<\/p>\n<ul>\n<li>Dise\u00f1o limpio y moderno para sitios web de aspecto profesional<\/li>\n<li>Sistema de gesti\u00f3n de anuncios incorporado para una f\u00e1cil monetizaci\u00f3n<\/li>\n<li>Estructura amigable para SEO para impulsar el tr\u00e1fico org\u00e1nico a su sitio<\/li>\n<li>Dise\u00f1o totalmente receptivo para una visualizaci\u00f3n \u00f3ptima en todos los dispositivos<\/li>\n<li>Widgets y c\u00f3digos cortos personalizados para una funcionalidad adicional<\/li>\n<li>Personalizaci\u00f3n f\u00e1cil con un panel de opciones potente y vista previa en vivo<\/li>\n<li>Integraci\u00f3n con complementos populares como el formulario de contacto 7 y yoast SEO<\/li>\n<li>Contenido de demostraci\u00f3n incluido para una configuraci\u00f3n r\u00e1pida<\/li>\n<li>Equipo de apoyo dedicado y documentaci\u00f3n extensa<\/li>\n<li>Actualizaciones y mejoras regulares para garantizar la compatibilidad con la \u00faltima versi\u00f3n de WordPress<\/li>\n<\/ul>\n","protected":false},"excerpt":{"rendered":"<p>Estamos encantados de presentar el tema de WordPress de Mythemeshop STEADYInCome, una soluci\u00f3n notable para las personas que buscan establecer un sitio web robusto y sofisticado. Este tema ha sido dise\u00f1ado meticulosamente para satisfacer los requisitos de los bloggers y empresarios en l\u00ednea, proporcion\u00e1ndoles funcionalidades avanzadas que incluyen gesti\u00f3n de anuncios, integraci\u00f3n perfecta de plataformas de redes sociales y widgets personalizables. Con un dise\u00f1o elegante y contempor\u00e1neo, el tema de WordPress Estable de ingreso se ha ajustado para optimizar la velocidad, la adaptabilidad a los dispositivos m\u00f3viles y la optimizaci\u00f3n de los motores de b\u00fasqueda. Ya sea que se est\u00e9 embarcando en su viaje en l\u00ednea o que se esfuerce por expandir su presencia digital, el tema de WordPress de Mythemesphop STEADYINGE es una selecci\u00f3n impecable.<\/p>\n","protected":false},"featured_media":166936,"comment_status":"open","ping_status":"open","template":"","meta":[],"product_brand":[2505],"product_cat":[1267,1237,1238],"product_tag":[1334],"class_list":{"0":"post-123858","1":"product","2":"type-product","3":"status-publish","4":"has-post-thumbnail","6":"product_brand-my-theme-shop","7":"product_cat-creativo","8":"product_cat-temas","9":"product_cat-wordpress-temas","10":"product_tag-my-theme-shop","11":"member-discount","12":"discount-restricted","14":"first","15":"instock","16":"sale","17":"downloadable","18":"virtual","19":"sold-individually","20":"purchasable","21":"product-type-simple"},"_links":{"self":[{"href":"https:\/\/gpl-love.com\/es\/wp-json\/wp\/v2\/product\/123858","targetHints":{"allow":["GET"]}}],"collection":[{"href":"https:\/\/gpl-love.com\/es\/wp-json\/wp\/v2\/product"}],"about":[{"href":"https:\/\/gpl-love.com\/es\/wp-json\/wp\/v2\/types\/product"}],"replies":[{"embeddable":true,"href":"https:\/\/gpl-love.com\/es\/wp-json\/wp\/v2\/comments?post=123858"}],"wp:featuredmedia":[{"embeddable":true,"href":"https:\/\/gpl-love.com\/es\/wp-json\/wp\/v2\/media\/166936"}],"wp:attachment":[{"href":"https:\/\/gpl-love.com\/es\/wp-json\/wp\/v2\/media?parent=123858"}],"wp:term":[{"taxonomy":"product_brand","embeddable":true,"href":"https:\/\/gpl-love.com\/es\/wp-json\/wp\/v2\/product_brand?post=123858"},{"taxonomy":"product_cat","embeddable":true,"href":"https:\/\/gpl-love.com\/es\/wp-json\/wp\/v2\/product_cat?post=123858"},{"taxonomy":"product_tag","embeddable":true,"href":"https:\/\/gpl-love.com\/es\/wp-json\/wp\/v2\/product_tag?post=123858"}],"curies":[{"name":"wp","href":"https:\/\/api.w.org\/{rel}","templated":true}]}}