{"id":123856,"date":"2021-02-09T00:00:00","date_gmt":"2021-02-09T05:00:00","guid":{"rendered":"https:\/\/gpl-love.com\/es\/producto\/mythemeshop-sensational-wordpress-theme\/"},"modified":"2026-04-10T11:18:23","modified_gmt":"2026-04-10T16:18:23","slug":"mythemeshop-sensational-wordpress-theme","status":"publish","type":"product","link":"https:\/\/gpl-love.com\/es\/producto\/mythemeshop-sensational-wordpress-theme\/","title":{"rendered":"MyThemeShop Sensational WordPress Theme 3.2.4"},"content":{"rendered":"<h3>MyThemeShop Sensational WordPress Theme Caracteristicas<\/h3>\n<p>El tema sensacional de WordPress de Mythemeshop, reconocido por su poder y elegancia, est\u00e1 espec\u00edficamente dise\u00f1ado para facilitar a los bloggers y editores en l\u00ednea en la creaci\u00f3n de sitios web visualmente cautivadores con la mayor comodidad. Con un dise\u00f1o pr\u00edstino y contempor\u00e1neo, este tema proporciona una plataforma ideal para exhibir su contenido de una manera espl\u00e9ndida y cautivadora, asegurando simult\u00e1neamente una experiencia de usuario perfecta para sus estimados visitantes. Repleto de una variedad de caracter\u00edsticas excepcionales, como un dise\u00f1o receptivo, una gran cantidad de dise\u00f1os de la p\u00e1gina de inicio para elegir, widgets personalizables y un panel de opciones de tema robusto, el tema sensacional de WordPress es la mejor opci\u00f3n para las personas que buscan construir un sofisticado y refinado sitio web. Independientemente de si se identifica como blogger, escritor o editor en l\u00ednea, este tema est\u00e1 garantizado para dejar una impresi\u00f3n indeleble y ayudarlo a lograr sus aspiraciones en l\u00ednea.<\/p>\n<ul>\n<li>Dise\u00f1o hermoso y de aspecto profesional<\/li>\n<li>Totalmente receptivo y amigable para m\u00f3viles<\/li>\n<li>SEO optimizado para una mejor clasificaci\u00f3n de motores de b\u00fasqueda<\/li>\n<li>Integraci\u00f3n de redes sociales incorporadas para compartir contenido<\/li>\n<li>P\u00e1gina de inicio personalizable con m\u00faltiples opciones de dise\u00f1o<\/li>\n<li>Panel de opciones f\u00e1ciles de usar para la personalizaci\u00f3n<\/li>\n<li>WooCommerce Compatible para una f\u00e1cil integraci\u00f3n de tiendas en l\u00ednea<\/li>\n<li>Velocidad optimizada para tiempos de carga r\u00e1pidas<\/li>\n<li>Widgets y c\u00f3digos cortos personalizados para una funcionalidad adicional<\/li>\n<li>Excelente atenci\u00f3n al cliente y documentaci\u00f3n.<\/li>\n<\/ul>\n","protected":false},"excerpt":{"rendered":"<p>El tema sensacional de WordPress, un tema de WordPress, un tema est\u00e9ticamente agradable y din\u00e1micamente adaptable, ha sido ingeniosamente elaborado para satisfacer las necesidades de bloggers, editores de revistas y sitios web centrados en el contenido. Con un dise\u00f1o totalmente receptivo, este tema presenta un dise\u00f1o elegante y contempor\u00e1neo que est\u00e1 obligado a cautivar e involucrar a sus lectores. Adem\u00e1s, proporciona una amplia gama de opciones de personalizaci\u00f3n, incluido el acceso a Google Fonts, un sistema de revisi\u00f3n incorporado y convenientes botones de redes sociales para compartir sin esfuerzo. Alterar sin problemas la apariencia y la funcionalidad del tema es una brisa con la inclusi\u00f3n de un tablero personalizado intuitivo, mientras que configurar su p\u00e1gina de inicio con varias \u00e1reas de widgets es un proceso r\u00e1pido y sin problemas. Ya sea que aspira a establecer un blog personal o un sitio web profesional, el tema sensacional garantiza una soluci\u00f3n visualmente llamativa y adaptable que puede adaptarse a sus preferencias y requisitos espec\u00edficos.<\/p>\n","protected":false},"featured_media":166932,"comment_status":"open","ping_status":"open","template":"","meta":[],"product_brand":[2505],"product_cat":[1245,1237,1238],"product_tag":[1334],"class_list":{"0":"post-123856","1":"product","2":"type-product","3":"status-publish","4":"has-post-thumbnail","6":"product_brand-my-theme-shop","7":"product_cat-blog-revista","8":"product_cat-temas","9":"product_cat-wordpress-temas","10":"product_tag-my-theme-shop","11":"member-discount","12":"discount-restricted","14":"first","15":"instock","16":"sale","17":"downloadable","18":"virtual","19":"sold-individually","20":"purchasable","21":"product-type-simple"},"_links":{"self":[{"href":"https:\/\/gpl-love.com\/es\/wp-json\/wp\/v2\/product\/123856","targetHints":{"allow":["GET"]}}],"collection":[{"href":"https:\/\/gpl-love.com\/es\/wp-json\/wp\/v2\/product"}],"about":[{"href":"https:\/\/gpl-love.com\/es\/wp-json\/wp\/v2\/types\/product"}],"replies":[{"embeddable":true,"href":"https:\/\/gpl-love.com\/es\/wp-json\/wp\/v2\/comments?post=123856"}],"wp:featuredmedia":[{"embeddable":true,"href":"https:\/\/gpl-love.com\/es\/wp-json\/wp\/v2\/media\/166932"}],"wp:attachment":[{"href":"https:\/\/gpl-love.com\/es\/wp-json\/wp\/v2\/media?parent=123856"}],"wp:term":[{"taxonomy":"product_brand","embeddable":true,"href":"https:\/\/gpl-love.com\/es\/wp-json\/wp\/v2\/product_brand?post=123856"},{"taxonomy":"product_cat","embeddable":true,"href":"https:\/\/gpl-love.com\/es\/wp-json\/wp\/v2\/product_cat?post=123856"},{"taxonomy":"product_tag","embeddable":true,"href":"https:\/\/gpl-love.com\/es\/wp-json\/wp\/v2\/product_tag?post=123856"}],"curies":[{"name":"wp","href":"https:\/\/api.w.org\/{rel}","templated":true}]}}