{"id":123848,"date":"2022-02-20T00:00:00","date_gmt":"2022-02-20T05:00:00","guid":{"rendered":"https:\/\/gpl-love.com\/es\/producto\/mythemeshop-newstimes\/"},"modified":"2026-04-10T11:18:13","modified_gmt":"2026-04-10T16:18:13","slug":"mythemeshop-newstimes","status":"publish","type":"product","link":"https:\/\/gpl-love.com\/es\/producto\/mythemeshop-newstimes\/","title":{"rendered":"MyThemeShop NewsTimes 1.3.9"},"content":{"rendered":"<h3>MyThemeShop NewsTimes Caracteristicas<\/h3>\n<p>Mythemeshop NewStimes es un tema de WordPress excepcionalmente receptivo y moderno que se ha creado espec\u00edficamente con el prop\u00f3sito de ser utilizado por sitios web, revistas y blogs de noticias. Este tema cuenta con un dise\u00f1o limpio y bien organizado, que finalmente facilita la navegaci\u00f3n perfecta de los lectores y les permite localizar convenientemente el contenido preciso que est\u00e1n buscando. Adem\u00e1s, el tema en s\u00ed es altamente personalizable, lo que permite a los usuarios modificar sin esfuerzo varios aspectos, como colores, fuentes y dise\u00f1os para alinearse con su identidad de marca respectiva o preferencias de estilo personal. Adem\u00e1s, NewStimes tambi\u00e9n abarca una variedad de caracter\u00edsticas avanzadas, incluido un sistema de revisi\u00f3n incorporado, una integraci\u00f3n perfecta con plataformas de redes sociales y un panel de opciones notablemente robusto. Al considerar su dise\u00f1o elegante y visualmente atractivo, junto con su funcionalidad inmensamente poderosa, Mythemeshop NewSstimes demuestra ser la opci\u00f3n \u00f3ptima para cualquier noticia o sitio web orientado a los medios.<\/p>\n<ul>\n<li>Tema de noticias personalizable para sitios web de WordPress<\/li>\n<li>M\u00faltiples opciones de dise\u00f1o de la p\u00e1gina de inicio para elegir<\/li>\n<li>Dise\u00f1o totalmente receptivo para una visualizaci\u00f3n \u00f3ptima en todos los dispositivos<\/li>\n<li>Botones integrados de intercambio de redes sociales para un f\u00e1cil intercambio de contenido<\/li>\n<li>Opciones de tipograf\u00eda avanzada para mejorar el aspecto de su contenido<\/li>\n<li>SEO listo con c\u00f3digo optimizado y tiempos de carga r\u00e1pidas<\/li>\n<li>Sistema de gesti\u00f3n de anuncios para monetizar f\u00e1cilmente su sitio web<\/li>\n<li>Traducci\u00f3n lista para llegar a una audiencia global<\/li>\n<li>Equipo de apoyo dedicado para ayudar con cualquier pregunta o problema<\/li>\n<li>Actualizaciones y mejoras regulares para garantizar la compatibilidad con las \u00faltimas versiones de WordPress.<\/li>\n<\/ul>\n","protected":false},"excerpt":{"rendered":"<p>Newstimes, un tema de WordPress altamente vers\u00e1til y contempor\u00e1neo, ha sido dise\u00f1ado espec\u00edficamente para sitios web relacionados con los dominios de noticias y revistas. Este notable tema se enorgullece de poseer un dise\u00f1o pr\u00edstino y receptivo, que abarca la inclusi\u00f3n de controles deslizantes personalizables, diversos dise\u00f1os, as\u00ed como una extensa variedad de opciones de fuentes y color. Estas caracter\u00edsticas excepcionales fomentan la creaci\u00f3n de una apariencia excepcional y visualmente cautivadora para su sitio web. Adem\u00e1s, NewStimes simplifica sustancialmente el proceso de monetizaci\u00f3n de su sitio web, cortes\u00eda de sus capacidades de intercambio social incorporadas y espacios publicitarios designados. Adem\u00e1s, este tema le capacita con su s\u00f3lido panel de opciones de tema y su configuraci\u00f3n de SEO, asegurando as\u00ed una optimizaci\u00f3n \u00f3ptima tanto para motores de b\u00fasqueda como para usuarios. Independientemente de si est\u00e1 supervisando un sitio de noticias, un blog o cualquier otra plataforma basada en el contenido, NewStimes sirve como el tema por excelencia para aumentar su esfuerzo.<\/p>\n","protected":false},"featured_media":166918,"comment_status":"open","ping_status":"open","template":"","meta":[],"product_brand":[2505],"product_cat":[1245,1237,1238],"product_tag":[1334],"class_list":{"0":"post-123848","1":"product","2":"type-product","3":"status-publish","4":"has-post-thumbnail","6":"product_brand-my-theme-shop","7":"product_cat-blog-revista","8":"product_cat-temas","9":"product_cat-wordpress-temas","10":"product_tag-my-theme-shop","11":"member-discount","12":"discount-restricted","14":"first","15":"instock","16":"sale","17":"downloadable","18":"virtual","19":"sold-individually","20":"purchasable","21":"product-type-simple"},"_links":{"self":[{"href":"https:\/\/gpl-love.com\/es\/wp-json\/wp\/v2\/product\/123848","targetHints":{"allow":["GET"]}}],"collection":[{"href":"https:\/\/gpl-love.com\/es\/wp-json\/wp\/v2\/product"}],"about":[{"href":"https:\/\/gpl-love.com\/es\/wp-json\/wp\/v2\/types\/product"}],"replies":[{"embeddable":true,"href":"https:\/\/gpl-love.com\/es\/wp-json\/wp\/v2\/comments?post=123848"}],"wp:featuredmedia":[{"embeddable":true,"href":"https:\/\/gpl-love.com\/es\/wp-json\/wp\/v2\/media\/166918"}],"wp:attachment":[{"href":"https:\/\/gpl-love.com\/es\/wp-json\/wp\/v2\/media?parent=123848"}],"wp:term":[{"taxonomy":"product_brand","embeddable":true,"href":"https:\/\/gpl-love.com\/es\/wp-json\/wp\/v2\/product_brand?post=123848"},{"taxonomy":"product_cat","embeddable":true,"href":"https:\/\/gpl-love.com\/es\/wp-json\/wp\/v2\/product_cat?post=123848"},{"taxonomy":"product_tag","embeddable":true,"href":"https:\/\/gpl-love.com\/es\/wp-json\/wp\/v2\/product_tag?post=123848"}],"curies":[{"name":"wp","href":"https:\/\/api.w.org\/{rel}","templated":true}]}}