{"id":123846,"date":"2021-02-09T00:00:00","date_gmt":"2021-02-09T05:00:00","guid":{"rendered":"https:\/\/gpl-love.com\/es\/producto\/mythemeshop-howto-wordpress-theme\/"},"modified":"2026-04-10T11:18:03","modified_gmt":"2026-04-10T16:18:03","slug":"mythemeshop-howto-wordpress-theme","status":"publish","type":"product","link":"https:\/\/gpl-love.com\/es\/producto\/mythemeshop-howto-wordpress-theme\/","title":{"rendered":"MyThemeShop HowTo WordPress Theme 1.3.5"},"content":{"rendered":"<h3>MyThemeShop HowTo WordPress Theme Caracteristicas<\/h3>\n<p>Mythemeshop Howto, un tema de WordPress dise\u00f1ado espec\u00edficamente para ayudar a los usuarios a construir sin esfuerzo sitios web informativos y cautivadores, ofrece una variedad de caracter\u00edsticas que facilitan el proceso. Con un dise\u00f1o visualmente atractivo y ordenado, este tema est\u00e1 dise\u00f1ado espec\u00edficamente con el prop\u00f3sito de exhibir tutoriales, gu\u00edas y art\u00edculos de c\u00f3mo hacer. Sus capacidades incorporadas, que incluyen un constructor de p\u00e1ginas intuitivo, widgets personalizables y una amplia gama de opciones de color, facilitan a los usuarios a crear un sitio web que sea distintivo y profesional en apariencia. Adem\u00e1s, su optimizaci\u00f3n para la optimizaci\u00f3n de la velocidad y el motor de b\u00fasqueda garantiza que su contenido ser\u00e1 clasificado favorablemente por motores de b\u00fasqueda prominentes. Si su objetivo es la creaci\u00f3n de un sitio web que ofrece un valor sustancial a su p\u00fablico objetivo, Mythemeshop c\u00f3mo surge como el tema por excelencia para cumplir con esta aspiraci\u00f3n.<\/p>\n<ul>\n<li>Dise\u00f1o elegante y moderno<\/li>\n<li>Dise\u00f1o totalmente receptivo y amigable para m\u00f3viles<\/li>\n<li>Constructor de p\u00e1ginas de arrastre y suelto incorporado<\/li>\n<li>Personalizaci\u00f3n f\u00e1cil con m\u00faltiples opciones de temas<\/li>\n<li>M\u00faltiples dise\u00f1os de p\u00e1gina de inicio para elegir<\/li>\n<li>Barra lateral widgetizada y \u00e1reas de pie de p\u00e1gina<\/li>\n<li>M\u00faltiples formatos de publicaci\u00f3n compatibles<\/li>\n<li>SEO optimizado para una mejor clasificaci\u00f3n de motores de b\u00fasqueda<\/li>\n<li>C\u00f3digo limpio y optimizado para velocidades de carga r\u00e1pidas<\/li>\n<li>Compatible con todos los principales navegadores web<\/li>\n<li>Actualizaciones constantes y atenci\u00f3n al cliente incluidas.<\/li>\n<\/ul>\n","protected":false},"excerpt":{"rendered":"<p>El tema de HowTto WordPress, desarrollado por Mythemeshop, sirve como una herramienta invaluable para las personas que buscan producir tutoriales est\u00e9ticamente agradables y gu\u00edas integrales. Con un dise\u00f1o impecablemente elegante y contempor\u00e1neo, este tema ofrece una variedad de segmentos personalizables, permitiendo efectivamente a los usuarios elaborar instrucciones meticulosas paso a paso, atractivos tutoriales de video y galer\u00edas de im\u00e1genes visualmente cautivadoras. Adem\u00e1s, su repertorio abarca una plantilla de p\u00e1gina de inicio a medida, un dise\u00f1o receptivo, as\u00ed como la optimizaci\u00f3n de motores de b\u00fasqueda, lo que garantiza una experiencia de usuario \u00f3ptima. Ya sea que uno tenga la intenci\u00f3n de lanzar un blog centrado en el bricolaje o establecer una amplia base de conocimiento para su empresa, el tema de HowTto de Mythemeshop califica como una opci\u00f3n sagaz y maleable.<\/p>\n","protected":false},"featured_media":166903,"comment_status":"open","ping_status":"open","template":"","meta":[],"product_brand":[2505],"product_cat":[1267,1237,1238],"product_tag":[1334],"class_list":{"0":"post-123846","1":"product","2":"type-product","3":"status-publish","4":"has-post-thumbnail","6":"product_brand-my-theme-shop","7":"product_cat-creativo","8":"product_cat-temas","9":"product_cat-wordpress-temas","10":"product_tag-my-theme-shop","11":"member-discount","12":"discount-restricted","14":"first","15":"instock","16":"sale","17":"downloadable","18":"virtual","19":"sold-individually","20":"purchasable","21":"product-type-simple"},"_links":{"self":[{"href":"https:\/\/gpl-love.com\/es\/wp-json\/wp\/v2\/product\/123846","targetHints":{"allow":["GET"]}}],"collection":[{"href":"https:\/\/gpl-love.com\/es\/wp-json\/wp\/v2\/product"}],"about":[{"href":"https:\/\/gpl-love.com\/es\/wp-json\/wp\/v2\/types\/product"}],"replies":[{"embeddable":true,"href":"https:\/\/gpl-love.com\/es\/wp-json\/wp\/v2\/comments?post=123846"}],"wp:featuredmedia":[{"embeddable":true,"href":"https:\/\/gpl-love.com\/es\/wp-json\/wp\/v2\/media\/166903"}],"wp:attachment":[{"href":"https:\/\/gpl-love.com\/es\/wp-json\/wp\/v2\/media?parent=123846"}],"wp:term":[{"taxonomy":"product_brand","embeddable":true,"href":"https:\/\/gpl-love.com\/es\/wp-json\/wp\/v2\/product_brand?post=123846"},{"taxonomy":"product_cat","embeddable":true,"href":"https:\/\/gpl-love.com\/es\/wp-json\/wp\/v2\/product_cat?post=123846"},{"taxonomy":"product_tag","embeddable":true,"href":"https:\/\/gpl-love.com\/es\/wp-json\/wp\/v2\/product_tag?post=123846"}],"curies":[{"name":"wp","href":"https:\/\/api.w.org\/{rel}","templated":true}]}}