{"id":123844,"date":"2021-02-09T00:00:00","date_gmt":"2021-02-09T05:00:00","guid":{"rendered":"https:\/\/gpl-love.com\/es\/producto\/mythemeshop-entrepreneurship-wordpress-theme\/"},"modified":"2026-04-10T11:18:02","modified_gmt":"2026-04-10T16:18:02","slug":"mythemeshop-entrepreneurship-wordpress-theme","status":"publish","type":"product","link":"https:\/\/gpl-love.com\/es\/producto\/mythemeshop-entrepreneurship-wordpress-theme\/","title":{"rendered":"MyThemeShop Entrepreneurship WordPress Theme 1.1.4"},"content":{"rendered":"<h3>MyThemeShop Entrepreneurship WordPress Theme Caracteristicas<\/h3>\n<p>El tema de WordPress de Mythemeshop Entrepreneurship es un tema ejemplar y de primera l\u00ednea que se ha desarrollado exclusivamente para los empresarios y startups exigentes. Este tema en particular cuenta con un dise\u00f1o visualmente atractivo y contempor\u00e1neo, que puede personalizarse a\u00fan m\u00e1s para alinearse sin problemas con sus requisitos de marca \u00fanicos. Adem\u00e1s, est\u00e1 repleto de una amplia gama de opciones de personalizaci\u00f3n que satisfacen todas sus necesidades. En particular, este tema impresionante tambi\u00e9n abarca un panel de opciones robusto, widgets personalizados y un dise\u00f1o impecablemente receptivo, asegurando que su sitio web mantenga su atractivo est\u00e9tico y su funcionalidad en todos los dispositivos.<\/p>\n<p>Adem\u00e1s de estas caracter\u00edsticas notables, el tema de Mythemeshop Entrepreneurship WordPress incorpora un constructor de p\u00e1ginas de arrastre y suelto incre\u00edblemente f\u00e1cil de usar, lo que le permite crear p\u00e1ginas impresionantes sin esfuerzo en un tiempo de tiempo asombrosamente corto. Adem\u00e1s, este tema se ha optimizado meticulosamente para los motores de b\u00fasqueda, asegurando que su sitio web obtenga clasificaciones m\u00e1s altas y una mayor visibilidad. Adem\u00e1s, la r\u00e1pida velocidad de carga del tema garantiza una experiencia de navegaci\u00f3n perfecta y sin problemas para sus estimados visitantes.<\/p>\n<p>En general, el tema de WordPress de Mythemeshop WordPress se destaca inequ\u00edvocamente como una elecci\u00f3n excepcional y juiciosa para las personas que aspiran a establecer una presencia profesional y cautivadora en l\u00ednea para sus empresas empresariales.<\/p>\n<ul>\n<li>Un tema de WordPress visualmente impresionante dise\u00f1ado para emprendedores<\/li>\n<li>Construido con un dise\u00f1o receptivo para garantizar una experiencia de usuario perfecta en todos los dispositivos<\/li>\n<li>Dise\u00f1os personalizables de encabezado y pie de p\u00e1gina, con varias opciones para elegir<\/li>\n<li>M\u00faltiples dise\u00f1os de p\u00e1gina de inicio predise\u00f1ados para elegir, que incluyen ancho de p\u00e1gina completa, dise\u00f1o en caja y m\u00e1s<\/li>\n<li>Viene con una gama de funcionalidades incorporadas para agregar m\u00e1s caracter\u00edsticas a su sitio, incluidas las integraciones de redes sociales y las opciones de registro de los boletines<\/li>\n<li>SEO optimizado para mejorar las clasificaciones de motores de b\u00fasqueda org\u00e1nicos<\/li>\n<li>Lista de traducci\u00f3n con soporte para varios idiomas<\/li>\n<li>Actualizado regularmente con nuevas caracter\u00edsticas y mejoras para garantizar la m\u00e1xima compatibilidad y funcionalidad con las \u00faltimas actualizaciones de WordPress<\/li>\n<li>Viene con documentaci\u00f3n integral y atenci\u00f3n al cliente 24\/7 para cualquier soluci\u00f3n de problemas o preguntas<\/li>\n<\/ul>\n","protected":false},"excerpt":{"rendered":"<p>El tema de WordPress de emprendimiento, tra\u00eddo a usted por Mythemeshop, es un tema excepcionalmente vers\u00e1til y contempor\u00e1neo que ha sido h\u00e1bilmente dise\u00f1ado para satisfacer las necesidades de empresarios, nuevas empresas y peque\u00f1as empresas. Con un constructor de p\u00e1ginas intuitivo y sin complicaciones de arrastrar y soltar, este tema le facilita las p\u00e1ginas de destino, las carteras y los blogs sin esfuerzo con solo unos pocos clics simples. Adem\u00e1s, este notable tema le presenta una impresionante variedad de 5 demostraciones preconstruidas y una amplia selecci\u00f3n de m\u00e1s de 17 widgets personalizados, lo que le brinda la oportunidad de exhibir su marca y servicios de una manera que exude un estilo y sofisticaci\u00f3n incomparables. Gracias a su dise\u00f1o receptivo, su sitio web parecer\u00e1 inmaculado y visualmente cautivador en todos los dispositivos concebibles, y con la ventaja adicional de la optimizaci\u00f3n de SEO, su sitio se asegura de una posici\u00f3n prominente en la clasificaci\u00f3n de los motores de b\u00fasqueda. No dude en seleccionar el tema de WordPress de Mythemeshop Entrepreneurship como su plataforma elegida para elaborar una presencia en l\u00ednea profesional y cautivadora para su estimado negocio.<\/p>\n","protected":false},"featured_media":166900,"comment_status":"open","ping_status":"open","template":"","meta":[],"product_brand":[2505],"product_cat":[1307,1237,1238],"product_tag":[1334],"class_list":{"0":"post-123844","1":"product","2":"type-product","3":"status-publish","4":"has-post-thumbnail","6":"product_brand-my-theme-shop","7":"product_cat-negocio-wordpress-temas","8":"product_cat-temas","9":"product_cat-wordpress-temas","10":"product_tag-my-theme-shop","11":"member-discount","12":"discount-restricted","14":"first","15":"instock","16":"sale","17":"downloadable","18":"virtual","19":"sold-individually","20":"purchasable","21":"product-type-simple"},"_links":{"self":[{"href":"https:\/\/gpl-love.com\/es\/wp-json\/wp\/v2\/product\/123844","targetHints":{"allow":["GET"]}}],"collection":[{"href":"https:\/\/gpl-love.com\/es\/wp-json\/wp\/v2\/product"}],"about":[{"href":"https:\/\/gpl-love.com\/es\/wp-json\/wp\/v2\/types\/product"}],"replies":[{"embeddable":true,"href":"https:\/\/gpl-love.com\/es\/wp-json\/wp\/v2\/comments?post=123844"}],"wp:featuredmedia":[{"embeddable":true,"href":"https:\/\/gpl-love.com\/es\/wp-json\/wp\/v2\/media\/166900"}],"wp:attachment":[{"href":"https:\/\/gpl-love.com\/es\/wp-json\/wp\/v2\/media?parent=123844"}],"wp:term":[{"taxonomy":"product_brand","embeddable":true,"href":"https:\/\/gpl-love.com\/es\/wp-json\/wp\/v2\/product_brand?post=123844"},{"taxonomy":"product_cat","embeddable":true,"href":"https:\/\/gpl-love.com\/es\/wp-json\/wp\/v2\/product_cat?post=123844"},{"taxonomy":"product_tag","embeddable":true,"href":"https:\/\/gpl-love.com\/es\/wp-json\/wp\/v2\/product_tag?post=123844"}],"curies":[{"name":"wp","href":"https:\/\/api.w.org\/{rel}","templated":true}]}}