{"id":123842,"date":"2022-02-20T00:00:00","date_gmt":"2022-02-20T05:00:00","guid":{"rendered":"https:\/\/gpl-love.com\/es\/producto\/mythemeshop-crypto-bitcoin-y-cryptocurrency-wordpress-theme\/"},"modified":"2026-04-10T11:17:56","modified_gmt":"2026-04-10T16:17:56","slug":"mythemeshop-crypto-bitcoin-y-cryptocurrency-wordpress-theme","status":"publish","type":"product","link":"https:\/\/gpl-love.com\/es\/producto\/mythemeshop-crypto-bitcoin-y-cryptocurrency-wordpress-theme\/","title":{"rendered":"MyThemeShop Crypto Bitcoin y Cryptocurrency WordPress Theme 1.1.12"},"content":{"rendered":"<h3>MyThemeShop Crypto Bitcoin y Cryptocurrency WordPress Theme Caracteristicas<\/h3>\n<p>El tema Mythemeshop Crypto Bitcoin y la criptomoneda de WordPress presenta una soluci\u00f3n ideal para aquellas personas que buscan establecer un sitio web con una apariencia pulida y sofisticada en relaci\u00f3n con la criptomoneda. Independientemente de si se identifica como blogger, comerciante o entusiasta, este tema abarca todos los componentes necesarios para mostrar efectivamente su contenido valioso de una manera visualmente atractiva y contempor\u00e1nea. Equipado con una variedad diversa de widgets personalizables, este tema le brinda la oportunidad de presentar precios, gr\u00e1ficos y otros datos indispensables sin esfuerzo de una manera que exude profesionalismo y facilidad de uso. Adem\u00e1s, cuenta con una variedad de caracter\u00edsticas formidables, como la optimizaci\u00f3n de SEO, una variedad interminable de esquemas de color y m\u00faltiples opciones de dise\u00f1o, que contribuyen colectivamente a garantizar la distinci\u00f3n de su sitio web y su capacidad para cautivar la atenci\u00f3n de su p\u00fablico objetivo. En consecuencia, si sus aspiraciones consisten en elevar el rendimiento de su sitio web y crear un dominio digital que emana un aire de profesionalismo capaz de impresionar a sus estimados espectadores, el tema de la cripto de mythemesshop y la criptomoneda de WordPress representan sin duda la opci\u00f3n \u00f3ptima para usted.<\/p>\n<ul>\n<li>Un dise\u00f1o profesional y elegante perfecto para sitios web relacionados con bitcoin y criptomoneda<\/li>\n<li>Totalmente receptivo y amigable con los dispositivos m\u00f3viles, asegurando que su sitio se vea muy bien en cualquier dispositivo<\/li>\n<li>F\u00e1cil de personalizar con una variedad de opciones de personalizaci\u00f3n que incluyen fondos personalizables, fuentes y colores<\/li>\n<li>Funcionalidad incorporada para mostrar precios de criptomonedas en tiempo real y tendencias del mercado<\/li>\n<li>Incluye una variedad de plantillas de p\u00e1gina predise\u00f1adas para una variedad de fines, incluidas las p\u00e1ginas de inicio, las carteras y las p\u00e1ginas de contacto<\/li>\n<li>Compatible con una variedad de complementos populares de WordPress, incluido WooCommerce, para agregar funcionalidad de comercio electr\u00f3nico a su sitio<\/li>\n<li>Viene con una variedad de caracter\u00edsticas para optimizar las clasificaciones de motores de b\u00fasqueda de su sitio y mejorar la participaci\u00f3n del usuario, incluidos los botones de intercambio social incorporados y un control deslizante de la p\u00e1gina de inicio personalizable<\/li>\n<li>Respaldado por un equipo de desarrolladores experimentados de WordPress con un foro de soporte activo disponible para responder cualquier pregunta o solucionar problemas con cualquier problema que pueda encontrar.<\/li>\n<\/ul>\n","protected":false},"excerpt":{"rendered":"<p>Mythemeshop Crypto es un tema excepcional de WordPress que satisface las necesidades de los bloggers y las empresas que operan dentro del dominio de la criptomonedas. Su dise\u00f1o visualmente atractivo y sus caracter\u00edsticas f\u00e1ciles de usar permiten a los usuarios establecer r\u00e1pidamente una impresionante plataforma en l\u00ednea que demuestra efectivamente su competencia y experiencia en este campo din\u00e1mico y de r\u00e1pido progreso. Adem\u00e1s de su sorprendente presentaci\u00f3n visual, este tema tambi\u00e9n ofrece una amplia gama de widgets personalizables, c\u00f3digos cortos \u00fatiles y optimizaci\u00f3n de velocidad excepcional, facilitando as\u00ed un compromiso sin problemas con su p\u00fablico objetivo a trav\u00e9s de contenido de primer nivel y una gran cantidad de herramientas para facilitar en profundidad Exploraci\u00f3n del reino de Bitcoin y la criptomoneda. Por lo tanto, si usted es un aficionado que se aventura en el universo de criptomonedas o un veterano experimentado en el campo, optar por la cripto de mythemeshop, sin duda, demostrar\u00e1 ser una decisi\u00f3n juiciosa para construir un sitio web exquisito, eficiente y profesional.<\/p>\n","protected":false},"featured_media":166894,"comment_status":"open","ping_status":"open","template":"","meta":[],"product_brand":[2505],"product_cat":[1267,1237,1238],"product_tag":[1334],"class_list":{"0":"post-123842","1":"product","2":"type-product","3":"status-publish","4":"has-post-thumbnail","6":"product_brand-my-theme-shop","7":"product_cat-creativo","8":"product_cat-temas","9":"product_cat-wordpress-temas","10":"product_tag-my-theme-shop","11":"member-discount","12":"discount-restricted","14":"first","15":"instock","16":"sale","17":"downloadable","18":"virtual","19":"sold-individually","20":"purchasable","21":"product-type-simple"},"_links":{"self":[{"href":"https:\/\/gpl-love.com\/es\/wp-json\/wp\/v2\/product\/123842","targetHints":{"allow":["GET"]}}],"collection":[{"href":"https:\/\/gpl-love.com\/es\/wp-json\/wp\/v2\/product"}],"about":[{"href":"https:\/\/gpl-love.com\/es\/wp-json\/wp\/v2\/types\/product"}],"replies":[{"embeddable":true,"href":"https:\/\/gpl-love.com\/es\/wp-json\/wp\/v2\/comments?post=123842"}],"wp:featuredmedia":[{"embeddable":true,"href":"https:\/\/gpl-love.com\/es\/wp-json\/wp\/v2\/media\/166894"}],"wp:attachment":[{"href":"https:\/\/gpl-love.com\/es\/wp-json\/wp\/v2\/media?parent=123842"}],"wp:term":[{"taxonomy":"product_brand","embeddable":true,"href":"https:\/\/gpl-love.com\/es\/wp-json\/wp\/v2\/product_brand?post=123842"},{"taxonomy":"product_cat","embeddable":true,"href":"https:\/\/gpl-love.com\/es\/wp-json\/wp\/v2\/product_cat?post=123842"},{"taxonomy":"product_tag","embeddable":true,"href":"https:\/\/gpl-love.com\/es\/wp-json\/wp\/v2\/product_tag?post=123842"}],"curies":[{"name":"wp","href":"https:\/\/api.w.org\/{rel}","templated":true}]}}