{"id":123840,"date":"2021-02-09T00:00:00","date_gmt":"2021-02-09T05:00:00","guid":{"rendered":"https:\/\/gpl-love.com\/es\/producto\/mythemeshop-bloggingbox-wordpress-theme\/"},"modified":"2026-04-10T11:17:50","modified_gmt":"2026-04-10T16:17:50","slug":"mythemeshop-bloggingbox-wordpress-theme","status":"publish","type":"product","link":"https:\/\/gpl-love.com\/es\/producto\/mythemeshop-bloggingbox-wordpress-theme\/","title":{"rendered":"MyThemeShop BloggingBox WordPress Theme 1.2.4"},"content":{"rendered":"<h3>MyThemeShop BloggingBox WordPress Theme Caracteristicas<\/h3>\n<p>El tema Mythemeshop Bloggingbox WordPress, repleto de su versatilidad y una gran cantidad de caracter\u00edsticas, ha sido dise\u00f1ado espec\u00edficamente para satisfacer las necesidades de los bloggers. Su dise\u00f1o, que es limpio y moderno, ofrece una variedad de opciones personalizables que se pueden adaptar para adaptarse a cualquier nicho o estilo de blogs. Con su capacidad de respuesta completa, el tema asegura que su sitio web parezca impecable en cualquier dispositivo. Adem\u00e1s, incorpora varias caracter\u00edsticas \u00fatiles, como m\u00faltiples dise\u00f1os posteriores, widgets personalizables e integraci\u00f3n perfecta con plataformas de redes sociales. Para mejorar a\u00fan m\u00e1s el alcance de su sitio web, Bloggingbox tambi\u00e9n proporciona una gran cantidad de herramientas para optimizar el SEO, mejorando as\u00ed su clasificaci\u00f3n de motores de b\u00fasqueda. Adem\u00e1s, ofrece capacidades de gesti\u00f3n de anuncios incorporadas y un control deslizante de p\u00e1gina de inicio altamente adaptable. En conclusi\u00f3n, el tema Mythemeshop Bloggingbox WordPress demuestra ser una selecci\u00f3n excepcional para los bloggers que buscan establecer una presencia en l\u00ednea profesional y cautivadora.<\/p>\n<ul>\n<li>Dise\u00f1o moderno y elegante que es totalmente receptivo y amigable con los dispositivos m\u00f3viles<\/li>\n<li>10 dise\u00f1os diferentes de la p\u00e1gina de inicio para elegir<\/li>\n<li>Opci\u00f3n para importar contenido de demostraci\u00f3n con solo un clic para comenzar f\u00e1cilmente<\/li>\n<li>Sistema de revisi\u00f3n incorporado para publicaciones y productos<\/li>\n<li>Integraci\u00f3n de codificaci\u00f3n e esquema amigable para SEO para mejorar las clasificaciones de los motores de b\u00fasqueda<\/li>\n<li>Numerosas opciones de personalizaci\u00f3n que incluyen esquemas de color ilimitados, fuentes de Google e integraci\u00f3n de redes sociales<\/li>\n<li>Optimizado para velocidades de carga de p\u00e1gina m\u00e1s r\u00e1pidas para mejorar la experiencia del usuario y el SEO<\/li>\n<li>Compatibilidad con complementos populares como WooCommerce, Contact Form 7 y WPML para una funcionalidad adicional<\/li>\n<li>Documentaci\u00f3n detallada y excelente atenci\u00f3n al cliente<\/li>\n<li>Actualizaciones de por vida y acceso a nuevas funciones y mejoras<\/li>\n<\/ul>\n","protected":false},"excerpt":{"rendered":"<p>El tema Mythemeshop Bloggingbox WordPress es un tema excepcionalmente potente y rico en funciones que ha sido creado magistralmente para satisfacer las necesidades de los bloggers y propietarios de sitios web que aspiran a establecer una presencia en l\u00ednea visualmente sorprendente y cautivadora. Este tema cuenta con un dise\u00f1o totalmente receptivo, asegurando as\u00ed una adaptabilidad perfecta en todos los dispositivos y lo que lo hace completamente impecable en t\u00e9rminos de experiencia del usuario. Adem\u00e1s, ofrece una amplia gama de opciones de personalizaci\u00f3n, lo que brinda a los usuarios la libertad de dise\u00f1ar un sitio web que exude un aire de singularidad e individualidad. Adem\u00e1s de estos atributos notables, tambi\u00e9n est\u00e1 equipado con un panel de opciones avanzadas, widgets personalizados y una variedad de plantillas predise\u00f1adas, todas las cuales sirven para expeditar el proceso de creaci\u00f3n del sitio web, lo que permite a los usuarios comenzar sus empresas en l\u00ednea de inmediato y con la mayor facilidad. Independientemente de si uno es un blogger novato o experimentado, el tema de WordPress de Bloggingbox Mythemeshop demuestra ser la soluci\u00f3n por excelencia para aquellos ansiosos por engendrar un sitio web que exuda una sensaci\u00f3n de profesionalismo y se distingue sin esfuerzo de la competencia.<\/p>\n","protected":false},"featured_media":166886,"comment_status":"open","ping_status":"open","template":"","meta":[],"product_brand":[2505],"product_cat":[1245,1237,1238],"product_tag":[1334],"class_list":{"0":"post-123840","1":"product","2":"type-product","3":"status-publish","4":"has-post-thumbnail","6":"product_brand-my-theme-shop","7":"product_cat-blog-revista","8":"product_cat-temas","9":"product_cat-wordpress-temas","10":"product_tag-my-theme-shop","11":"member-discount","12":"discount-restricted","14":"first","15":"instock","16":"sale","17":"downloadable","18":"virtual","19":"sold-individually","20":"purchasable","21":"product-type-simple"},"_links":{"self":[{"href":"https:\/\/gpl-love.com\/es\/wp-json\/wp\/v2\/product\/123840","targetHints":{"allow":["GET"]}}],"collection":[{"href":"https:\/\/gpl-love.com\/es\/wp-json\/wp\/v2\/product"}],"about":[{"href":"https:\/\/gpl-love.com\/es\/wp-json\/wp\/v2\/types\/product"}],"replies":[{"embeddable":true,"href":"https:\/\/gpl-love.com\/es\/wp-json\/wp\/v2\/comments?post=123840"}],"wp:featuredmedia":[{"embeddable":true,"href":"https:\/\/gpl-love.com\/es\/wp-json\/wp\/v2\/media\/166886"}],"wp:attachment":[{"href":"https:\/\/gpl-love.com\/es\/wp-json\/wp\/v2\/media?parent=123840"}],"wp:term":[{"taxonomy":"product_brand","embeddable":true,"href":"https:\/\/gpl-love.com\/es\/wp-json\/wp\/v2\/product_brand?post=123840"},{"taxonomy":"product_cat","embeddable":true,"href":"https:\/\/gpl-love.com\/es\/wp-json\/wp\/v2\/product_cat?post=123840"},{"taxonomy":"product_tag","embeddable":true,"href":"https:\/\/gpl-love.com\/es\/wp-json\/wp\/v2\/product_tag?post=123840"}],"curies":[{"name":"wp","href":"https:\/\/api.w.org\/{rel}","templated":true}]}}