{"id":123838,"date":"2021-02-09T00:00:00","date_gmt":"2021-02-09T05:00:00","guid":{"rendered":"https:\/\/gpl-love.com\/es\/producto\/mythemeshop-beauty-wordpress-theme\/"},"modified":"2026-04-10T11:17:48","modified_gmt":"2026-04-10T16:17:48","slug":"mythemeshop-beauty-wordpress-theme","status":"publish","type":"product","link":"https:\/\/gpl-love.com\/es\/producto\/mythemeshop-beauty-wordpress-theme\/","title":{"rendered":"MyThemeShop Beauty WordPress Theme 1.0.4"},"content":{"rendered":"<h3>MyThemeShop Beauty WordPress Theme Caracteristicas<\/h3>\n<p>El tema de Beauty WordPress que ofrece Mythemeshop es un tema verdaderamente exquisito y de moda que ha sido meticulosamente elaborado con los bloggers de belleza y moda en mente. Con un dise\u00f1o elegante y sofisticado, este tema armoniza perfectamente la est\u00e9tica y la funcionalidad. Presenta a los usuarios una gran cantidad de posibilidades de personalizaci\u00f3n, como varios dise\u00f1os de p\u00e1gina de inicio, widgets a medida y un panel de opciones de temas robustos. Adem\u00e1s, este tema es totalmente receptivo y ha sido meticulosamente optimizado para los motores de b\u00fasqueda, lo que garantiza que su contenido se mostrar\u00e1 perfectamente en cualquier dispositivo y descubri\u00f3 sin esfuerzo por los motores de b\u00fasqueda. En conclusi\u00f3n, el tema de WordPress de belleza de Mythemeshop es una elecci\u00f3n excepcional para las personas que buscan establecer un blog extraordinario y altamente profesional de belleza o moda.<\/p>\n<ul>\n<li>Dise\u00f1o totalmente receptivo y amigable para m\u00f3viles<\/li>\n<li>Dise\u00f1o limpio y moderno<\/li>\n<li>Opciones de m\u00faltiples colores y fuentes<\/li>\n<li>P\u00e1gina de inicio personalizable con secciones de arrastre y ca\u00edda<\/li>\n<li>Funcionalidad de presentaci\u00f3n de diapositivas e imagen incorporadas<\/li>\n<li>F\u00e1cil integraci\u00f3n con plataformas de redes sociales<\/li>\n<li>SEO optimizado para una mejor clasificaci\u00f3n de motores de b\u00fasqueda<\/li>\n<li>Compatible con complementos populares como Yoast SEO y el Formulario de contacto 7<\/li>\n<li>Documentaci\u00f3n y apoyo integral del equipo de Mythemeshop<\/li>\n<li>Actualizaciones regulares para mejorar la funcionalidad y la seguridad<\/li>\n<li>Instalaci\u00f3n de demostraci\u00f3n de un solo clic para una f\u00e1cil configuraci\u00f3n<\/li>\n<li>Compatible con todos los principales navegadores y dispositivos<\/li>\n<\/ul>\n","protected":false},"excerpt":{"rendered":"<p>El tema Mythemeshop Beauty WordPress, un tema est\u00e9ticamente agradable y contempor\u00e1neo, ha sido meticulosamente elaborado para blogueros de belleza, maquilladores y empresarios en la industria de la belleza. Con su dise\u00f1o inmaculado y sofisticado, este tema le ofrece una p\u00e1gina de inicio altamente personalizable, lo que le permite exhibir su contenido de una manera que sea distintiva y visualmente cautivadora. Adem\u00e1s, este tema se acompa\u00f1a de una gran cantidad de widgets personalizables, c\u00f3digos cortos y una impresionante variedad de caracter\u00edsticas premium, todas las cuales contribuyen a mejorar sin esfuerzo la funcionalidad y la personalizaci\u00f3n de su sitio web. Adem\u00e1s, el equipo de soporte de Mythemeshop es f\u00e1cilmente accesible para extender su ayuda y abordar cualquier consulta que pueda tener, lo que hace que este tema sea una opci\u00f3n ejemplar para todos los sitios web centrados en la belleza.<\/p>\n","protected":false},"featured_media":166882,"comment_status":"open","ping_status":"open","template":"","meta":[],"product_brand":[2505],"product_cat":[1267,1237,1238],"product_tag":[1334],"class_list":{"0":"post-123838","1":"product","2":"type-product","3":"status-publish","4":"has-post-thumbnail","6":"product_brand-my-theme-shop","7":"product_cat-creativo","8":"product_cat-temas","9":"product_cat-wordpress-temas","10":"product_tag-my-theme-shop","11":"member-discount","12":"discount-restricted","14":"first","15":"instock","16":"sale","17":"downloadable","18":"virtual","19":"sold-individually","20":"purchasable","21":"product-type-simple"},"_links":{"self":[{"href":"https:\/\/gpl-love.com\/es\/wp-json\/wp\/v2\/product\/123838","targetHints":{"allow":["GET"]}}],"collection":[{"href":"https:\/\/gpl-love.com\/es\/wp-json\/wp\/v2\/product"}],"about":[{"href":"https:\/\/gpl-love.com\/es\/wp-json\/wp\/v2\/types\/product"}],"replies":[{"embeddable":true,"href":"https:\/\/gpl-love.com\/es\/wp-json\/wp\/v2\/comments?post=123838"}],"wp:featuredmedia":[{"embeddable":true,"href":"https:\/\/gpl-love.com\/es\/wp-json\/wp\/v2\/media\/166882"}],"wp:attachment":[{"href":"https:\/\/gpl-love.com\/es\/wp-json\/wp\/v2\/media?parent=123838"}],"wp:term":[{"taxonomy":"product_brand","embeddable":true,"href":"https:\/\/gpl-love.com\/es\/wp-json\/wp\/v2\/product_brand?post=123838"},{"taxonomy":"product_cat","embeddable":true,"href":"https:\/\/gpl-love.com\/es\/wp-json\/wp\/v2\/product_cat?post=123838"},{"taxonomy":"product_tag","embeddable":true,"href":"https:\/\/gpl-love.com\/es\/wp-json\/wp\/v2\/product_tag?post=123838"}],"curies":[{"name":"wp","href":"https:\/\/api.w.org\/{rel}","templated":true}]}}