{"id":123834,"date":"2021-02-09T00:00:00","date_gmt":"2021-02-09T05:00:00","guid":{"rendered":"https:\/\/gpl-love.com\/es\/producto\/envira-gallery-breadcrumbs-addon\/"},"modified":"2026-03-09T07:32:04","modified_gmt":"2026-03-09T12:32:04","slug":"envira-gallery-breadcrumbs-addon","status":"publish","type":"product","link":"https:\/\/gpl-love.com\/es\/producto\/envira-gallery-breadcrumbs-addon\/","title":{"rendered":"Envira Gallery Breadcrumbs Addon 1.2.2"},"content":{"rendered":"<h3>Envira Gallery Breadcrumbs Addon Caracteristicas<\/h3>\n<p>El complemento de Breadlumbs de la Galer\u00eda Envira se presenta como una herramienta altamente efectiva y eficiente, con el objetivo de racionalizar y facilitar la experiencia de navegaci\u00f3n para los visitantes en su sitio web. Al ofrecer una v\u00eda clara y concisa a la galer\u00eda espec\u00edfica que est\u00e1n explorando actualmente, este complemento resulta invaluable para mejorar la satisfacci\u00f3n del usuario. A trav\u00e9s de su implementaci\u00f3n, los usuarios obtienen la invaluable capacidad de hacer una transici\u00f3n sin problemas entre varias galer\u00edas ubicadas en su sitio, lo que finalmente les otorga un nivel de conveniencia elevado. En particular, este complemento cuenta con una interfaz f\u00e1cil de usar, asegurando que incluso aquellos con experiencia t\u00e9cnica limitada puedan utilizar y navegar f\u00e1cilmente. Adem\u00e1s, el complemento ofrece un alto grado de personalizaci\u00f3n, lo que permite a los usuarios modificar el texto de pan de pan y el estilo separador para alinearse perfectamente con el dise\u00f1o general de su sitio web. Con su amplia gama de caracter\u00edsticas, el complemento de las migas de pan de la galer\u00eda Envira sirve como una herramienta fundamental para elevar las capacidades de navegaci\u00f3n de su sitio web, sirviendo como un medio para expeditar y simplificar la b\u00fasqueda de contenido espec\u00edfico que los visitantes pueden estar buscando.<\/p>\n<ul>\n<li>Addon f\u00e1cil de instalar para usuarios de la galer\u00eda de Envira<\/li>\n<li>Agrega la navegaci\u00f3n de pan de pan a las p\u00e1ginas de la galer\u00eda Envira<\/li>\n<li>Permite a los usuarios navegar f\u00e1cilmente entre p\u00e1ginas de galer\u00eda y p\u00e1ginas de \u00e1lbumes<\/li>\n<li>Mejora la experiencia del usuario y la usabilidad del sitio web<\/li>\n<li>Estilizador de paneles de pan personalizable para que coincida con la marca del sitio web<\/li>\n<li>Compatible con todos los temas de la galer\u00eda de Envira<\/li>\n<li>Requiere la licencia de la Galer\u00eda ProRira o de agencia para usar<\/li>\n<li>Desarrollador con acceso a ganchos y filtros personalizados.<\/li>\n<\/ul>\n","protected":false},"excerpt":{"rendered":"<p>El complemento de Breadrumbs de la Galer\u00eda Envira, una herramienta excepcional y formidable, demuestra ser inmensamente beneficiosa para los propietarios de sitios web que conf\u00edan en Envira Gallery para exhibir su impresionante variedad de im\u00e1genes. Este notable complemento proporciona sin esfuerzo las migas de pan, que esencialmente abarcan enlaces que ayudan a los visitantes a navegar a trav\u00e9s de la galer\u00eda, simplificando considerablemente su b\u00fasqueda para localizar su contenido deseado. En virtud del complemento de paneles de pan de la Galer\u00eda Envira, los propietarios de sitios web reciben la invaluable oportunidad de aumentar la experiencia del usuario y reforzar los niveles de compromiso, mientras facilitan a los visitantes en su esfuerzo por presentar la totalidad de las im\u00e1genes impresionantes. Este complemento que funciona perfectamente se integra perfectamente con Envira Gallery y cuenta con un proceso e interfaz de instalaci\u00f3n f\u00e1cil de usar, lo que lo hace accesible sin esfuerzo y navegable.<\/p>\n","protected":false},"featured_media":165989,"comment_status":"open","ping_status":"open","template":"","meta":[],"product_brand":[2442],"product_cat":[1214,1206,1211],"product_tag":[2231],"class_list":{"0":"post-123834","1":"product","2":"type-product","3":"status-publish","4":"has-post-thumbnail","6":"product_brand-envira-gallery","7":"product_cat-personalizacion","8":"product_cat-plugins","9":"product_cat-wordpress-plugins","10":"product_tag-envira-gallery","11":"member-discount","12":"discount-restricted","14":"first","15":"instock","16":"sale","17":"downloadable","18":"virtual","19":"sold-individually","20":"purchasable","21":"product-type-simple"},"_links":{"self":[{"href":"https:\/\/gpl-love.com\/es\/wp-json\/wp\/v2\/product\/123834","targetHints":{"allow":["GET"]}}],"collection":[{"href":"https:\/\/gpl-love.com\/es\/wp-json\/wp\/v2\/product"}],"about":[{"href":"https:\/\/gpl-love.com\/es\/wp-json\/wp\/v2\/types\/product"}],"replies":[{"embeddable":true,"href":"https:\/\/gpl-love.com\/es\/wp-json\/wp\/v2\/comments?post=123834"}],"wp:featuredmedia":[{"embeddable":true,"href":"https:\/\/gpl-love.com\/es\/wp-json\/wp\/v2\/media\/165989"}],"wp:attachment":[{"href":"https:\/\/gpl-love.com\/es\/wp-json\/wp\/v2\/media?parent=123834"}],"wp:term":[{"taxonomy":"product_brand","embeddable":true,"href":"https:\/\/gpl-love.com\/es\/wp-json\/wp\/v2\/product_brand?post=123834"},{"taxonomy":"product_cat","embeddable":true,"href":"https:\/\/gpl-love.com\/es\/wp-json\/wp\/v2\/product_cat?post=123834"},{"taxonomy":"product_tag","embeddable":true,"href":"https:\/\/gpl-love.com\/es\/wp-json\/wp\/v2\/product_tag?post=123834"}],"curies":[{"name":"wp","href":"https:\/\/api.w.org\/{rel}","templated":true}]}}