{"id":123832,"date":"2021-02-09T00:00:00","date_gmt":"2021-02-09T05:00:00","guid":{"rendered":"https:\/\/gpl-love.com\/es\/producto\/elmastudio-zuki-wordpress-theme\/"},"modified":"2026-03-13T17:20:22","modified_gmt":"2026-03-13T22:20:22","slug":"elmastudio-zuki-wordpress-theme","status":"publish","type":"product","link":"https:\/\/gpl-love.com\/es\/producto\/elmastudio-zuki-wordpress-theme\/","title":{"rendered":"ElmaStudio Zuki WordPress Theme 1.1.11"},"content":{"rendered":"<h3>ElmaStudio Zuki WordPress Theme Caracteristicas<\/h3>\n<p>El tema de WordPress Elmastudio Zuki es un tema notablemente bien elaborado, contempor\u00e1neo y pr\u00edstino que se adapta espec\u00edficamente para satisfacer las necesidades de blogueros, fot\u00f3grafos y profesionales creativos. Este tema cuenta con un dise\u00f1o totalmente receptivo que se ajusta impecablemente a todos los tama\u00f1os y dispositivos de pantalla, garantizando una experiencia de usuario perfecta e incomparable, independientemente de si est\u00e1 navegando en un escritorio, tableta o dispositivo m\u00f3vil. Con su interfaz extraordinariamente intuitiva y f\u00e1cil de usar, Zuki le permite personalizar y administrar su sitio web sin esfuerzo, todo sin necesitar ninguna experiencia de codificaci\u00f3n. Su impresionante variedad de caracter\u00edsticas incluye widgets personalizables, integraci\u00f3n perfecta con varias plataformas de redes sociales, diversos formatos de publicaci\u00f3n para elegir y un control deslizante robusto que eleva la est\u00e9tica general de su sitio web. Est\u00e1 claro que el tema de Zuki WordPress es la soluci\u00f3n ideal para cualquier persona que busque crear un sitio web altamente profesional y visualmente cautivador, independientemente de si es un blogger que busca exhibir su contenido o un fot\u00f3grafo que anhela exhibir su cartera.<\/p>\n<ul>\n<li>Dise\u00f1o totalmente receptivo que se ve muy bien en cualquier dispositivo<\/li>\n<li>Opciones de dise\u00f1o m\u00faltiples para elegir<\/li>\n<li>Opciones de personalizaci\u00f3n f\u00e1ciles con el personalizador de temas incorporado<\/li>\n<li>Compatible con complementos populares como WooCommerce y MailChimp<\/li>\n<li>Actualizaciones regulares y soporte dedicado del equipo de Elmastudio<\/li>\n<li>Optimizado para motores de b\u00fasqueda con c\u00f3digo sem\u00e1ntico limpio y limpio<\/li>\n<li>Dise\u00f1o \u00fanico y moderno que distingue a su sitio web de otros<\/li>\n<li>Incluye plantillas de p\u00e1gina predise\u00f1adas para una variedad de prop\u00f3sitos<\/li>\n<li>Traducci\u00f3n lista para un sitio web multiling\u00fce<\/li>\n<li>Integraci\u00f3n de redes sociales incorporadas para que los visitantes puedan compartir f\u00e1cilmente su contenido<\/li>\n<\/ul>\n","protected":false},"excerpt":{"rendered":"<p>El tema de Zuki WordPress, ofrecido por Elmastudio, es un tema de vanguardia y simplista que satisface las necesidades de los bloggers e individuos involucrados en campos creativos. A trav\u00e9s de su elegante est\u00e9tica y caracter\u00edsticas de personalizaci\u00f3n f\u00e1ciles de usar, se puede construir sin esfuerzo un sitio web que exude profesionalismo. Este tema cuenta con una variedad de formatos de publicaci\u00f3n, as\u00ed como widgets personalizados e integraci\u00f3n perfecta con varias plataformas de redes sociales. Adem\u00e1s, garantiza una capacidad de respuesta completa en todos los dispositivos, asegurando una experiencia visual impecable para los visitantes al tiempo que optimiza simult\u00e1neamente las clasificaciones de los motores de b\u00fasqueda. \u00a1Abrace el tema Elmastudio Zuki WordPress sin demora y presencie una mejora en su presencia en l\u00ednea como nunca antes!<\/p>\n","protected":false},"featured_media":165971,"comment_status":"open","ping_status":"open","template":"","meta":[],"product_brand":[2439],"product_cat":[1245,1237,1238],"product_tag":[2253],"class_list":{"0":"post-123832","1":"product","2":"type-product","3":"status-publish","4":"has-post-thumbnail","6":"product_brand-elma-studio","7":"product_cat-blog-revista","8":"product_cat-temas","9":"product_cat-wordpress-temas","10":"product_tag-elma-studio","11":"member-discount","12":"discount-restricted","14":"first","15":"instock","16":"sale","17":"downloadable","18":"virtual","19":"sold-individually","20":"purchasable","21":"product-type-simple"},"_links":{"self":[{"href":"https:\/\/gpl-love.com\/es\/wp-json\/wp\/v2\/product\/123832","targetHints":{"allow":["GET"]}}],"collection":[{"href":"https:\/\/gpl-love.com\/es\/wp-json\/wp\/v2\/product"}],"about":[{"href":"https:\/\/gpl-love.com\/es\/wp-json\/wp\/v2\/types\/product"}],"replies":[{"embeddable":true,"href":"https:\/\/gpl-love.com\/es\/wp-json\/wp\/v2\/comments?post=123832"}],"wp:featuredmedia":[{"embeddable":true,"href":"https:\/\/gpl-love.com\/es\/wp-json\/wp\/v2\/media\/165971"}],"wp:attachment":[{"href":"https:\/\/gpl-love.com\/es\/wp-json\/wp\/v2\/media?parent=123832"}],"wp:term":[{"taxonomy":"product_brand","embeddable":true,"href":"https:\/\/gpl-love.com\/es\/wp-json\/wp\/v2\/product_brand?post=123832"},{"taxonomy":"product_cat","embeddable":true,"href":"https:\/\/gpl-love.com\/es\/wp-json\/wp\/v2\/product_cat?post=123832"},{"taxonomy":"product_tag","embeddable":true,"href":"https:\/\/gpl-love.com\/es\/wp-json\/wp\/v2\/product_tag?post=123832"}],"curies":[{"name":"wp","href":"https:\/\/api.w.org\/{rel}","templated":true}]}}