{"id":123830,"date":"2022-02-20T00:00:00","date_gmt":"2022-02-20T05:00:00","guid":{"rendered":"https:\/\/gpl-love.com\/es\/producto\/elmastudio-zeitreise-wordpress-theme\/"},"modified":"2026-03-13T17:20:21","modified_gmt":"2026-03-13T22:20:21","slug":"elmastudio-zeitreise-wordpress-theme","status":"publish","type":"product","link":"https:\/\/gpl-love.com\/es\/producto\/elmastudio-zeitreise-wordpress-theme\/","title":{"rendered":"ElmaStudio Zeitreise WordPress Theme 1.0.10"},"content":{"rendered":"<h3>ElmaStudio Zeitreise WordPress Theme Caracteristicas<\/h3>\n<p>El tema de WordPress Elmastudio Zeitreise, reconocido por su notable est\u00e9tica visual y su amplia personalizaci\u00f3n, est\u00e1 a prop\u00f3sito para capacitar a los usuarios para crear sin esfuerzo un sitio web que exude profesionalismo y elegancia. Con un dise\u00f1o minimalista e inmaculado, este tema sirve como una plataforma excepcional para mostrar su contenido, al tiempo que ofrece una variedad de opciones de personalizaci\u00f3n que facilitan la adaptaci\u00f3n perfecta de su sitio web para cumplir con sus especificaciones precisas. Complementado por su dise\u00f1o receptivo y su optimizaci\u00f3n integrada de SEO, el tema Elmastudio Zeitreise WordPress garantiza un sitio web visualmente cautivador que se adapta perfectamente a cualquier dispositivo, al tiempo que asegura una ubicaci\u00f3n destacada dentro de los resultados del motor de b\u00fasqueda. Independientemente de si se identifica como blogger, profesional independiente o propietario de negocios, este tema personifica una elecci\u00f3n ejemplar para las personas que buscan amalgamarse de belleza incomparable y funcionalidad impecable dentro de su sitio web.<\/p>\n<ul>\n<li>Dise\u00f1o receptivo que se adapta a todos los tama\u00f1os de pantalla<\/li>\n<li>Dise\u00f1o elegante y minimalista con \u00e1reas de contenido personalizables<\/li>\n<li>Admite al editor de Gutenberg y a los constructores de p\u00e1ginas como Elementor y Beaver Builder<\/li>\n<li>Amplia gama de opciones para la personalizaci\u00f3n de fuentes, colores y fondos<\/li>\n<li>Integraci\u00f3n de redes sociales incorporadas para f\u00e1cil compartir<\/li>\n<li>Opciones de navegaci\u00f3n m\u00faltiples, incluido el men\u00fa de hamburguesas y encabezado pegajoso<\/li>\n<li>Compatible con WooCommerce para crear una tienda en l\u00ednea<\/li>\n<li>Optimizado para SEO y velocidad, con c\u00f3digo limpio y tiempos de carga r\u00e1pidos<\/li>\n<li>Documentaci\u00f3n integral y excelente atenci\u00f3n al cliente ofrecida por Elmastudio<\/li>\n<\/ul>\n","protected":false},"excerpt":{"rendered":"<p>El tema de WordPress Elmastudio Zeitreise, conocido por su versatilidad y estilo, presenta a los usuarios la oportunidad de crear sitios web est\u00e9ticamente agradables y altamente funcionales en un corto per\u00edodo de tiempo. Con un dise\u00f1o vintage extraordinario y una variedad de opciones personalizables, este tema demuestra ser una opci\u00f3n ideal para blogueros, fot\u00f3grafos, artistas e individuos que anhelan establecer una presencia en l\u00ednea dominante. Con atributos f\u00e1ciles de usar, como un constructor de p\u00e1ginas de arrastrar y soltar y la conveniencia de instalaciones con un solo clic, el tema de WordPress Elmastudio Zeitreise agiliza el proceso de dise\u00f1ar un sitio web visualmente cautivador y receptivo que se distingue sin innegramente del descanso.<\/p>\n","protected":false},"featured_media":165970,"comment_status":"open","ping_status":"open","template":"","meta":[],"product_brand":[2439],"product_cat":[1267,1237,1238],"product_tag":[2253],"class_list":{"0":"post-123830","1":"product","2":"type-product","3":"status-publish","4":"has-post-thumbnail","6":"product_brand-elma-studio","7":"product_cat-creativo","8":"product_cat-temas","9":"product_cat-wordpress-temas","10":"product_tag-elma-studio","11":"member-discount","12":"discount-restricted","14":"first","15":"instock","16":"sale","17":"downloadable","18":"virtual","19":"sold-individually","20":"purchasable","21":"product-type-simple"},"_links":{"self":[{"href":"https:\/\/gpl-love.com\/es\/wp-json\/wp\/v2\/product\/123830","targetHints":{"allow":["GET"]}}],"collection":[{"href":"https:\/\/gpl-love.com\/es\/wp-json\/wp\/v2\/product"}],"about":[{"href":"https:\/\/gpl-love.com\/es\/wp-json\/wp\/v2\/types\/product"}],"replies":[{"embeddable":true,"href":"https:\/\/gpl-love.com\/es\/wp-json\/wp\/v2\/comments?post=123830"}],"wp:featuredmedia":[{"embeddable":true,"href":"https:\/\/gpl-love.com\/es\/wp-json\/wp\/v2\/media\/165970"}],"wp:attachment":[{"href":"https:\/\/gpl-love.com\/es\/wp-json\/wp\/v2\/media?parent=123830"}],"wp:term":[{"taxonomy":"product_brand","embeddable":true,"href":"https:\/\/gpl-love.com\/es\/wp-json\/wp\/v2\/product_brand?post=123830"},{"taxonomy":"product_cat","embeddable":true,"href":"https:\/\/gpl-love.com\/es\/wp-json\/wp\/v2\/product_cat?post=123830"},{"taxonomy":"product_tag","embeddable":true,"href":"https:\/\/gpl-love.com\/es\/wp-json\/wp\/v2\/product_tag?post=123830"}],"curies":[{"name":"wp","href":"https:\/\/api.w.org\/{rel}","templated":true}]}}