{"id":123828,"date":"2021-02-09T00:00:00","date_gmt":"2021-02-09T05:00:00","guid":{"rendered":"https:\/\/gpl-love.com\/es\/producto\/elmastudio-waipoua-wordpress-theme\/"},"modified":"2026-03-13T17:20:20","modified_gmt":"2026-03-13T22:20:20","slug":"elmastudio-waipoua-wordpress-theme","status":"publish","type":"product","link":"https:\/\/gpl-love.com\/es\/producto\/elmastudio-waipoua-wordpress-theme\/","title":{"rendered":"ElmaStudio Waipoua WordPress Theme 1.1.3"},"content":{"rendered":"<h3>ElmaStudio Waipoua WordPress Theme Caracteristicas<\/h3>\n<p>El tema de WordPress Elmastudio Waipoua, reconocido por su llamativo atractivo visual y su extensa personalizaci\u00f3n, ha sido meticulosamente elaborado para satisfacer las necesidades de bloggers, fot\u00f3grafos y profesionales creativos por igual. Ofreciendo una gran cantidad de posibilidades de dise\u00f1o, esquemas de color y opciones de tipograf\u00eda, este tema permite a los usuarios dise\u00f1ar un sitio web verdaderamente distintivo y refinado que refleje su estilo y personalidad idiosincr\u00e1ticos. Su dise\u00f1o elegante y contempor\u00e1neo se ha optimizado meticulosamente tanto para la optimizaci\u00f3n de motores de b\u00fasqueda (SEO) como para la capacidad de respuesta m\u00f3vil impecable, asegurando una experiencia de usuario sin problemas en todas las plataformas concebibles. Adem\u00e1s de eso, este tema extraordinario cuenta con una gran cantidad de caracter\u00edsticas inherentes, que incluyen una integraci\u00f3n de redes sociales perfectas, widgets personalizables y un panel de opciones de temas potentes, que facilitan colectivamente la gesti\u00f3n sin esfuerzo y la actualizaci\u00f3n peri\u00f3dica del contenido de su sitio web. En \u00faltima instancia, no se puede negar que el tema de WordPress de Elmastudio Waipoua es una elecci\u00f3n inigualable para las personas que aspiran a forjar una presencia en l\u00ednea verdaderamente profesional e impresionante.<\/p>\n<ul>\n<li>Tema de WordPress moderno y premium dise\u00f1ado para bloggers y creativadores<\/li>\n<li>El dise\u00f1o totalmente receptivo y amigable para los dispositivos m\u00f3viles asegura que su sitio web se vea genial en todos los dispositivos<\/li>\n<li>El constructor de p\u00e1ginas de arrastrar y soltar f\u00e1ciles de usar le permite crear dise\u00f1os \u00fanicos sin ning\u00fan conocimiento de codificaci\u00f3n<\/li>\n<li>Incluye m\u00faltiples dise\u00f1os de p\u00e1gina de inicio, publicaci\u00f3n y archivo para mostrar su contenido de varias maneras<\/li>\n<li>Optimizado para SEO e incluye soporte para opciones populares de intercambio de redes sociales<\/li>\n<li>Viene con formulario de contacto incorporado, formulario de suscripci\u00f3n al bolet\u00edn e integraci\u00f3n de WooCommerce para tiendas en l\u00ednea<\/li>\n<li>Esquemas de color personalizables y fuentes para que coincidan con su marca o estilo personal<\/li>\n<li>Actualizaciones regulares y excelente servicio al cliente del equipo Elmastudio<\/li>\n<\/ul>\n","protected":false},"excerpt":{"rendered":"<p>El tema de WordPress Elmastudio Waipoua, reconocido por su impresionante est\u00e9tica y adaptabilidad excepcional, es una elecci\u00f3n ejemplar para una variedad diversa de personas, incluidos bloggers, fot\u00f3grafos y profesionales. Su dise\u00f1o limpio y minimalista incomparable permite a los usuarios la capacidad de adaptar sin esfuerzo su sitio web para encarnar aut\u00e9nticamente su marca y personalidad \u00fanicas. Adem\u00e1s, este notable tema ofrece una gran cantidad de opciones de dise\u00f1o, widgets personalizados y una extensa variedad de esquemas de color cautivadores para atender las preferencias individuales. En particular, la capacidad de respuesta completa del tema garantiza una experiencia visual impecable en todos los dispositivos, solidificando as\u00ed su estado como la soluci\u00f3n definitiva para cualquier persona que busque exhibir su cartera o difundir su \u00faltima publicaci\u00f3n de blog.<\/p>\n","protected":false},"featured_media":165969,"comment_status":"open","ping_status":"open","template":"","meta":[],"product_brand":[2439],"product_cat":[1267,1237,1238],"product_tag":[2253],"class_list":{"0":"post-123828","1":"product","2":"type-product","3":"status-publish","4":"has-post-thumbnail","6":"product_brand-elma-studio","7":"product_cat-creativo","8":"product_cat-temas","9":"product_cat-wordpress-temas","10":"product_tag-elma-studio","11":"member-discount","12":"discount-restricted","14":"first","15":"instock","16":"sale","17":"downloadable","18":"virtual","19":"sold-individually","20":"purchasable","21":"product-type-simple"},"_links":{"self":[{"href":"https:\/\/gpl-love.com\/es\/wp-json\/wp\/v2\/product\/123828","targetHints":{"allow":["GET"]}}],"collection":[{"href":"https:\/\/gpl-love.com\/es\/wp-json\/wp\/v2\/product"}],"about":[{"href":"https:\/\/gpl-love.com\/es\/wp-json\/wp\/v2\/types\/product"}],"replies":[{"embeddable":true,"href":"https:\/\/gpl-love.com\/es\/wp-json\/wp\/v2\/comments?post=123828"}],"wp:featuredmedia":[{"embeddable":true,"href":"https:\/\/gpl-love.com\/es\/wp-json\/wp\/v2\/media\/165969"}],"wp:attachment":[{"href":"https:\/\/gpl-love.com\/es\/wp-json\/wp\/v2\/media?parent=123828"}],"wp:term":[{"taxonomy":"product_brand","embeddable":true,"href":"https:\/\/gpl-love.com\/es\/wp-json\/wp\/v2\/product_brand?post=123828"},{"taxonomy":"product_cat","embeddable":true,"href":"https:\/\/gpl-love.com\/es\/wp-json\/wp\/v2\/product_cat?post=123828"},{"taxonomy":"product_tag","embeddable":true,"href":"https:\/\/gpl-love.com\/es\/wp-json\/wp\/v2\/product_tag?post=123828"}],"curies":[{"name":"wp","href":"https:\/\/api.w.org\/{rel}","templated":true}]}}