{"id":123826,"date":"2022-02-20T00:00:00","date_gmt":"2022-02-20T05:00:00","guid":{"rendered":"https:\/\/gpl-love.com\/es\/producto\/elmastudio-uku-wordpress-theme\/"},"modified":"2026-03-13T17:20:19","modified_gmt":"2026-03-13T22:20:19","slug":"elmastudio-uku-wordpress-theme","status":"publish","type":"product","link":"https:\/\/gpl-love.com\/es\/producto\/elmastudio-uku-wordpress-theme\/","title":{"rendered":"ElmaStudio Uku WordPress Theme 1.4.1"},"content":{"rendered":"<h3>ElmaStudio Uku WordPress Theme Caracteristicas<\/h3>\n<p>El tema de WordPress Elmastudio Uku es una opci\u00f3n notable para las personas en busca de un dise\u00f1o elegante y contempor\u00e1neo, ya que cuenta con un dise\u00f1o minimalista hecho a medida para presentar su contenido, ya sea un blog personal o un sitio web corporativo. Este tema ofrece un tremendo grado de personalizaci\u00f3n, otorgando a los usuarios acceso a varias opciones de dise\u00f1o, esquemas de color y selecciones de fuentes. Adem\u00e1s, est\u00e1 optimizado para SEO, garantizando que su sitio logre una clasificaci\u00f3n encomiable en los motores de b\u00fasqueda. Con su interfaz f\u00e1cil de usar y f\u00e1cilmente navegable, el tema de UKU demuestra ser una excelente opci\u00f3n tanto para los novatos como para los usuarios experimentados de WordPress. Adem\u00e1s, su dise\u00f1o receptivo garantiza que su sitio mantenga su atractivo est\u00e9tico en todos los dispositivos, desde computadoras de escritorio hasta tel\u00e9fonos m\u00f3viles. En esencia, invertir en el tema de WordPress Elmastudio Uku es una excelente decisi\u00f3n para las personas que anhelan un sitio web pulido y sofisticado.<\/p>\n<ul>\n<li>El tema de WordPress Elmastudio Uku es un tema moderno y vers\u00e1til dise\u00f1ado para usar con sitios web de WordPress.<\/li>\n<li>Con un dise\u00f1o elegante y minimalista, es la opci\u00f3n perfecta para blogueros, escritores y creadores de contenido que desean hacer una declaraci\u00f3n con su sitio web.<\/li>\n<li>El tema incluye m\u00faltiples opciones de dise\u00f1o, widgets personalizables y una gama de fuentes y esquemas de color para elegir, lo que facilita la creaci\u00f3n de un sitio web \u00fanico y personalizado.<\/li>\n<li>El tema de WordPress de UKU es totalmente receptivo, lo que significa que su sitio web se ver\u00e1 genial y funcionar\u00e1 bien en cualquier dispositivo, ya sea un escritorio, una tableta o un tel\u00e9fono m\u00f3vil.<\/li>\n<li>El tema tambi\u00e9n incluye caracter\u00edsticas potentes como un c\u00f3digo amigable para SEO, encabezados y pies de p\u00e1gina personalizables, y soporte para complementos populares como WooCommerce y Jetpack.<\/li>\n<li>Dise\u00f1ado con facilidad de uso en mente, el tema de WordPress de Elmastudio Uku es f\u00e1cil de instalar y viene con documentaci\u00f3n extensa, atenci\u00f3n al cliente y actualizaciones peri\u00f3dicas para garantizar que su sitio web funcione sin problemas y de forma segura.<\/li>\n<li>Ya sea que est\u00e9 iniciando un nuevo blog, renovando su sitio web existente o creando una tienda de comercio electr\u00f3nico, el tema Elmastudio UKU WordPress ofrece una soluci\u00f3n poderosa y flexible que es perfecta para cualquier tipo de sitio web.<\/li>\n<\/ul>\n","protected":false},"excerpt":{"rendered":"<p>\u00bfEst\u00e1 buscando un tema de WordPress de primer nivel que pueda proporcionar a su sitio web una apariencia pulida y contempor\u00e1nea? Su b\u00fasqueda termina aqu\u00ed con el tema de WordPress Elmastudio Uku. Este tema excepcional cuenta con un dise\u00f1o elegante y ordenado, lo que lo convierte en una opci\u00f3n ideal para aquellos que desean simplicidad. Adem\u00e1s, el tema de UKU es totalmente receptivo, asegurando que su sitio web mantenga su impresionante est\u00e9tica y funcionalidad, independientemente del dispositivo en el que se vea. Adem\u00e1s, este tema est\u00e1 equipado con una amplia gama de opciones de personalizaci\u00f3n robustas, lo que le permite adaptar su sitio web para alinearse perfectamente con su visi\u00f3n. Adem\u00e1s, el proceso de instalaci\u00f3n y utilizaci\u00f3n del tema de WordPress Elmastudio Uku es muy f\u00e1cil, asegurando una experiencia sin problemas. Ya sea que su objetivo sea establecer un sitio de cartera cautivador o una tienda de comercio electr\u00f3nico atractiva, no busque m\u00e1s que el tema de WordPress Elmastudio Uku, ya que es inequ\u00edvocamente la opci\u00f3n \u00f3ptima para su pr\u00f3ximo proyecto web.<\/p>\n","protected":false},"featured_media":165968,"comment_status":"open","ping_status":"open","template":"","meta":[],"product_brand":[2439],"product_cat":[1267,1237,1238],"product_tag":[2253],"class_list":{"0":"post-123826","1":"product","2":"type-product","3":"status-publish","4":"has-post-thumbnail","6":"product_brand-elma-studio","7":"product_cat-creativo","8":"product_cat-temas","9":"product_cat-wordpress-temas","10":"product_tag-elma-studio","11":"member-discount","12":"discount-restricted","14":"first","15":"instock","16":"sale","17":"downloadable","18":"virtual","19":"sold-individually","20":"purchasable","21":"product-type-simple"},"_links":{"self":[{"href":"https:\/\/gpl-love.com\/es\/wp-json\/wp\/v2\/product\/123826","targetHints":{"allow":["GET"]}}],"collection":[{"href":"https:\/\/gpl-love.com\/es\/wp-json\/wp\/v2\/product"}],"about":[{"href":"https:\/\/gpl-love.com\/es\/wp-json\/wp\/v2\/types\/product"}],"replies":[{"embeddable":true,"href":"https:\/\/gpl-love.com\/es\/wp-json\/wp\/v2\/comments?post=123826"}],"wp:featuredmedia":[{"embeddable":true,"href":"https:\/\/gpl-love.com\/es\/wp-json\/wp\/v2\/media\/165968"}],"wp:attachment":[{"href":"https:\/\/gpl-love.com\/es\/wp-json\/wp\/v2\/media?parent=123826"}],"wp:term":[{"taxonomy":"product_brand","embeddable":true,"href":"https:\/\/gpl-love.com\/es\/wp-json\/wp\/v2\/product_brand?post=123826"},{"taxonomy":"product_cat","embeddable":true,"href":"https:\/\/gpl-love.com\/es\/wp-json\/wp\/v2\/product_cat?post=123826"},{"taxonomy":"product_tag","embeddable":true,"href":"https:\/\/gpl-love.com\/es\/wp-json\/wp\/v2\/product_tag?post=123826"}],"curies":[{"name":"wp","href":"https:\/\/api.w.org\/{rel}","templated":true}]}}