{"id":123824,"date":"2022-02-20T00:00:00","date_gmt":"2022-02-20T05:00:00","guid":{"rendered":"https:\/\/gpl-love.com\/es\/producto\/elmastudio-ubud-wordpress-theme\/"},"modified":"2026-03-13T17:20:19","modified_gmt":"2026-03-13T22:20:19","slug":"elmastudio-ubud-wordpress-theme","status":"publish","type":"product","link":"https:\/\/gpl-love.com\/es\/producto\/elmastudio-ubud-wordpress-theme\/","title":{"rendered":"ElmaStudio Ubud WordPress Theme 1.0.9"},"content":{"rendered":"<h3>ElmaStudio Ubud WordPress Theme Caracteristicas<\/h3>\n<p>El tema Elmastudio Ubud WordPress cuenta con un dise\u00f1o vers\u00e1til y visualmente impresionante, meticulosamente elaborado para mostrar su contenido de una manera exquisitamente elegante. Su \u00e9nfasis en el minimalismo y la est\u00e9tica limpia lo convierten en una opci\u00f3n impecable para una variedad de usuarios, incluidos blogueros, trabajadores independientes, creativos y negocios por igual. Adem\u00e1s, este tema es totalmente receptivo, asegurando que su sitio web conserve su esplendor independientemente del dispositivo desde el que se acceda. Adem\u00e1s, se ha optimizado para la optimizaci\u00f3n de motores de b\u00fasqueda (SEO), facilitando una clasificaci\u00f3n m\u00e1s alta en los resultados de b\u00fasqueda y aumentando su potencial para atraer tr\u00e1fico org\u00e1nico. La personalizaci\u00f3n es muy f\u00e1cil con el personalizador de temas f\u00e1cil de usar, que permite modificaciones sin esfuerzo a colores, fuentes y dise\u00f1os para adaptarse a sus preferencias \u00fanicas. Adem\u00e1s de eso, el tema ofrece una variedad de formatos de publicaci\u00f3n, que van desde galer\u00edas cautivadoras hasta videos convincentes y citas inspiradoras, permitiendo as\u00ed la creaci\u00f3n sin esfuerzo de contenido atractivo y din\u00e1mico. Al adherirse firmemente a los principios de simplicidad y funcionalidad, el tema Elmastudio Ubud WordPress surge como el ep\u00edtome del dise\u00f1o contempor\u00e1neo y profesional de sitios web, lo que lo convierte en una elecci\u00f3n convincente para las personas astutas en busca de un sitio web que realmente se destaca.<\/p>\n<ul>\n<li>Un tema de WordPress elegante y moderno con un dise\u00f1o minimalista<\/li>\n<li>Soporte incorporado para complementos populares como Jetpack y WooCommerce<\/li>\n<li>M\u00faltiples plantillas de p\u00e1gina disponibles para mostrar su contenido de diferentes maneras<\/li>\n<li>\u00c1reas personalizables de encabezado y pie de p\u00e1gina para agregar su propio toque personal a su sitio web<\/li>\n<li>El dise\u00f1o receptivo garantiza que su sitio web se vea muy bien en cualquier dispositivo<\/li>\n<li>El contenido de demostraci\u00f3n incluido y la instalaci\u00f3n de un solo clic hacen que la configuraci\u00f3n sea r\u00e1pida y f\u00e1cil<\/li>\n<li>SEO optimizado para ayudar a aumentar la visibilidad y atraer m\u00e1s visitantes a su sitio web<\/li>\n<li>Actualizaciones regulares y atenci\u00f3n al cliente proporcionadas por el equipo de Elmastudio<\/li>\n<\/ul>\n","protected":false},"excerpt":{"rendered":"<p>El tema Elmastudio Ubud WordPress, con su dise\u00f1o exquisitamente elaborado que combina sin problemas la simplicidad y la elegancia, es una obra maestra absoluta. Con un dise\u00f1o pr\u00edstino y un dise\u00f1o incre\u00edblemente receptivo, este tema es un regalo del cielo absoluto tanto para los bloggers como para los propietarios de peque\u00f1as empresas que anhelan exhibir su contenido de una manera verdaderamente contempor\u00e1nea y profesional. Empacados hasta el borde con una variedad de opciones de personalizaci\u00f3n que incluyen, pero no se limitan a esquemas de color, im\u00e1genes de encabezado y opciones de fuentes, este tema le otorga la capacidad incomparable de adaptar el dise\u00f1o para adaptarse perfectamente a sus necesidades \u00fanicas y espec\u00edficas. Sin mencionar que el proceso de instalaci\u00f3n es una brisa absoluta, y el tema incluso viene completo con una documentaci\u00f3n meticulosamente detallada que garantiza una configuraci\u00f3n sin problemas sin problemas. En general, el tema de WordPress de Elmastudio Ubud, sin duda, reina como la mejor opci\u00f3n para aquellos en busca de un tema de WordPress visualmente impresionante y supremamente funcional.<\/p>\n","protected":false},"featured_media":165967,"comment_status":"open","ping_status":"open","template":"","meta":[],"product_brand":[2439],"product_cat":[1267,1237,1238],"product_tag":[2253],"class_list":{"0":"post-123824","1":"product","2":"type-product","3":"status-publish","4":"has-post-thumbnail","6":"product_brand-elma-studio","7":"product_cat-creativo","8":"product_cat-temas","9":"product_cat-wordpress-temas","10":"product_tag-elma-studio","11":"member-discount","12":"discount-restricted","14":"first","15":"instock","16":"sale","17":"downloadable","18":"virtual","19":"sold-individually","20":"purchasable","21":"product-type-simple"},"_links":{"self":[{"href":"https:\/\/gpl-love.com\/es\/wp-json\/wp\/v2\/product\/123824","targetHints":{"allow":["GET"]}}],"collection":[{"href":"https:\/\/gpl-love.com\/es\/wp-json\/wp\/v2\/product"}],"about":[{"href":"https:\/\/gpl-love.com\/es\/wp-json\/wp\/v2\/types\/product"}],"replies":[{"embeddable":true,"href":"https:\/\/gpl-love.com\/es\/wp-json\/wp\/v2\/comments?post=123824"}],"wp:featuredmedia":[{"embeddable":true,"href":"https:\/\/gpl-love.com\/es\/wp-json\/wp\/v2\/media\/165967"}],"wp:attachment":[{"href":"https:\/\/gpl-love.com\/es\/wp-json\/wp\/v2\/media?parent=123824"}],"wp:term":[{"taxonomy":"product_brand","embeddable":true,"href":"https:\/\/gpl-love.com\/es\/wp-json\/wp\/v2\/product_brand?post=123824"},{"taxonomy":"product_cat","embeddable":true,"href":"https:\/\/gpl-love.com\/es\/wp-json\/wp\/v2\/product_cat?post=123824"},{"taxonomy":"product_tag","embeddable":true,"href":"https:\/\/gpl-love.com\/es\/wp-json\/wp\/v2\/product_tag?post=123824"}],"curies":[{"name":"wp","href":"https:\/\/api.w.org\/{rel}","templated":true}]}}