{"id":123822,"date":"2021-02-09T00:00:00","date_gmt":"2021-02-09T05:00:00","guid":{"rendered":"https:\/\/gpl-love.com\/es\/producto\/elmastudio-tatami-wordpress-theme\/"},"modified":"2026-03-13T17:20:18","modified_gmt":"2026-03-13T22:20:18","slug":"elmastudio-tatami-wordpress-theme","status":"publish","type":"product","link":"https:\/\/gpl-love.com\/es\/producto\/elmastudio-tatami-wordpress-theme\/","title":{"rendered":"ElmaStudio Tatami WordPress Theme 1.0.9"},"content":{"rendered":"<h3>ElmaStudio Tatami WordPress Theme Caracteristicas<\/h3>\n<p>El tema Tatami WordPress, desarrollado por Elmastudio, es un tema altamente vers\u00e1til y contempor\u00e1neo que cuenta con un dise\u00f1o elegante y despejado, lo que lo convierte en una opci\u00f3n ideal para individuos o empresas que buscan un sitio web visualmente atractivo y f\u00e1cil de usar. El dise\u00f1o receptivo de este tema garantiza que su sitio se adapte a la perfecci\u00f3n a varios dispositivos, mientras que su p\u00e1gina de inicio personalizable y su amplia variedad de opciones para modificar los colores, las fuentes y los dise\u00f1os de su sitio le permiten crear una presencia en l\u00ednea verdaderamente personalizada. Adem\u00e1s, los usuarios del tema de Tatami WordPress obtienen acceso a una amplia gama de caracter\u00edsticas y recursos, incluido el soporte de primer nivel del equipo de Elmastudio experto y una gu\u00eda de documentaci\u00f3n en profundidad que lo ayudar\u00e1 a comenzar. Sin lugar a dudas, Tatami es una excelente opci\u00f3n para aquellos en busca de una soluci\u00f3n directa pero sofisticada para su sitio de WordPress.<\/p>\n<ul>\n<li>Dise\u00f1o de blog limpio y minimalista con un enfoque en la tipograf\u00eda y el espacio en blanco.<\/li>\n<li>Dise\u00f1o receptivo optimizado para todos los dispositivos, incluidos los dispositivos m\u00f3viles y la tableta.<\/li>\n<li>Esquemas de color personalizables e integraci\u00f3n de Google Fonts para marca personalizada.<\/li>\n<li>Post Slider y formatos de publicaci\u00f3n para exhibir contenido de maneras \u00fanicas.<\/li>\n<li>Traducci\u00f3n y soporte de idiomas RTL para audiencias internacionales.<\/li>\n<li>Optimizaci\u00f3n de SEO para mejorar la visibilidad del motor de b\u00fasqueda.<\/li>\n<li>Soporte para complementos populares de WordPress, incluidos Jetpack y WooCommerce.<\/li>\n<li>Opciones de configuraci\u00f3n f\u00e1cil y personalizaci\u00f3n intuitiva con el panel de opciones de tema incluidos.<\/li>\n<li>Actualizaciones de por vida y apoyo dedicado del equipo Elmastudio.<\/li>\n<\/ul>\n","protected":false},"excerpt":{"rendered":"<p>Elmastudio Tatami es un tema ejemplar de WordPress que se adhiere a una est\u00e9tica minimalista y limpia, lo que lo convierte en una opci\u00f3n impecable para las personas en los \u00e1mbitos de los blogs, la fotograf\u00eda y las profesiones creativas por igual. Con un dise\u00f1o notablemente elegante, este tema est\u00e1 equipado con capacidades de capacidad de respuesta y personalizaci\u00f3n completa, lo que permite a los usuarios adaptar su presencia en l\u00ednea de acuerdo con sus preferencias. Adem\u00e1s, Tatami ofrece una variedad de opciones, incluidas tres alternativas de p\u00e1gina de inicio distintas y numerosas plantillas de p\u00e1gina, otorgando as\u00ed a los usuarios una amplia gama de opciones. Al aprovechar el poder de Tatami, uno puede exhibir sin esfuerzo su contenido de una manera visualmente impresionante y sin precedentes, estableci\u00e9ndose as\u00ed como una entidad en l\u00ednea prominente capaz de hacer una declaraci\u00f3n rotunda.<\/p>\n","protected":false},"featured_media":165966,"comment_status":"open","ping_status":"open","template":"","meta":[],"product_brand":[2439],"product_cat":[1267,1237,1238],"product_tag":[2253],"class_list":{"0":"post-123822","1":"product","2":"type-product","3":"status-publish","4":"has-post-thumbnail","6":"product_brand-elma-studio","7":"product_cat-creativo","8":"product_cat-temas","9":"product_cat-wordpress-temas","10":"product_tag-elma-studio","11":"member-discount","12":"discount-restricted","14":"first","15":"instock","16":"sale","17":"downloadable","18":"virtual","19":"sold-individually","20":"purchasable","21":"product-type-simple"},"_links":{"self":[{"href":"https:\/\/gpl-love.com\/es\/wp-json\/wp\/v2\/product\/123822","targetHints":{"allow":["GET"]}}],"collection":[{"href":"https:\/\/gpl-love.com\/es\/wp-json\/wp\/v2\/product"}],"about":[{"href":"https:\/\/gpl-love.com\/es\/wp-json\/wp\/v2\/types\/product"}],"replies":[{"embeddable":true,"href":"https:\/\/gpl-love.com\/es\/wp-json\/wp\/v2\/comments?post=123822"}],"wp:featuredmedia":[{"embeddable":true,"href":"https:\/\/gpl-love.com\/es\/wp-json\/wp\/v2\/media\/165966"}],"wp:attachment":[{"href":"https:\/\/gpl-love.com\/es\/wp-json\/wp\/v2\/media?parent=123822"}],"wp:term":[{"taxonomy":"product_brand","embeddable":true,"href":"https:\/\/gpl-love.com\/es\/wp-json\/wp\/v2\/product_brand?post=123822"},{"taxonomy":"product_cat","embeddable":true,"href":"https:\/\/gpl-love.com\/es\/wp-json\/wp\/v2\/product_cat?post=123822"},{"taxonomy":"product_tag","embeddable":true,"href":"https:\/\/gpl-love.com\/es\/wp-json\/wp\/v2\/product_tag?post=123822"}],"curies":[{"name":"wp","href":"https:\/\/api.w.org\/{rel}","templated":true}]}}